{"id":92,"date":"2021-11-13T11:51:58","date_gmt":"2021-11-13T16:51:58","guid":{"rendered":"https:\/\/hosting1.dsbmobile.com\/representaciones-quimicas\/product\/hidroxipropilmetil-celulosa-hpmc-ginshicel\/"},"modified":"2021-12-15T23:28:24","modified_gmt":"2021-12-16T04:28:24","slug":"hidroxipropilmetil-celulosa-hpmc-ginshicel","status":"publish","type":"product","link":"https:\/\/unitrade.pe\/representaciones-quimicas\/product\/hidroxipropilmetil-celulosa-hpmc-ginshicel\/","title":{"rendered":"Hidroxipropilmetil celulosa (HPMC) &#8211; Ginshicel"},"content":{"rendered":"","protected":false},"excerpt":{"rendered":"<p><span data-contrast=\"none\">Ofrecen\u00a0un\u00a0excelente\u00a0desempe\u00f1o,\u00a0f\u00e1cil\u00a0dispersi\u00f3n\u00a0y\u00a0estabilidad\u00a0en\u00a0tus\u00a0formulaciones.<\/span><span data-ccp-props=\"{&quot;201341983&quot;:0,&quot;335559740&quot;:259}\">\u00a0<\/span><\/p>\n<p><span data-contrast=\"none\">Contamos\u00a0con\u00a0grados\u00a0especiales\u00a0como\u00a0los de\u00a0humectaci\u00f3n\u00a0retardada\u00a0para\u00a0su\u00a0uso\u00a0en\u00a0pinturas\u00a0l\u00e1tex\u00a0y\u00a0adhesivos, y los\u00a0aditivados\u00a0para\u00a0pegamentos\u00a0de\u00a0may\u00f3lica\u00a0y\u00a0fraguas.\u00a0Disponibles\u00a0en\u00a0diferentes\u00a0rangos\u00a0de\u00a0viscosidad.\u00a0\u00a0\u00a0<\/span><span data-ccp-props=\"{&quot;201341983&quot;:0,&quot;335559740&quot;:259}\">\u00a0<\/span><\/p>\n<p><a href=\"http:\/\/www.haishenchem.com\/about_en.html\"><img loading=\"lazy\" decoding=\"async\" class=\"alignnone size-medium wp-image-229\" src=\"https:\/\/unitrade.pe\/representaciones-quimicas\/wp-content\/uploads\/sites\/3\/2021\/11\/ginshicel-300x300.png\" alt=\"\" width=\"300\" height=\"300\" srcset=\"https:\/\/unitrade.pe\/representaciones-quimicas\/wp-content\/uploads\/sites\/3\/2021\/11\/ginshicel-300x300.png 300w, https:\/\/unitrade.pe\/representaciones-quimicas\/wp-content\/uploads\/sites\/3\/2021\/11\/ginshicel-150x150.png 150w, https:\/\/unitrade.pe\/representaciones-quimicas\/wp-content\/uploads\/sites\/3\/2021\/11\/ginshicel-100x100.png 100w, https:\/\/unitrade.pe\/representaciones-quimicas\/wp-content\/uploads\/sites\/3\/2021\/11\/ginshicel.png 423w\" sizes=\"auto, (max-width: 300px) 100vw, 300px\" \/><\/a> [&#8230;]<\/p>\n<p><a class=\"btn btn-secondary understrap-read-more-link\" href=\"https:\/\/unitrade.pe\/representaciones-quimicas\/product\/hidroxipropilmetil-celulosa-hpmc-ginshicel\/\">Read More&#8230;<\/a><\/p>\n","protected":false},"featured_media":298,"template":"","meta":[],"product_brand":[],"product_cat":[27],"product_tag":[],"class_list":{"0":"post-92","1":"product","2":"type-product","3":"status-publish","4":"has-post-thumbnail","6":"product_cat-espesantes","8":"first","9":"instock","10":"shipping-taxable","11":"product-type-simple"},"yoast_head":"<!-- This site is optimized with the Yoast SEO plugin v24.3 - https:\/\/yoast.com\/wordpress\/plugins\/seo\/ -->\n<title>Hidroxipropilmetil celulosa (HPMC) - Ginshicel - Representaciones Qu\u00edmicas<\/title>\n<meta name=\"description\" content=\"Ofrecen un excelente desempe\u00f1o, f\u00e1cil dispersi\u00f3n y estabilidad en tus formulaciones. Contamos con grados especiales como los de humectaci\u00f3n retardada para su uso en pinturas l\u00e1tex y adhesivos, y los aditivados para pegamentos de may\u00f3lica y fraguas. Disponibles en diferentes rangos de viscosidad.\" \/>\n<meta name=\"robots\" content=\"index, follow, max-snippet:-1, max-image-preview:large, max-video-preview:-1\" \/>\n<link rel=\"canonical\" href=\"https:\/\/unitrade.pe\/representaciones-quimicas\/product\/hidroxipropilmetil-celulosa-hpmc-ginshicel\/\" \/>\n<meta property=\"og:locale\" content=\"es_ES\" \/>\n<meta property=\"og:type\" content=\"article\" \/>\n<meta property=\"og:title\" content=\"Hidroxipropilmetil celulosa (HPMC) - Ginshicel - Representaciones Qu\u00edmicas\" \/>\n<meta property=\"og:description\" content=\"Ofrecen un excelente desempe\u00f1o, f\u00e1cil dispersi\u00f3n y estabilidad en tus formulaciones. Contamos con grados especiales como los de humectaci\u00f3n retardada para su uso en pinturas l\u00e1tex y adhesivos, y los aditivados para pegamentos de may\u00f3lica y fraguas. Disponibles en diferentes rangos de viscosidad.\" \/>\n<meta property=\"og:url\" content=\"https:\/\/unitrade.pe\/representaciones-quimicas\/product\/hidroxipropilmetil-celulosa-hpmc-ginshicel\/\" \/>\n<meta property=\"og:site_name\" content=\"Representaciones Qu\u00edmicas\" \/>\n<meta property=\"article:modified_time\" content=\"2021-12-16T04:28:24+00:00\" \/>\n<meta property=\"og:image\" content=\"https:\/\/unitrade.pe\/representaciones-quimicas\/wp-content\/uploads\/sites\/3\/2021\/11\/Espesante-celulosa.jpg\" \/>\n\t<meta property=\"og:image:width\" content=\"500\" \/>\n\t<meta property=\"og:image:height\" content=\"500\" \/>\n\t<meta property=\"og:image:type\" content=\"image\/jpeg\" \/>\n<meta name=\"twitter:card\" content=\"summary_large_image\" \/>\n<script type=\"application\/ld+json\" class=\"yoast-schema-graph\">{\"@context\":\"https:\/\/schema.org\",\"@graph\":[{\"@type\":\"WebPage\",\"@id\":\"https:\/\/unitrade.pe\/representaciones-quimicas\/product\/hidroxipropilmetil-celulosa-hpmc-ginshicel\/\",\"url\":\"https:\/\/unitrade.pe\/representaciones-quimicas\/product\/hidroxipropilmetil-celulosa-hpmc-ginshicel\/\",\"name\":\"Hidroxipropilmetil celulosa (HPMC) - Ginshicel - Representaciones Qu\u00edmicas\",\"isPartOf\":{\"@id\":\"https:\/\/unitrade.pe\/representaciones-quimicas\/#website\"},\"primaryImageOfPage\":{\"@id\":\"https:\/\/unitrade.pe\/representaciones-quimicas\/product\/hidroxipropilmetil-celulosa-hpmc-ginshicel\/#primaryimage\"},\"image\":{\"@id\":\"https:\/\/unitrade.pe\/representaciones-quimicas\/product\/hidroxipropilmetil-celulosa-hpmc-ginshicel\/#primaryimage\"},\"thumbnailUrl\":\"https:\/\/unitrade.pe\/representaciones-quimicas\/wp-content\/uploads\/sites\/3\/2021\/11\/Espesante-celulosa.jpg\",\"datePublished\":\"2021-11-13T16:51:58+00:00\",\"dateModified\":\"2021-12-16T04:28:24+00:00\",\"description\":\"Ofrecen un excelente desempe\u00f1o, f\u00e1cil dispersi\u00f3n y estabilidad en tus formulaciones. Contamos con grados especiales como los de humectaci\u00f3n retardada para su uso en pinturas l\u00e1tex y adhesivos, y los aditivados para pegamentos de may\u00f3lica y fraguas. Disponibles en diferentes rangos de viscosidad.\",\"breadcrumb\":{\"@id\":\"https:\/\/unitrade.pe\/representaciones-quimicas\/product\/hidroxipropilmetil-celulosa-hpmc-ginshicel\/#breadcrumb\"},\"inLanguage\":\"es-PE\",\"potentialAction\":[{\"@type\":\"ReadAction\",\"target\":[\"https:\/\/unitrade.pe\/representaciones-quimicas\/product\/hidroxipropilmetil-celulosa-hpmc-ginshicel\/\"]}]},{\"@type\":\"ImageObject\",\"inLanguage\":\"es-PE\",\"@id\":\"https:\/\/unitrade.pe\/representaciones-quimicas\/product\/hidroxipropilmetil-celulosa-hpmc-ginshicel\/#primaryimage\",\"url\":\"https:\/\/unitrade.pe\/representaciones-quimicas\/wp-content\/uploads\/sites\/3\/2021\/11\/Espesante-celulosa.jpg\",\"contentUrl\":\"https:\/\/unitrade.pe\/representaciones-quimicas\/wp-content\/uploads\/sites\/3\/2021\/11\/Espesante-celulosa.jpg\",\"width\":500,\"height\":500},{\"@type\":\"BreadcrumbList\",\"@id\":\"https:\/\/unitrade.pe\/representaciones-quimicas\/product\/hidroxipropilmetil-celulosa-hpmc-ginshicel\/#breadcrumb\",\"itemListElement\":[{\"@type\":\"ListItem\",\"position\":1,\"name\":\"Portada\",\"item\":\"https:\/\/unitrade.pe\/representaciones-quimicas\/\"},{\"@type\":\"ListItem\",\"position\":2,\"name\":\"Productos\",\"item\":\"https:\/\/unitrade.pe\/representaciones-quimicas\/shop\/\"},{\"@type\":\"ListItem\",\"position\":3,\"name\":\"Hidroxipropilmetil celulosa (HPMC) &#8211; Ginshicel\"}]},{\"@type\":\"WebSite\",\"@id\":\"https:\/\/unitrade.pe\/representaciones-quimicas\/#website\",\"url\":\"https:\/\/unitrade.pe\/representaciones-quimicas\/\",\"name\":\"Representaciones Qu\u00edmicas\",\"description\":\"\",\"publisher\":{\"@id\":\"https:\/\/unitrade.pe\/representaciones-quimicas\/#organization\"},\"potentialAction\":[{\"@type\":\"SearchAction\",\"target\":{\"@type\":\"EntryPoint\",\"urlTemplate\":\"https:\/\/unitrade.pe\/representaciones-quimicas\/?s={search_term_string}\"},\"query-input\":{\"@type\":\"PropertyValueSpecification\",\"valueRequired\":true,\"valueName\":\"search_term_string\"}}],\"inLanguage\":\"es-PE\"},{\"@type\":\"Organization\",\"@id\":\"https:\/\/unitrade.pe\/representaciones-quimicas\/#organization\",\"name\":\"Representaciones Qu\u00edmicas\",\"url\":\"https:\/\/unitrade.pe\/representaciones-quimicas\/\",\"logo\":{\"@type\":\"ImageObject\",\"inLanguage\":\"es-PE\",\"@id\":\"https:\/\/unitrade.pe\/representaciones-quimicas\/#\/schema\/logo\/image\/\",\"url\":\"https:\/\/unitrade.pe\/representaciones-quimicas\/wp-content\/uploads\/sites\/3\/2021\/11\/logo-representaciones-quimicas.svg\",\"contentUrl\":\"https:\/\/unitrade.pe\/representaciones-quimicas\/wp-content\/uploads\/sites\/3\/2021\/11\/logo-representaciones-quimicas.svg\",\"caption\":\"Representaciones Qu\u00edmicas\"},\"image\":{\"@id\":\"https:\/\/unitrade.pe\/representaciones-quimicas\/#\/schema\/logo\/image\/\"}}]}<\/script>\n<!-- \/ Yoast SEO plugin. -->","yoast_head_json":{"title":"Hidroxipropilmetil celulosa (HPMC) - Ginshicel - Representaciones Qu\u00edmicas","description":"Ofrecen un excelente desempe\u00f1o, f\u00e1cil dispersi\u00f3n y estabilidad en tus formulaciones. Contamos con grados especiales como los de humectaci\u00f3n retardada para su uso en pinturas l\u00e1tex y adhesivos, y los aditivados para pegamentos de may\u00f3lica y fraguas. Disponibles en diferentes rangos de viscosidad.","robots":{"index":"index","follow":"follow","max-snippet":"max-snippet:-1","max-image-preview":"max-image-preview:large","max-video-preview":"max-video-preview:-1"},"canonical":"https:\/\/unitrade.pe\/representaciones-quimicas\/product\/hidroxipropilmetil-celulosa-hpmc-ginshicel\/","og_locale":"es_ES","og_type":"article","og_title":"Hidroxipropilmetil celulosa (HPMC) - Ginshicel - Representaciones Qu\u00edmicas","og_description":"Ofrecen un excelente desempe\u00f1o, f\u00e1cil dispersi\u00f3n y estabilidad en tus formulaciones. Contamos con grados especiales como los de humectaci\u00f3n retardada para su uso en pinturas l\u00e1tex y adhesivos, y los aditivados para pegamentos de may\u00f3lica y fraguas. Disponibles en diferentes rangos de viscosidad.","og_url":"https:\/\/unitrade.pe\/representaciones-quimicas\/product\/hidroxipropilmetil-celulosa-hpmc-ginshicel\/","og_site_name":"Representaciones Qu\u00edmicas","article_modified_time":"2021-12-16T04:28:24+00:00","og_image":[{"width":500,"height":500,"url":"https:\/\/unitrade.pe\/representaciones-quimicas\/wp-content\/uploads\/sites\/3\/2021\/11\/Espesante-celulosa.jpg","type":"image\/jpeg"}],"twitter_card":"summary_large_image","schema":{"@context":"https:\/\/schema.org","@graph":[{"@type":"WebPage","@id":"https:\/\/unitrade.pe\/representaciones-quimicas\/product\/hidroxipropilmetil-celulosa-hpmc-ginshicel\/","url":"https:\/\/unitrade.pe\/representaciones-quimicas\/product\/hidroxipropilmetil-celulosa-hpmc-ginshicel\/","name":"Hidroxipropilmetil celulosa (HPMC) - Ginshicel - Representaciones Qu\u00edmicas","isPartOf":{"@id":"https:\/\/unitrade.pe\/representaciones-quimicas\/#website"},"primaryImageOfPage":{"@id":"https:\/\/unitrade.pe\/representaciones-quimicas\/product\/hidroxipropilmetil-celulosa-hpmc-ginshicel\/#primaryimage"},"image":{"@id":"https:\/\/unitrade.pe\/representaciones-quimicas\/product\/hidroxipropilmetil-celulosa-hpmc-ginshicel\/#primaryimage"},"thumbnailUrl":"https:\/\/unitrade.pe\/representaciones-quimicas\/wp-content\/uploads\/sites\/3\/2021\/11\/Espesante-celulosa.jpg","datePublished":"2021-11-13T16:51:58+00:00","dateModified":"2021-12-16T04:28:24+00:00","description":"Ofrecen un excelente desempe\u00f1o, f\u00e1cil dispersi\u00f3n y estabilidad en tus formulaciones. Contamos con grados especiales como los de humectaci\u00f3n retardada para su uso en pinturas l\u00e1tex y adhesivos, y los aditivados para pegamentos de may\u00f3lica y fraguas. Disponibles en diferentes rangos de viscosidad.","breadcrumb":{"@id":"https:\/\/unitrade.pe\/representaciones-quimicas\/product\/hidroxipropilmetil-celulosa-hpmc-ginshicel\/#breadcrumb"},"inLanguage":"es-PE","potentialAction":[{"@type":"ReadAction","target":["https:\/\/unitrade.pe\/representaciones-quimicas\/product\/hidroxipropilmetil-celulosa-hpmc-ginshicel\/"]}]},{"@type":"ImageObject","inLanguage":"es-PE","@id":"https:\/\/unitrade.pe\/representaciones-quimicas\/product\/hidroxipropilmetil-celulosa-hpmc-ginshicel\/#primaryimage","url":"https:\/\/unitrade.pe\/representaciones-quimicas\/wp-content\/uploads\/sites\/3\/2021\/11\/Espesante-celulosa.jpg","contentUrl":"https:\/\/unitrade.pe\/representaciones-quimicas\/wp-content\/uploads\/sites\/3\/2021\/11\/Espesante-celulosa.jpg","width":500,"height":500},{"@type":"BreadcrumbList","@id":"https:\/\/unitrade.pe\/representaciones-quimicas\/product\/hidroxipropilmetil-celulosa-hpmc-ginshicel\/#breadcrumb","itemListElement":[{"@type":"ListItem","position":1,"name":"Portada","item":"https:\/\/unitrade.pe\/representaciones-quimicas\/"},{"@type":"ListItem","position":2,"name":"Productos","item":"https:\/\/unitrade.pe\/representaciones-quimicas\/shop\/"},{"@type":"ListItem","position":3,"name":"Hidroxipropilmetil celulosa (HPMC) &#8211; Ginshicel"}]},{"@type":"WebSite","@id":"https:\/\/unitrade.pe\/representaciones-quimicas\/#website","url":"https:\/\/unitrade.pe\/representaciones-quimicas\/","name":"Representaciones Qu\u00edmicas","description":"","publisher":{"@id":"https:\/\/unitrade.pe\/representaciones-quimicas\/#organization"},"potentialAction":[{"@type":"SearchAction","target":{"@type":"EntryPoint","urlTemplate":"https:\/\/unitrade.pe\/representaciones-quimicas\/?s={search_term_string}"},"query-input":{"@type":"PropertyValueSpecification","valueRequired":true,"valueName":"search_term_string"}}],"inLanguage":"es-PE"},{"@type":"Organization","@id":"https:\/\/unitrade.pe\/representaciones-quimicas\/#organization","name":"Representaciones Qu\u00edmicas","url":"https:\/\/unitrade.pe\/representaciones-quimicas\/","logo":{"@type":"ImageObject","inLanguage":"es-PE","@id":"https:\/\/unitrade.pe\/representaciones-quimicas\/#\/schema\/logo\/image\/","url":"https:\/\/unitrade.pe\/representaciones-quimicas\/wp-content\/uploads\/sites\/3\/2021\/11\/logo-representaciones-quimicas.svg","contentUrl":"https:\/\/unitrade.pe\/representaciones-quimicas\/wp-content\/uploads\/sites\/3\/2021\/11\/logo-representaciones-quimicas.svg","caption":"Representaciones Qu\u00edmicas"},"image":{"@id":"https:\/\/unitrade.pe\/representaciones-quimicas\/#\/schema\/logo\/image\/"}}]}},"_links":{"self":[{"href":"https:\/\/unitrade.pe\/representaciones-quimicas\/wp-json\/wp\/v2\/product\/92","targetHints":{"allow":["GET"]}}],"collection":[{"href":"https:\/\/unitrade.pe\/representaciones-quimicas\/wp-json\/wp\/v2\/product"}],"about":[{"href":"https:\/\/unitrade.pe\/representaciones-quimicas\/wp-json\/wp\/v2\/types\/product"}],"wp:featuredmedia":[{"embeddable":true,"href":"https:\/\/unitrade.pe\/representaciones-quimicas\/wp-json\/wp\/v2\/media\/298"}],"wp:attachment":[{"href":"https:\/\/unitrade.pe\/representaciones-quimicas\/wp-json\/wp\/v2\/media?parent=92"}],"wp:term":[{"taxonomy":"product_brand","embeddable":true,"href":"https:\/\/unitrade.pe\/representaciones-quimicas\/wp-json\/wp\/v2\/product_brand?post=92"},{"taxonomy":"product_cat","embeddable":true,"href":"https:\/\/unitrade.pe\/representaciones-quimicas\/wp-json\/wp\/v2\/product_cat?post=92"},{"taxonomy":"product_tag","embeddable":true,"href":"https:\/\/unitrade.pe\/representaciones-quimicas\/wp-json\/wp\/v2\/product_tag?post=92"}],"curies":[{"name":"wp","href":"https:\/\/api.w.org\/{rel}","templated":true}]}}