{"id":91,"date":"2021-11-13T11:51:58","date_gmt":"2021-11-13T16:51:58","guid":{"rendered":"https:\/\/hosting1.dsbmobile.com\/representaciones-quimicas\/product\/extendedores-para-base-agua-imerys\/"},"modified":"2021-12-15T23:27:54","modified_gmt":"2021-12-16T04:27:54","slug":"extendedores-para-base-agua-imerys","status":"publish","type":"product","link":"https:\/\/unitrade.pe\/representaciones-quimicas\/product\/extendedores-para-base-agua-imerys\/","title":{"rendered":"Extendedores para base agua &#8211; Imerys"},"content":{"rendered":"","protected":false},"excerpt":{"rendered":"<p><span data-contrast=\"none\">Ofrecen la posibilidad de reducir una importante dosificaci\u00f3n de di\u00f3xido de titanio en las formulaciones, sin afectar el poder cubriente y nivel blancura de tus pinturas y tintas de impresi\u00f3n.\u00a0<\/span><span data-ccp-props=\"{&quot;201341983&quot;:0,&quot;335559740&quot;:259}\">\u00a0<\/span><\/p>\n<p><span data-contrast=\"none\">Para sistemas en base agua y acabados mate recomendamos\u00a0Neogen\u00a02000, mientras que para acabados satinados en base agua y acabados de mayor brillo en base solvente,\u00a0Hydrite\u00a0UF-90.<\/span><span data-ccp-props=\"{&quot;201341983&quot;:0,&quot;335559740&quot;:259}\">\u00a0<\/span><\/p>\n<p><a href=\"https:\/\/www.imerys.com\/\"><img loading=\"lazy\" decoding=\"async\" class=\"alignnone size-medium wp-image-227\" src=\"https:\/\/unitrade.pe\/representaciones-quimicas\/wp-content\/uploads\/sites\/3\/2021\/11\/imerys-300x300.png\" alt=\"\" width=\"300\" height=\"300\" srcset=\"https:\/\/unitrade.pe\/representaciones-quimicas\/wp-content\/uploads\/sites\/3\/2021\/11\/imerys-300x300.png 300w, https:\/\/unitrade.pe\/representaciones-quimicas\/wp-content\/uploads\/sites\/3\/2021\/11\/imerys-150x150.png 150w, https:\/\/unitrade.pe\/representaciones-quimicas\/wp-content\/uploads\/sites\/3\/2021\/11\/imerys-100x100.png 100w, https:\/\/unitrade.pe\/representaciones-quimicas\/wp-content\/uploads\/sites\/3\/2021\/11\/imerys.png 559w\" sizes=\"auto, (max-width: 300px) 100vw, 300px\" \/><\/a> [&#8230;]<\/p>\n<p><a class=\"btn btn-secondary understrap-read-more-link\" href=\"https:\/\/unitrade.pe\/representaciones-quimicas\/product\/extendedores-para-base-agua-imerys\/\">Read More&#8230;<\/a><\/p>\n","protected":false},"featured_media":300,"template":"","meta":[],"product_brand":[],"product_cat":[25],"product_tag":[],"class_list":{"0":"post-91","1":"product","2":"type-product","3":"status-publish","4":"has-post-thumbnail","6":"product_cat-extendedores-de-titanio","8":"first","9":"instock","10":"shipping-taxable","11":"product-type-simple"},"yoast_head":"<!-- This site is optimized with the Yoast SEO plugin v24.3 - https:\/\/yoast.com\/wordpress\/plugins\/seo\/ -->\n<title>Extendedores para base agua - Imerys - Representaciones Qu\u00edmicas<\/title>\n<meta name=\"description\" content=\"Ofrecen la posibilidad de reducir una importante dosificaci\u00f3n de di\u00f3xido de titanio en las formulaciones, sin afectar el poder cubriente y nivel blancura de tus pinturas y tintas de impresi\u00f3n. Para sistemas en base agua y acabados mate recomendamos Neogen 2000, mientras que para acabados satinados en base agua y acabados de mayor brillo en base solvente, Hydrite UF-90.\" \/>\n<meta name=\"robots\" content=\"index, follow, max-snippet:-1, max-image-preview:large, max-video-preview:-1\" \/>\n<link rel=\"canonical\" href=\"https:\/\/unitrade.pe\/representaciones-quimicas\/product\/extendedores-para-base-agua-imerys\/\" \/>\n<meta property=\"og:locale\" content=\"es_ES\" \/>\n<meta property=\"og:type\" content=\"article\" \/>\n<meta property=\"og:title\" content=\"Extendedores para base agua - Imerys - Representaciones Qu\u00edmicas\" \/>\n<meta property=\"og:description\" content=\"Ofrecen la posibilidad de reducir una importante dosificaci\u00f3n de di\u00f3xido de titanio en las formulaciones, sin afectar el poder cubriente y nivel blancura de tus pinturas y tintas de impresi\u00f3n. Para sistemas en base agua y acabados mate recomendamos Neogen 2000, mientras que para acabados satinados en base agua y acabados de mayor brillo en base solvente, Hydrite UF-90.\" \/>\n<meta property=\"og:url\" content=\"https:\/\/unitrade.pe\/representaciones-quimicas\/product\/extendedores-para-base-agua-imerys\/\" \/>\n<meta property=\"og:site_name\" content=\"Representaciones Qu\u00edmicas\" \/>\n<meta property=\"article:modified_time\" content=\"2021-12-16T04:27:54+00:00\" \/>\n<meta property=\"og:image\" content=\"https:\/\/unitrade.pe\/representaciones-quimicas\/wp-content\/uploads\/sites\/3\/2021\/11\/Extendedores-base-agua.jpg\" \/>\n\t<meta property=\"og:image:width\" content=\"1484\" \/>\n\t<meta property=\"og:image:height\" content=\"989\" \/>\n\t<meta property=\"og:image:type\" content=\"image\/jpeg\" \/>\n<meta name=\"twitter:card\" content=\"summary_large_image\" \/>\n<script type=\"application\/ld+json\" class=\"yoast-schema-graph\">{\"@context\":\"https:\/\/schema.org\",\"@graph\":[{\"@type\":\"WebPage\",\"@id\":\"https:\/\/unitrade.pe\/representaciones-quimicas\/product\/extendedores-para-base-agua-imerys\/\",\"url\":\"https:\/\/unitrade.pe\/representaciones-quimicas\/product\/extendedores-para-base-agua-imerys\/\",\"name\":\"Extendedores para base agua - Imerys - Representaciones Qu\u00edmicas\",\"isPartOf\":{\"@id\":\"https:\/\/unitrade.pe\/representaciones-quimicas\/#website\"},\"primaryImageOfPage\":{\"@id\":\"https:\/\/unitrade.pe\/representaciones-quimicas\/product\/extendedores-para-base-agua-imerys\/#primaryimage\"},\"image\":{\"@id\":\"https:\/\/unitrade.pe\/representaciones-quimicas\/product\/extendedores-para-base-agua-imerys\/#primaryimage\"},\"thumbnailUrl\":\"https:\/\/unitrade.pe\/representaciones-quimicas\/wp-content\/uploads\/sites\/3\/2021\/11\/Extendedores-base-agua.jpg\",\"datePublished\":\"2021-11-13T16:51:58+00:00\",\"dateModified\":\"2021-12-16T04:27:54+00:00\",\"description\":\"Ofrecen la posibilidad de reducir una importante dosificaci\u00f3n de di\u00f3xido de titanio en las formulaciones, sin afectar el poder cubriente y nivel blancura de tus pinturas y tintas de impresi\u00f3n. Para sistemas en base agua y acabados mate recomendamos Neogen 2000, mientras que para acabados satinados en base agua y acabados de mayor brillo en base solvente, Hydrite UF-90.\",\"breadcrumb\":{\"@id\":\"https:\/\/unitrade.pe\/representaciones-quimicas\/product\/extendedores-para-base-agua-imerys\/#breadcrumb\"},\"inLanguage\":\"es-PE\",\"potentialAction\":[{\"@type\":\"ReadAction\",\"target\":[\"https:\/\/unitrade.pe\/representaciones-quimicas\/product\/extendedores-para-base-agua-imerys\/\"]}]},{\"@type\":\"ImageObject\",\"inLanguage\":\"es-PE\",\"@id\":\"https:\/\/unitrade.pe\/representaciones-quimicas\/product\/extendedores-para-base-agua-imerys\/#primaryimage\",\"url\":\"https:\/\/unitrade.pe\/representaciones-quimicas\/wp-content\/uploads\/sites\/3\/2021\/11\/Extendedores-base-agua.jpg\",\"contentUrl\":\"https:\/\/unitrade.pe\/representaciones-quimicas\/wp-content\/uploads\/sites\/3\/2021\/11\/Extendedores-base-agua.jpg\",\"width\":1484,\"height\":989},{\"@type\":\"BreadcrumbList\",\"@id\":\"https:\/\/unitrade.pe\/representaciones-quimicas\/product\/extendedores-para-base-agua-imerys\/#breadcrumb\",\"itemListElement\":[{\"@type\":\"ListItem\",\"position\":1,\"name\":\"Portada\",\"item\":\"https:\/\/unitrade.pe\/representaciones-quimicas\/\"},{\"@type\":\"ListItem\",\"position\":2,\"name\":\"Productos\",\"item\":\"https:\/\/unitrade.pe\/representaciones-quimicas\/shop\/\"},{\"@type\":\"ListItem\",\"position\":3,\"name\":\"Extendedores para base agua &#8211; Imerys\"}]},{\"@type\":\"WebSite\",\"@id\":\"https:\/\/unitrade.pe\/representaciones-quimicas\/#website\",\"url\":\"https:\/\/unitrade.pe\/representaciones-quimicas\/\",\"name\":\"Representaciones Qu\u00edmicas\",\"description\":\"\",\"publisher\":{\"@id\":\"https:\/\/unitrade.pe\/representaciones-quimicas\/#organization\"},\"potentialAction\":[{\"@type\":\"SearchAction\",\"target\":{\"@type\":\"EntryPoint\",\"urlTemplate\":\"https:\/\/unitrade.pe\/representaciones-quimicas\/?s={search_term_string}\"},\"query-input\":{\"@type\":\"PropertyValueSpecification\",\"valueRequired\":true,\"valueName\":\"search_term_string\"}}],\"inLanguage\":\"es-PE\"},{\"@type\":\"Organization\",\"@id\":\"https:\/\/unitrade.pe\/representaciones-quimicas\/#organization\",\"name\":\"Representaciones Qu\u00edmicas\",\"url\":\"https:\/\/unitrade.pe\/representaciones-quimicas\/\",\"logo\":{\"@type\":\"ImageObject\",\"inLanguage\":\"es-PE\",\"@id\":\"https:\/\/unitrade.pe\/representaciones-quimicas\/#\/schema\/logo\/image\/\",\"url\":\"https:\/\/unitrade.pe\/representaciones-quimicas\/wp-content\/uploads\/sites\/3\/2021\/11\/logo-representaciones-quimicas.svg\",\"contentUrl\":\"https:\/\/unitrade.pe\/representaciones-quimicas\/wp-content\/uploads\/sites\/3\/2021\/11\/logo-representaciones-quimicas.svg\",\"caption\":\"Representaciones Qu\u00edmicas\"},\"image\":{\"@id\":\"https:\/\/unitrade.pe\/representaciones-quimicas\/#\/schema\/logo\/image\/\"}}]}<\/script>\n<!-- \/ Yoast SEO plugin. -->","yoast_head_json":{"title":"Extendedores para base agua - Imerys - Representaciones Qu\u00edmicas","description":"Ofrecen la posibilidad de reducir una importante dosificaci\u00f3n de di\u00f3xido de titanio en las formulaciones, sin afectar el poder cubriente y nivel blancura de tus pinturas y tintas de impresi\u00f3n. Para sistemas en base agua y acabados mate recomendamos Neogen 2000, mientras que para acabados satinados en base agua y acabados de mayor brillo en base solvente, Hydrite UF-90.","robots":{"index":"index","follow":"follow","max-snippet":"max-snippet:-1","max-image-preview":"max-image-preview:large","max-video-preview":"max-video-preview:-1"},"canonical":"https:\/\/unitrade.pe\/representaciones-quimicas\/product\/extendedores-para-base-agua-imerys\/","og_locale":"es_ES","og_type":"article","og_title":"Extendedores para base agua - Imerys - Representaciones Qu\u00edmicas","og_description":"Ofrecen la posibilidad de reducir una importante dosificaci\u00f3n de di\u00f3xido de titanio en las formulaciones, sin afectar el poder cubriente y nivel blancura de tus pinturas y tintas de impresi\u00f3n. Para sistemas en base agua y acabados mate recomendamos Neogen 2000, mientras que para acabados satinados en base agua y acabados de mayor brillo en base solvente, Hydrite UF-90.","og_url":"https:\/\/unitrade.pe\/representaciones-quimicas\/product\/extendedores-para-base-agua-imerys\/","og_site_name":"Representaciones Qu\u00edmicas","article_modified_time":"2021-12-16T04:27:54+00:00","og_image":[{"width":1484,"height":989,"url":"https:\/\/unitrade.pe\/representaciones-quimicas\/wp-content\/uploads\/sites\/3\/2021\/11\/Extendedores-base-agua.jpg","type":"image\/jpeg"}],"twitter_card":"summary_large_image","schema":{"@context":"https:\/\/schema.org","@graph":[{"@type":"WebPage","@id":"https:\/\/unitrade.pe\/representaciones-quimicas\/product\/extendedores-para-base-agua-imerys\/","url":"https:\/\/unitrade.pe\/representaciones-quimicas\/product\/extendedores-para-base-agua-imerys\/","name":"Extendedores para base agua - Imerys - Representaciones Qu\u00edmicas","isPartOf":{"@id":"https:\/\/unitrade.pe\/representaciones-quimicas\/#website"},"primaryImageOfPage":{"@id":"https:\/\/unitrade.pe\/representaciones-quimicas\/product\/extendedores-para-base-agua-imerys\/#primaryimage"},"image":{"@id":"https:\/\/unitrade.pe\/representaciones-quimicas\/product\/extendedores-para-base-agua-imerys\/#primaryimage"},"thumbnailUrl":"https:\/\/unitrade.pe\/representaciones-quimicas\/wp-content\/uploads\/sites\/3\/2021\/11\/Extendedores-base-agua.jpg","datePublished":"2021-11-13T16:51:58+00:00","dateModified":"2021-12-16T04:27:54+00:00","description":"Ofrecen la posibilidad de reducir una importante dosificaci\u00f3n de di\u00f3xido de titanio en las formulaciones, sin afectar el poder cubriente y nivel blancura de tus pinturas y tintas de impresi\u00f3n. Para sistemas en base agua y acabados mate recomendamos Neogen 2000, mientras que para acabados satinados en base agua y acabados de mayor brillo en base solvente, Hydrite UF-90.","breadcrumb":{"@id":"https:\/\/unitrade.pe\/representaciones-quimicas\/product\/extendedores-para-base-agua-imerys\/#breadcrumb"},"inLanguage":"es-PE","potentialAction":[{"@type":"ReadAction","target":["https:\/\/unitrade.pe\/representaciones-quimicas\/product\/extendedores-para-base-agua-imerys\/"]}]},{"@type":"ImageObject","inLanguage":"es-PE","@id":"https:\/\/unitrade.pe\/representaciones-quimicas\/product\/extendedores-para-base-agua-imerys\/#primaryimage","url":"https:\/\/unitrade.pe\/representaciones-quimicas\/wp-content\/uploads\/sites\/3\/2021\/11\/Extendedores-base-agua.jpg","contentUrl":"https:\/\/unitrade.pe\/representaciones-quimicas\/wp-content\/uploads\/sites\/3\/2021\/11\/Extendedores-base-agua.jpg","width":1484,"height":989},{"@type":"BreadcrumbList","@id":"https:\/\/unitrade.pe\/representaciones-quimicas\/product\/extendedores-para-base-agua-imerys\/#breadcrumb","itemListElement":[{"@type":"ListItem","position":1,"name":"Portada","item":"https:\/\/unitrade.pe\/representaciones-quimicas\/"},{"@type":"ListItem","position":2,"name":"Productos","item":"https:\/\/unitrade.pe\/representaciones-quimicas\/shop\/"},{"@type":"ListItem","position":3,"name":"Extendedores para base agua &#8211; Imerys"}]},{"@type":"WebSite","@id":"https:\/\/unitrade.pe\/representaciones-quimicas\/#website","url":"https:\/\/unitrade.pe\/representaciones-quimicas\/","name":"Representaciones Qu\u00edmicas","description":"","publisher":{"@id":"https:\/\/unitrade.pe\/representaciones-quimicas\/#organization"},"potentialAction":[{"@type":"SearchAction","target":{"@type":"EntryPoint","urlTemplate":"https:\/\/unitrade.pe\/representaciones-quimicas\/?s={search_term_string}"},"query-input":{"@type":"PropertyValueSpecification","valueRequired":true,"valueName":"search_term_string"}}],"inLanguage":"es-PE"},{"@type":"Organization","@id":"https:\/\/unitrade.pe\/representaciones-quimicas\/#organization","name":"Representaciones Qu\u00edmicas","url":"https:\/\/unitrade.pe\/representaciones-quimicas\/","logo":{"@type":"ImageObject","inLanguage":"es-PE","@id":"https:\/\/unitrade.pe\/representaciones-quimicas\/#\/schema\/logo\/image\/","url":"https:\/\/unitrade.pe\/representaciones-quimicas\/wp-content\/uploads\/sites\/3\/2021\/11\/logo-representaciones-quimicas.svg","contentUrl":"https:\/\/unitrade.pe\/representaciones-quimicas\/wp-content\/uploads\/sites\/3\/2021\/11\/logo-representaciones-quimicas.svg","caption":"Representaciones Qu\u00edmicas"},"image":{"@id":"https:\/\/unitrade.pe\/representaciones-quimicas\/#\/schema\/logo\/image\/"}}]}},"_links":{"self":[{"href":"https:\/\/unitrade.pe\/representaciones-quimicas\/wp-json\/wp\/v2\/product\/91","targetHints":{"allow":["GET"]}}],"collection":[{"href":"https:\/\/unitrade.pe\/representaciones-quimicas\/wp-json\/wp\/v2\/product"}],"about":[{"href":"https:\/\/unitrade.pe\/representaciones-quimicas\/wp-json\/wp\/v2\/types\/product"}],"wp:featuredmedia":[{"embeddable":true,"href":"https:\/\/unitrade.pe\/representaciones-quimicas\/wp-json\/wp\/v2\/media\/300"}],"wp:attachment":[{"href":"https:\/\/unitrade.pe\/representaciones-quimicas\/wp-json\/wp\/v2\/media?parent=91"}],"wp:term":[{"taxonomy":"product_brand","embeddable":true,"href":"https:\/\/unitrade.pe\/representaciones-quimicas\/wp-json\/wp\/v2\/product_brand?post=91"},{"taxonomy":"product_cat","embeddable":true,"href":"https:\/\/unitrade.pe\/representaciones-quimicas\/wp-json\/wp\/v2\/product_cat?post=91"},{"taxonomy":"product_tag","embeddable":true,"href":"https:\/\/unitrade.pe\/representaciones-quimicas\/wp-json\/wp\/v2\/product_tag?post=91"}],"curies":[{"name":"wp","href":"https:\/\/api.w.org\/{rel}","templated":true}]}}