{"id":89,"date":"2021-11-13T11:51:58","date_gmt":"2021-11-13T16:51:58","guid":{"rendered":"https:\/\/hosting1.dsbmobile.com\/representaciones-quimicas\/product\/pigmentos-metalicos-bronces-y-dorados-schlenk\/"},"modified":"2021-12-15T23:26:59","modified_gmt":"2021-12-16T04:26:59","slug":"pigmentos-metalicos-bronces-y-dorados-schlenk","status":"publish","type":"product","link":"https:\/\/unitrade.pe\/representaciones-quimicas\/product\/pigmentos-metalicos-bronces-y-dorados-schlenk\/","title":{"rendered":"Pigmentos met\u00e1licos bronces y dorados &#8211; Schlenk"},"content":{"rendered":"","protected":false},"excerpt":{"rendered":"<p><span class=\"TextRun SCXW236086056 BCX0\" lang=\"ES-PE\" xml:lang=\"ES-PE\" data-contrast=\"none\"><span class=\"NormalTextRun SCXW236086056 BCX0\">Contamos con<\/span><span class=\"NormalTextRun SCXW236086056 BCX0\">\u00a0gran\u00a0<\/span><span class=\"NormalTextRun SCXW236086056 BCX0\">variedad<\/span><span class=\"NormalTextRun SCXW236086056 BCX0\">\u00a0de\u00a0<\/span><span class=\"NormalTextRun SCXW236086056 BCX0\">polvos<\/span><span class=\"NormalTextRun SCXW236086056 BCX0\">\u00a0de\u00a0<\/span><span class=\"NormalTextRun SCXW236086056 BCX0\">bronce<\/span><span class=\"NormalTextRun SCXW236086056 BCX0\">\u00a0con\u00a0<\/span><span class=\"NormalTextRun SCXW236086056 BCX0\">diferentes<\/span><span class=\"NormalTextRun SCXW236086056 BCX0\">\u00a0<\/span><span class=\"NormalTextRun SCXW236086056 BCX0\">tama\u00f1os<\/span><span class=\"NormalTextRun SCXW236086056 BCX0\">\u00a0de\u00a0<\/span><span class=\"NormalTextRun SCXW236086056 BCX0\">part\u00edcula<\/span><span class=\"NormalTextRun SCXW236086056 BCX0\">\u00a0y gran\u00a0<\/span><span class=\"NormalTextRun SCXW236086056 BCX0\">luminosidad<\/span><span class=\"NormalTextRun SCXW236086056 BCX0\">\u00a0<\/span><span class=\"NormalTextRun SCXW236086056 BCX0\">en<\/span><span class=\"NormalTextRun SCXW236086056 BCX0\">\u00a0las\u00a0<\/span><span class=\"NormalTextRun SCXW236086056 BCX0\">tonalidad<\/span><span class=\"NormalTextRun SCXW236086056 BCX0\">es<\/span><span class=\"NormalTextRun SCXW236086056 BCX0\">\u00a0<\/span><\/span><span class=\"TextRun SCXW236086056 BCX0\" lang=\"ES-PE\" xml:lang=\"ES-PE\" data-contrast=\"none\"><span class=\"NormalTextRun SpellingErrorV2 SCXW236086056 BCX0\">Richgold<\/span><span class=\"NormalTextRun SCXW236086056 BCX0\">,\u00a0<\/span><span class=\"NormalTextRun SpellingErrorV2 SCXW236086056 BCX0\">Palegold<\/span><span class=\"NormalTextRun SCXW236086056 BCX0\">\u00a0y\u00a0<\/span><span class=\"NormalTextRun SpellingErrorV2 SCXW236086056 BCX0\">Richpale<\/span><span class=\"NormalTextRun SCXW236086056 BCX0\">\u00a0<\/span><span class=\"NormalTextRun SpellingErrorV2 SCXW236086056 BCX0\">gold<\/span><span class=\"NormalTextRun SCXW236086056 BCX0\">.<\/span><\/span><span class=\"TextRun SCXW236086056 BCX0\" lang=\"ES-PE\" xml:lang=\"ES-PE\" data-contrast=\"none\"><span class=\"NormalTextRun SCXW236086056 BCX0\">\u00a0<\/span><span class=\"NormalTextRun SCXW236086056 BCX0\">A<\/span><span class=\"NormalTextRun SCXW236086056 BCX0\">dem\u00e1s<\/span><span class=\"NormalTextRun SCXW236086056 BCX0\">,<\/span><span class=\"NormalTextRun SCXW236086056 BCX0\">\u00a0<\/span><span class=\"NormalTextRun SCXW236086056 BCX0\">ofrece<\/span><span class=\"NormalTextRun SCXW236086056 BCX0\">mos<\/span><span class=\"NormalTextRun SCXW236086056 BCX0\">\u00a0<\/span><span class=\"NormalTextRun SCXW236086056 BCX0\">diferentes<\/span><span class=\"NormalTextRun SCXW236086056 BCX0\">\u00a0<\/span><span class=\"NormalTextRun SCXW236086056 BCX0\">presentaciones, con las que\u00a0<\/span><span class=\"NormalTextRun SCXW236086056 BCX0\">podr\u00e1s\u00a0<\/span><span class=\"NormalTextRun SCXW236086056 BCX0\">obtener<\/span><span class=\"NormalTextRun SCXW236086056 BCX0\">\u00a0<\/span><span class=\"NormalTextRun SCXW236086056 BCX0\">el<\/span><span class=\"NormalTextRun SCXW236086056 BCX0\">\u00a0<\/span><span class=\"NormalTextRun SCXW236086056 BCX0\">acabado<\/span><span class=\"NormalTextRun SCXW236086056 BCX0\">\u00a0<\/span><span class=\"NormalTextRun SCXW236086056 BCX0\">ideal\u00a0<\/span><span class=\"NormalTextRun SCXW236086056 BCX0\">en<\/span><span class=\"NormalTextRun SCXW236086056 BCX0\">\u00a0<\/span><span class=\"NormalTextRun SCXW236086056 BCX0\">formulaciones<\/span><span class=\"NormalTextRun SCXW236086056 BCX0\">\u00a0base\u00a0<\/span><span class=\"NormalTextRun SCXW236086056 BCX0\">solventes<\/span><span class=\"NormalTextRun SCXW236086056 BCX0\">, base\u00a0<\/span><span class=\"NormalTextRun SCXW236086056 BCX0\">acuosa<\/span><span class=\"NormalTextRun SCXW236086056 BCX0\">,\u00a0<\/span><span class=\"NormalTextRun SCXW236086056 BCX0\">curados<\/span><span class=\"NormalTextRun SCXW236086056 BCX0\">\u00a0UV y resinas\u00a0<\/span><span class=\"NormalTextRun SCXW236086056 BCX0\">pl\u00e1sticas<\/span><span class=\"NormalTextRun SCXW236086056 BCX0\">.<\/span><\/span><span class=\"EOP SCXW236086056 BCX0\" data-ccp-props=\"{&quot;201341983&quot;:0,&quot;335559740&quot;:259}\">\u00a0<\/span><\/p>\n<p><a href=\"https:\/\/www.schlenk.com\/\"><img loading=\"lazy\" decoding=\"async\" class=\"alignnone size-medium wp-image-233\" src=\"https:\/\/unitrade.pe\/representaciones-quimicas\/wp-content\/uploads\/sites\/3\/2021\/11\/schlenk-300x300.png\" alt=\"\" width=\"300\" height=\"300\" srcset=\"https:\/\/unitrade.pe\/representaciones-quimicas\/wp-content\/uploads\/sites\/3\/2021\/11\/schlenk-300x300.png 300w, https:\/\/unitrade.pe\/representaciones-quimicas\/wp-content\/uploads\/sites\/3\/2021\/11\/schlenk-150x150.png 150w, https:\/\/unitrade.pe\/representaciones-quimicas\/wp-content\/uploads\/sites\/3\/2021\/11\/schlenk-100x100.png 100w, https:\/\/unitrade.pe\/representaciones-quimicas\/wp-content\/uploads\/sites\/3\/2021\/11\/schlenk.png 470w\" sizes=\"auto, (max-width: 300px) 100vw, 300px\" \/><\/a> [&#8230;]<\/p>\n<p><a class=\"btn btn-secondary understrap-read-more-link\" href=\"https:\/\/unitrade.pe\/representaciones-quimicas\/product\/pigmentos-metalicos-bronces-y-dorados-schlenk\/\">Read More&#8230;<\/a><\/p>\n","protected":false},"featured_media":192,"template":"","meta":[],"product_brand":[],"product_cat":[24],"product_tag":[],"class_list":{"0":"post-89","1":"product","2":"type-product","3":"status-publish","4":"has-post-thumbnail","6":"product_cat-pigmentos-metalicos","8":"first","9":"instock","10":"shipping-taxable","11":"product-type-simple"},"yoast_head":"<!-- This site is optimized with the Yoast SEO plugin v24.3 - https:\/\/yoast.com\/wordpress\/plugins\/seo\/ -->\n<title>Pigmentos met\u00e1licos bronces y dorados - Schlenk - Representaciones Qu\u00edmicas<\/title>\n<meta name=\"description\" content=\"Contamos con gran variedad de polvos de bronce con diferentes tama\u00f1os de part\u00edcula y gran luminosidad en las tonalidades Richgold, Palegold y Richpale gold. Adem\u00e1s, ofrecemos diferentes presentaciones, con las que podr\u00e1s obtener el acabado ideal en formulaciones base solventes, base acuosa, curados UV y resinas pl\u00e1sticas.\" \/>\n<meta name=\"robots\" content=\"index, follow, max-snippet:-1, max-image-preview:large, max-video-preview:-1\" \/>\n<link rel=\"canonical\" href=\"https:\/\/unitrade.pe\/representaciones-quimicas\/product\/pigmentos-metalicos-bronces-y-dorados-schlenk\/\" \/>\n<meta property=\"og:locale\" content=\"es_ES\" \/>\n<meta property=\"og:type\" content=\"article\" \/>\n<meta property=\"og:title\" content=\"Pigmentos met\u00e1licos bronces y dorados - Schlenk - Representaciones Qu\u00edmicas\" \/>\n<meta property=\"og:description\" content=\"Contamos con gran variedad de polvos de bronce con diferentes tama\u00f1os de part\u00edcula y gran luminosidad en las tonalidades Richgold, Palegold y Richpale gold. Adem\u00e1s, ofrecemos diferentes presentaciones, con las que podr\u00e1s obtener el acabado ideal en formulaciones base solventes, base acuosa, curados UV y resinas pl\u00e1sticas.\" \/>\n<meta property=\"og:url\" content=\"https:\/\/unitrade.pe\/representaciones-quimicas\/product\/pigmentos-metalicos-bronces-y-dorados-schlenk\/\" \/>\n<meta property=\"og:site_name\" content=\"Representaciones Qu\u00edmicas\" \/>\n<meta property=\"article:modified_time\" content=\"2021-12-16T04:26:59+00:00\" \/>\n<meta property=\"og:image\" content=\"https:\/\/unitrade.pe\/representaciones-quimicas\/wp-content\/uploads\/sites\/3\/2021\/11\/pigmentos-metalicos-dorados.webp\" \/>\n\t<meta property=\"og:image:width\" content=\"800\" \/>\n\t<meta property=\"og:image:height\" content=\"800\" \/>\n\t<meta property=\"og:image:type\" content=\"image\/webp\" \/>\n<meta name=\"twitter:card\" content=\"summary_large_image\" \/>\n<script type=\"application\/ld+json\" class=\"yoast-schema-graph\">{\"@context\":\"https:\/\/schema.org\",\"@graph\":[{\"@type\":\"WebPage\",\"@id\":\"https:\/\/unitrade.pe\/representaciones-quimicas\/product\/pigmentos-metalicos-bronces-y-dorados-schlenk\/\",\"url\":\"https:\/\/unitrade.pe\/representaciones-quimicas\/product\/pigmentos-metalicos-bronces-y-dorados-schlenk\/\",\"name\":\"Pigmentos met\u00e1licos bronces y dorados - Schlenk - Representaciones Qu\u00edmicas\",\"isPartOf\":{\"@id\":\"https:\/\/unitrade.pe\/representaciones-quimicas\/#website\"},\"primaryImageOfPage\":{\"@id\":\"https:\/\/unitrade.pe\/representaciones-quimicas\/product\/pigmentos-metalicos-bronces-y-dorados-schlenk\/#primaryimage\"},\"image\":{\"@id\":\"https:\/\/unitrade.pe\/representaciones-quimicas\/product\/pigmentos-metalicos-bronces-y-dorados-schlenk\/#primaryimage\"},\"thumbnailUrl\":\"https:\/\/unitrade.pe\/representaciones-quimicas\/wp-content\/uploads\/sites\/3\/2021\/11\/pigmentos-metalicos-dorados.webp\",\"datePublished\":\"2021-11-13T16:51:58+00:00\",\"dateModified\":\"2021-12-16T04:26:59+00:00\",\"description\":\"Contamos con gran variedad de polvos de bronce con diferentes tama\u00f1os de part\u00edcula y gran luminosidad en las tonalidades Richgold, Palegold y Richpale gold. Adem\u00e1s, ofrecemos diferentes presentaciones, con las que podr\u00e1s obtener el acabado ideal en formulaciones base solventes, base acuosa, curados UV y resinas pl\u00e1sticas.\",\"breadcrumb\":{\"@id\":\"https:\/\/unitrade.pe\/representaciones-quimicas\/product\/pigmentos-metalicos-bronces-y-dorados-schlenk\/#breadcrumb\"},\"inLanguage\":\"es-PE\",\"potentialAction\":[{\"@type\":\"ReadAction\",\"target\":[\"https:\/\/unitrade.pe\/representaciones-quimicas\/product\/pigmentos-metalicos-bronces-y-dorados-schlenk\/\"]}]},{\"@type\":\"ImageObject\",\"inLanguage\":\"es-PE\",\"@id\":\"https:\/\/unitrade.pe\/representaciones-quimicas\/product\/pigmentos-metalicos-bronces-y-dorados-schlenk\/#primaryimage\",\"url\":\"https:\/\/unitrade.pe\/representaciones-quimicas\/wp-content\/uploads\/sites\/3\/2021\/11\/pigmentos-metalicos-dorados.webp\",\"contentUrl\":\"https:\/\/unitrade.pe\/representaciones-quimicas\/wp-content\/uploads\/sites\/3\/2021\/11\/pigmentos-metalicos-dorados.webp\",\"width\":800,\"height\":800},{\"@type\":\"BreadcrumbList\",\"@id\":\"https:\/\/unitrade.pe\/representaciones-quimicas\/product\/pigmentos-metalicos-bronces-y-dorados-schlenk\/#breadcrumb\",\"itemListElement\":[{\"@type\":\"ListItem\",\"position\":1,\"name\":\"Portada\",\"item\":\"https:\/\/unitrade.pe\/representaciones-quimicas\/\"},{\"@type\":\"ListItem\",\"position\":2,\"name\":\"Productos\",\"item\":\"https:\/\/unitrade.pe\/representaciones-quimicas\/shop\/\"},{\"@type\":\"ListItem\",\"position\":3,\"name\":\"Pigmentos met\u00e1licos bronces y dorados &#8211; Schlenk\"}]},{\"@type\":\"WebSite\",\"@id\":\"https:\/\/unitrade.pe\/representaciones-quimicas\/#website\",\"url\":\"https:\/\/unitrade.pe\/representaciones-quimicas\/\",\"name\":\"Representaciones Qu\u00edmicas\",\"description\":\"\",\"publisher\":{\"@id\":\"https:\/\/unitrade.pe\/representaciones-quimicas\/#organization\"},\"potentialAction\":[{\"@type\":\"SearchAction\",\"target\":{\"@type\":\"EntryPoint\",\"urlTemplate\":\"https:\/\/unitrade.pe\/representaciones-quimicas\/?s={search_term_string}\"},\"query-input\":{\"@type\":\"PropertyValueSpecification\",\"valueRequired\":true,\"valueName\":\"search_term_string\"}}],\"inLanguage\":\"es-PE\"},{\"@type\":\"Organization\",\"@id\":\"https:\/\/unitrade.pe\/representaciones-quimicas\/#organization\",\"name\":\"Representaciones Qu\u00edmicas\",\"url\":\"https:\/\/unitrade.pe\/representaciones-quimicas\/\",\"logo\":{\"@type\":\"ImageObject\",\"inLanguage\":\"es-PE\",\"@id\":\"https:\/\/unitrade.pe\/representaciones-quimicas\/#\/schema\/logo\/image\/\",\"url\":\"https:\/\/unitrade.pe\/representaciones-quimicas\/wp-content\/uploads\/sites\/3\/2021\/11\/logo-representaciones-quimicas.svg\",\"contentUrl\":\"https:\/\/unitrade.pe\/representaciones-quimicas\/wp-content\/uploads\/sites\/3\/2021\/11\/logo-representaciones-quimicas.svg\",\"caption\":\"Representaciones Qu\u00edmicas\"},\"image\":{\"@id\":\"https:\/\/unitrade.pe\/representaciones-quimicas\/#\/schema\/logo\/image\/\"}}]}<\/script>\n<!-- \/ Yoast SEO plugin. -->","yoast_head_json":{"title":"Pigmentos met\u00e1licos bronces y dorados - Schlenk - Representaciones Qu\u00edmicas","description":"Contamos con gran variedad de polvos de bronce con diferentes tama\u00f1os de part\u00edcula y gran luminosidad en las tonalidades Richgold, Palegold y Richpale gold. Adem\u00e1s, ofrecemos diferentes presentaciones, con las que podr\u00e1s obtener el acabado ideal en formulaciones base solventes, base acuosa, curados UV y resinas pl\u00e1sticas.","robots":{"index":"index","follow":"follow","max-snippet":"max-snippet:-1","max-image-preview":"max-image-preview:large","max-video-preview":"max-video-preview:-1"},"canonical":"https:\/\/unitrade.pe\/representaciones-quimicas\/product\/pigmentos-metalicos-bronces-y-dorados-schlenk\/","og_locale":"es_ES","og_type":"article","og_title":"Pigmentos met\u00e1licos bronces y dorados - Schlenk - Representaciones Qu\u00edmicas","og_description":"Contamos con gran variedad de polvos de bronce con diferentes tama\u00f1os de part\u00edcula y gran luminosidad en las tonalidades Richgold, Palegold y Richpale gold. Adem\u00e1s, ofrecemos diferentes presentaciones, con las que podr\u00e1s obtener el acabado ideal en formulaciones base solventes, base acuosa, curados UV y resinas pl\u00e1sticas.","og_url":"https:\/\/unitrade.pe\/representaciones-quimicas\/product\/pigmentos-metalicos-bronces-y-dorados-schlenk\/","og_site_name":"Representaciones Qu\u00edmicas","article_modified_time":"2021-12-16T04:26:59+00:00","og_image":[{"width":800,"height":800,"url":"https:\/\/unitrade.pe\/representaciones-quimicas\/wp-content\/uploads\/sites\/3\/2021\/11\/pigmentos-metalicos-dorados.webp","type":"image\/webp"}],"twitter_card":"summary_large_image","schema":{"@context":"https:\/\/schema.org","@graph":[{"@type":"WebPage","@id":"https:\/\/unitrade.pe\/representaciones-quimicas\/product\/pigmentos-metalicos-bronces-y-dorados-schlenk\/","url":"https:\/\/unitrade.pe\/representaciones-quimicas\/product\/pigmentos-metalicos-bronces-y-dorados-schlenk\/","name":"Pigmentos met\u00e1licos bronces y dorados - Schlenk - Representaciones Qu\u00edmicas","isPartOf":{"@id":"https:\/\/unitrade.pe\/representaciones-quimicas\/#website"},"primaryImageOfPage":{"@id":"https:\/\/unitrade.pe\/representaciones-quimicas\/product\/pigmentos-metalicos-bronces-y-dorados-schlenk\/#primaryimage"},"image":{"@id":"https:\/\/unitrade.pe\/representaciones-quimicas\/product\/pigmentos-metalicos-bronces-y-dorados-schlenk\/#primaryimage"},"thumbnailUrl":"https:\/\/unitrade.pe\/representaciones-quimicas\/wp-content\/uploads\/sites\/3\/2021\/11\/pigmentos-metalicos-dorados.webp","datePublished":"2021-11-13T16:51:58+00:00","dateModified":"2021-12-16T04:26:59+00:00","description":"Contamos con gran variedad de polvos de bronce con diferentes tama\u00f1os de part\u00edcula y gran luminosidad en las tonalidades Richgold, Palegold y Richpale gold. Adem\u00e1s, ofrecemos diferentes presentaciones, con las que podr\u00e1s obtener el acabado ideal en formulaciones base solventes, base acuosa, curados UV y resinas pl\u00e1sticas.","breadcrumb":{"@id":"https:\/\/unitrade.pe\/representaciones-quimicas\/product\/pigmentos-metalicos-bronces-y-dorados-schlenk\/#breadcrumb"},"inLanguage":"es-PE","potentialAction":[{"@type":"ReadAction","target":["https:\/\/unitrade.pe\/representaciones-quimicas\/product\/pigmentos-metalicos-bronces-y-dorados-schlenk\/"]}]},{"@type":"ImageObject","inLanguage":"es-PE","@id":"https:\/\/unitrade.pe\/representaciones-quimicas\/product\/pigmentos-metalicos-bronces-y-dorados-schlenk\/#primaryimage","url":"https:\/\/unitrade.pe\/representaciones-quimicas\/wp-content\/uploads\/sites\/3\/2021\/11\/pigmentos-metalicos-dorados.webp","contentUrl":"https:\/\/unitrade.pe\/representaciones-quimicas\/wp-content\/uploads\/sites\/3\/2021\/11\/pigmentos-metalicos-dorados.webp","width":800,"height":800},{"@type":"BreadcrumbList","@id":"https:\/\/unitrade.pe\/representaciones-quimicas\/product\/pigmentos-metalicos-bronces-y-dorados-schlenk\/#breadcrumb","itemListElement":[{"@type":"ListItem","position":1,"name":"Portada","item":"https:\/\/unitrade.pe\/representaciones-quimicas\/"},{"@type":"ListItem","position":2,"name":"Productos","item":"https:\/\/unitrade.pe\/representaciones-quimicas\/shop\/"},{"@type":"ListItem","position":3,"name":"Pigmentos met\u00e1licos bronces y dorados &#8211; Schlenk"}]},{"@type":"WebSite","@id":"https:\/\/unitrade.pe\/representaciones-quimicas\/#website","url":"https:\/\/unitrade.pe\/representaciones-quimicas\/","name":"Representaciones Qu\u00edmicas","description":"","publisher":{"@id":"https:\/\/unitrade.pe\/representaciones-quimicas\/#organization"},"potentialAction":[{"@type":"SearchAction","target":{"@type":"EntryPoint","urlTemplate":"https:\/\/unitrade.pe\/representaciones-quimicas\/?s={search_term_string}"},"query-input":{"@type":"PropertyValueSpecification","valueRequired":true,"valueName":"search_term_string"}}],"inLanguage":"es-PE"},{"@type":"Organization","@id":"https:\/\/unitrade.pe\/representaciones-quimicas\/#organization","name":"Representaciones Qu\u00edmicas","url":"https:\/\/unitrade.pe\/representaciones-quimicas\/","logo":{"@type":"ImageObject","inLanguage":"es-PE","@id":"https:\/\/unitrade.pe\/representaciones-quimicas\/#\/schema\/logo\/image\/","url":"https:\/\/unitrade.pe\/representaciones-quimicas\/wp-content\/uploads\/sites\/3\/2021\/11\/logo-representaciones-quimicas.svg","contentUrl":"https:\/\/unitrade.pe\/representaciones-quimicas\/wp-content\/uploads\/sites\/3\/2021\/11\/logo-representaciones-quimicas.svg","caption":"Representaciones Qu\u00edmicas"},"image":{"@id":"https:\/\/unitrade.pe\/representaciones-quimicas\/#\/schema\/logo\/image\/"}}]}},"_links":{"self":[{"href":"https:\/\/unitrade.pe\/representaciones-quimicas\/wp-json\/wp\/v2\/product\/89","targetHints":{"allow":["GET"]}}],"collection":[{"href":"https:\/\/unitrade.pe\/representaciones-quimicas\/wp-json\/wp\/v2\/product"}],"about":[{"href":"https:\/\/unitrade.pe\/representaciones-quimicas\/wp-json\/wp\/v2\/types\/product"}],"wp:featuredmedia":[{"embeddable":true,"href":"https:\/\/unitrade.pe\/representaciones-quimicas\/wp-json\/wp\/v2\/media\/192"}],"wp:attachment":[{"href":"https:\/\/unitrade.pe\/representaciones-quimicas\/wp-json\/wp\/v2\/media?parent=89"}],"wp:term":[{"taxonomy":"product_brand","embeddable":true,"href":"https:\/\/unitrade.pe\/representaciones-quimicas\/wp-json\/wp\/v2\/product_brand?post=89"},{"taxonomy":"product_cat","embeddable":true,"href":"https:\/\/unitrade.pe\/representaciones-quimicas\/wp-json\/wp\/v2\/product_cat?post=89"},{"taxonomy":"product_tag","embeddable":true,"href":"https:\/\/unitrade.pe\/representaciones-quimicas\/wp-json\/wp\/v2\/product_tag?post=89"}],"curies":[{"name":"wp","href":"https:\/\/api.w.org\/{rel}","templated":true}]}}