{"id":88,"date":"2021-11-13T11:51:58","date_gmt":"2021-11-13T16:51:58","guid":{"rendered":"https:\/\/hosting1.dsbmobile.com\/representaciones-quimicas\/product\/pigmentos-metalicos-de-aluminio-schlenk\/"},"modified":"2021-12-15T23:26:48","modified_gmt":"2021-12-16T04:26:48","slug":"pigmentos-metalicos-de-aluminio-schlenk","status":"publish","type":"product","link":"https:\/\/unitrade.pe\/representaciones-quimicas\/product\/pigmentos-metalicos-de-aluminio-schlenk\/","title":{"rendered":"Pigmentos met\u00e1licos de aluminio &#8211; Schlenk"},"content":{"rendered":"","protected":false},"excerpt":{"rendered":"<p><span data-contrast=\"none\">Nuestra\u00a0representada\u00a0Schlenk\u00a0GmbH\u00a0pone a\u00a0disposici\u00f3n\u00a0una\u00a0amplia\u00a0variedad\u00a0de\u00a0aluminio\u00a0<\/span><i><span data-contrast=\"none\">leafing<\/span><\/i><span data-contrast=\"none\">\u00a0y<\/span><i><span data-contrast=\"none\">\u00a0non\u00a0leafing<\/span><\/i><span data-contrast=\"none\">.\u00a0<\/span><span data-ccp-props=\"{&quot;201341983&quot;:0,&quot;335559740&quot;:259}\">\u00a0<\/span><\/p>\n<p><span data-contrast=\"none\">Contamos\u00a0con\u00a0diferentes\u00a0tama\u00f1os\u00a0y\u00a0formas\u00a0de\u00a0part\u00edcula\u00a0para\u00a0obtener\u00a0un\u00a0acabado\u00a0met\u00e1lico\u00a0prolijo, tanto\u00a0en\u00a0formulaciones\u00a0en\u00a0bases\u00a0solventes, base\u00a0acuosa,\u00a0curados\u00a0UV y\u00a0en\u00a0resinas\u00a0pl\u00e1sticas<\/span><span data-ccp-props=\"{&quot;201341983&quot;:0,&quot;335559740&quot;:259}\">\u00a0<\/span><\/p>\n<p><a href=\"https:\/\/www.schlenk.com\/\"><img loading=\"lazy\" decoding=\"async\" class=\"alignnone size-medium wp-image-233\" src=\"https:\/\/unitrade.pe\/representaciones-quimicas\/wp-content\/uploads\/sites\/3\/2021\/11\/schlenk-300x300.png\" alt=\"\" width=\"300\" height=\"300\" srcset=\"https:\/\/unitrade.pe\/representaciones-quimicas\/wp-content\/uploads\/sites\/3\/2021\/11\/schlenk-300x300.png 300w, https:\/\/unitrade.pe\/representaciones-quimicas\/wp-content\/uploads\/sites\/3\/2021\/11\/schlenk-150x150.png 150w, https:\/\/unitrade.pe\/representaciones-quimicas\/wp-content\/uploads\/sites\/3\/2021\/11\/schlenk-100x100.png 100w, https:\/\/unitrade.pe\/representaciones-quimicas\/wp-content\/uploads\/sites\/3\/2021\/11\/schlenk.png 470w\" sizes=\"auto, (max-width: 300px) 100vw, 300px\" \/><\/a> [&#8230;]<\/p>\n<p><a class=\"btn btn-secondary understrap-read-more-link\" href=\"https:\/\/unitrade.pe\/representaciones-quimicas\/product\/pigmentos-metalicos-de-aluminio-schlenk\/\">Read More&#8230;<\/a><\/p>\n","protected":false},"featured_media":303,"template":"","meta":[],"product_brand":[],"product_cat":[24],"product_tag":[],"class_list":{"0":"post-88","1":"product","2":"type-product","3":"status-publish","4":"has-post-thumbnail","6":"product_cat-pigmentos-metalicos","8":"first","9":"instock","10":"shipping-taxable","11":"product-type-simple"},"yoast_head":"<!-- This site is optimized with the Yoast SEO plugin v24.3 - https:\/\/yoast.com\/wordpress\/plugins\/seo\/ -->\n<title>Pigmentos met\u00e1licos de aluminio - Schlenk - Representaciones Qu\u00edmicas<\/title>\n<meta name=\"description\" content=\"Nuestra representada Schlenk GmbH pone a disposici\u00f3n una amplia variedad de aluminio leafing y non leafing. Contamos con diferentes tama\u00f1os y formas de part\u00edcula para obtener un acabado met\u00e1lico prolijo, tanto en formulaciones en bases solventes, base acuosa, curados UV y en resinas pl\u00e1sticas\" \/>\n<meta name=\"robots\" content=\"index, follow, max-snippet:-1, max-image-preview:large, max-video-preview:-1\" \/>\n<link rel=\"canonical\" href=\"https:\/\/unitrade.pe\/representaciones-quimicas\/product\/pigmentos-metalicos-de-aluminio-schlenk\/\" \/>\n<meta property=\"og:locale\" content=\"es_ES\" \/>\n<meta property=\"og:type\" content=\"article\" \/>\n<meta property=\"og:title\" content=\"Pigmentos met\u00e1licos de aluminio - Schlenk - Representaciones Qu\u00edmicas\" \/>\n<meta property=\"og:description\" content=\"Nuestra representada Schlenk GmbH pone a disposici\u00f3n una amplia variedad de aluminio leafing y non leafing. Contamos con diferentes tama\u00f1os y formas de part\u00edcula para obtener un acabado met\u00e1lico prolijo, tanto en formulaciones en bases solventes, base acuosa, curados UV y en resinas pl\u00e1sticas\" \/>\n<meta property=\"og:url\" content=\"https:\/\/unitrade.pe\/representaciones-quimicas\/product\/pigmentos-metalicos-de-aluminio-schlenk\/\" \/>\n<meta property=\"og:site_name\" content=\"Representaciones Qu\u00edmicas\" \/>\n<meta property=\"article:modified_time\" content=\"2021-12-16T04:26:48+00:00\" \/>\n<meta property=\"og:image\" content=\"https:\/\/unitrade.pe\/representaciones-quimicas\/wp-content\/uploads\/sites\/3\/2021\/11\/Pigmentos-metalicos-de-aluminio.png\" \/>\n\t<meta property=\"og:image:width\" content=\"500\" \/>\n\t<meta property=\"og:image:height\" content=\"500\" \/>\n\t<meta property=\"og:image:type\" content=\"image\/png\" \/>\n<meta name=\"twitter:card\" content=\"summary_large_image\" \/>\n<script type=\"application\/ld+json\" class=\"yoast-schema-graph\">{\"@context\":\"https:\/\/schema.org\",\"@graph\":[{\"@type\":\"WebPage\",\"@id\":\"https:\/\/unitrade.pe\/representaciones-quimicas\/product\/pigmentos-metalicos-de-aluminio-schlenk\/\",\"url\":\"https:\/\/unitrade.pe\/representaciones-quimicas\/product\/pigmentos-metalicos-de-aluminio-schlenk\/\",\"name\":\"Pigmentos met\u00e1licos de aluminio - Schlenk - Representaciones Qu\u00edmicas\",\"isPartOf\":{\"@id\":\"https:\/\/unitrade.pe\/representaciones-quimicas\/#website\"},\"primaryImageOfPage\":{\"@id\":\"https:\/\/unitrade.pe\/representaciones-quimicas\/product\/pigmentos-metalicos-de-aluminio-schlenk\/#primaryimage\"},\"image\":{\"@id\":\"https:\/\/unitrade.pe\/representaciones-quimicas\/product\/pigmentos-metalicos-de-aluminio-schlenk\/#primaryimage\"},\"thumbnailUrl\":\"https:\/\/unitrade.pe\/representaciones-quimicas\/wp-content\/uploads\/sites\/3\/2021\/11\/Pigmentos-metalicos-de-aluminio.png\",\"datePublished\":\"2021-11-13T16:51:58+00:00\",\"dateModified\":\"2021-12-16T04:26:48+00:00\",\"description\":\"Nuestra representada Schlenk GmbH pone a disposici\u00f3n una amplia variedad de aluminio leafing y non leafing. Contamos con diferentes tama\u00f1os y formas de part\u00edcula para obtener un acabado met\u00e1lico prolijo, tanto en formulaciones en bases solventes, base acuosa, curados UV y en resinas pl\u00e1sticas\",\"breadcrumb\":{\"@id\":\"https:\/\/unitrade.pe\/representaciones-quimicas\/product\/pigmentos-metalicos-de-aluminio-schlenk\/#breadcrumb\"},\"inLanguage\":\"es-PE\",\"potentialAction\":[{\"@type\":\"ReadAction\",\"target\":[\"https:\/\/unitrade.pe\/representaciones-quimicas\/product\/pigmentos-metalicos-de-aluminio-schlenk\/\"]}]},{\"@type\":\"ImageObject\",\"inLanguage\":\"es-PE\",\"@id\":\"https:\/\/unitrade.pe\/representaciones-quimicas\/product\/pigmentos-metalicos-de-aluminio-schlenk\/#primaryimage\",\"url\":\"https:\/\/unitrade.pe\/representaciones-quimicas\/wp-content\/uploads\/sites\/3\/2021\/11\/Pigmentos-metalicos-de-aluminio.png\",\"contentUrl\":\"https:\/\/unitrade.pe\/representaciones-quimicas\/wp-content\/uploads\/sites\/3\/2021\/11\/Pigmentos-metalicos-de-aluminio.png\",\"width\":500,\"height\":500},{\"@type\":\"BreadcrumbList\",\"@id\":\"https:\/\/unitrade.pe\/representaciones-quimicas\/product\/pigmentos-metalicos-de-aluminio-schlenk\/#breadcrumb\",\"itemListElement\":[{\"@type\":\"ListItem\",\"position\":1,\"name\":\"Portada\",\"item\":\"https:\/\/unitrade.pe\/representaciones-quimicas\/\"},{\"@type\":\"ListItem\",\"position\":2,\"name\":\"Productos\",\"item\":\"https:\/\/unitrade.pe\/representaciones-quimicas\/shop\/\"},{\"@type\":\"ListItem\",\"position\":3,\"name\":\"Pigmentos met\u00e1licos de aluminio &#8211; Schlenk\"}]},{\"@type\":\"WebSite\",\"@id\":\"https:\/\/unitrade.pe\/representaciones-quimicas\/#website\",\"url\":\"https:\/\/unitrade.pe\/representaciones-quimicas\/\",\"name\":\"Representaciones Qu\u00edmicas\",\"description\":\"\",\"publisher\":{\"@id\":\"https:\/\/unitrade.pe\/representaciones-quimicas\/#organization\"},\"potentialAction\":[{\"@type\":\"SearchAction\",\"target\":{\"@type\":\"EntryPoint\",\"urlTemplate\":\"https:\/\/unitrade.pe\/representaciones-quimicas\/?s={search_term_string}\"},\"query-input\":{\"@type\":\"PropertyValueSpecification\",\"valueRequired\":true,\"valueName\":\"search_term_string\"}}],\"inLanguage\":\"es-PE\"},{\"@type\":\"Organization\",\"@id\":\"https:\/\/unitrade.pe\/representaciones-quimicas\/#organization\",\"name\":\"Representaciones Qu\u00edmicas\",\"url\":\"https:\/\/unitrade.pe\/representaciones-quimicas\/\",\"logo\":{\"@type\":\"ImageObject\",\"inLanguage\":\"es-PE\",\"@id\":\"https:\/\/unitrade.pe\/representaciones-quimicas\/#\/schema\/logo\/image\/\",\"url\":\"https:\/\/unitrade.pe\/representaciones-quimicas\/wp-content\/uploads\/sites\/3\/2021\/11\/logo-representaciones-quimicas.svg\",\"contentUrl\":\"https:\/\/unitrade.pe\/representaciones-quimicas\/wp-content\/uploads\/sites\/3\/2021\/11\/logo-representaciones-quimicas.svg\",\"caption\":\"Representaciones Qu\u00edmicas\"},\"image\":{\"@id\":\"https:\/\/unitrade.pe\/representaciones-quimicas\/#\/schema\/logo\/image\/\"}}]}<\/script>\n<!-- \/ Yoast SEO plugin. -->","yoast_head_json":{"title":"Pigmentos met\u00e1licos de aluminio - Schlenk - Representaciones Qu\u00edmicas","description":"Nuestra representada Schlenk GmbH pone a disposici\u00f3n una amplia variedad de aluminio leafing y non leafing. Contamos con diferentes tama\u00f1os y formas de part\u00edcula para obtener un acabado met\u00e1lico prolijo, tanto en formulaciones en bases solventes, base acuosa, curados UV y en resinas pl\u00e1sticas","robots":{"index":"index","follow":"follow","max-snippet":"max-snippet:-1","max-image-preview":"max-image-preview:large","max-video-preview":"max-video-preview:-1"},"canonical":"https:\/\/unitrade.pe\/representaciones-quimicas\/product\/pigmentos-metalicos-de-aluminio-schlenk\/","og_locale":"es_ES","og_type":"article","og_title":"Pigmentos met\u00e1licos de aluminio - Schlenk - Representaciones Qu\u00edmicas","og_description":"Nuestra representada Schlenk GmbH pone a disposici\u00f3n una amplia variedad de aluminio leafing y non leafing. Contamos con diferentes tama\u00f1os y formas de part\u00edcula para obtener un acabado met\u00e1lico prolijo, tanto en formulaciones en bases solventes, base acuosa, curados UV y en resinas pl\u00e1sticas","og_url":"https:\/\/unitrade.pe\/representaciones-quimicas\/product\/pigmentos-metalicos-de-aluminio-schlenk\/","og_site_name":"Representaciones Qu\u00edmicas","article_modified_time":"2021-12-16T04:26:48+00:00","og_image":[{"width":500,"height":500,"url":"https:\/\/unitrade.pe\/representaciones-quimicas\/wp-content\/uploads\/sites\/3\/2021\/11\/Pigmentos-metalicos-de-aluminio.png","type":"image\/png"}],"twitter_card":"summary_large_image","schema":{"@context":"https:\/\/schema.org","@graph":[{"@type":"WebPage","@id":"https:\/\/unitrade.pe\/representaciones-quimicas\/product\/pigmentos-metalicos-de-aluminio-schlenk\/","url":"https:\/\/unitrade.pe\/representaciones-quimicas\/product\/pigmentos-metalicos-de-aluminio-schlenk\/","name":"Pigmentos met\u00e1licos de aluminio - Schlenk - Representaciones Qu\u00edmicas","isPartOf":{"@id":"https:\/\/unitrade.pe\/representaciones-quimicas\/#website"},"primaryImageOfPage":{"@id":"https:\/\/unitrade.pe\/representaciones-quimicas\/product\/pigmentos-metalicos-de-aluminio-schlenk\/#primaryimage"},"image":{"@id":"https:\/\/unitrade.pe\/representaciones-quimicas\/product\/pigmentos-metalicos-de-aluminio-schlenk\/#primaryimage"},"thumbnailUrl":"https:\/\/unitrade.pe\/representaciones-quimicas\/wp-content\/uploads\/sites\/3\/2021\/11\/Pigmentos-metalicos-de-aluminio.png","datePublished":"2021-11-13T16:51:58+00:00","dateModified":"2021-12-16T04:26:48+00:00","description":"Nuestra representada Schlenk GmbH pone a disposici\u00f3n una amplia variedad de aluminio leafing y non leafing. Contamos con diferentes tama\u00f1os y formas de part\u00edcula para obtener un acabado met\u00e1lico prolijo, tanto en formulaciones en bases solventes, base acuosa, curados UV y en resinas pl\u00e1sticas","breadcrumb":{"@id":"https:\/\/unitrade.pe\/representaciones-quimicas\/product\/pigmentos-metalicos-de-aluminio-schlenk\/#breadcrumb"},"inLanguage":"es-PE","potentialAction":[{"@type":"ReadAction","target":["https:\/\/unitrade.pe\/representaciones-quimicas\/product\/pigmentos-metalicos-de-aluminio-schlenk\/"]}]},{"@type":"ImageObject","inLanguage":"es-PE","@id":"https:\/\/unitrade.pe\/representaciones-quimicas\/product\/pigmentos-metalicos-de-aluminio-schlenk\/#primaryimage","url":"https:\/\/unitrade.pe\/representaciones-quimicas\/wp-content\/uploads\/sites\/3\/2021\/11\/Pigmentos-metalicos-de-aluminio.png","contentUrl":"https:\/\/unitrade.pe\/representaciones-quimicas\/wp-content\/uploads\/sites\/3\/2021\/11\/Pigmentos-metalicos-de-aluminio.png","width":500,"height":500},{"@type":"BreadcrumbList","@id":"https:\/\/unitrade.pe\/representaciones-quimicas\/product\/pigmentos-metalicos-de-aluminio-schlenk\/#breadcrumb","itemListElement":[{"@type":"ListItem","position":1,"name":"Portada","item":"https:\/\/unitrade.pe\/representaciones-quimicas\/"},{"@type":"ListItem","position":2,"name":"Productos","item":"https:\/\/unitrade.pe\/representaciones-quimicas\/shop\/"},{"@type":"ListItem","position":3,"name":"Pigmentos met\u00e1licos de aluminio &#8211; Schlenk"}]},{"@type":"WebSite","@id":"https:\/\/unitrade.pe\/representaciones-quimicas\/#website","url":"https:\/\/unitrade.pe\/representaciones-quimicas\/","name":"Representaciones Qu\u00edmicas","description":"","publisher":{"@id":"https:\/\/unitrade.pe\/representaciones-quimicas\/#organization"},"potentialAction":[{"@type":"SearchAction","target":{"@type":"EntryPoint","urlTemplate":"https:\/\/unitrade.pe\/representaciones-quimicas\/?s={search_term_string}"},"query-input":{"@type":"PropertyValueSpecification","valueRequired":true,"valueName":"search_term_string"}}],"inLanguage":"es-PE"},{"@type":"Organization","@id":"https:\/\/unitrade.pe\/representaciones-quimicas\/#organization","name":"Representaciones Qu\u00edmicas","url":"https:\/\/unitrade.pe\/representaciones-quimicas\/","logo":{"@type":"ImageObject","inLanguage":"es-PE","@id":"https:\/\/unitrade.pe\/representaciones-quimicas\/#\/schema\/logo\/image\/","url":"https:\/\/unitrade.pe\/representaciones-quimicas\/wp-content\/uploads\/sites\/3\/2021\/11\/logo-representaciones-quimicas.svg","contentUrl":"https:\/\/unitrade.pe\/representaciones-quimicas\/wp-content\/uploads\/sites\/3\/2021\/11\/logo-representaciones-quimicas.svg","caption":"Representaciones Qu\u00edmicas"},"image":{"@id":"https:\/\/unitrade.pe\/representaciones-quimicas\/#\/schema\/logo\/image\/"}}]}},"_links":{"self":[{"href":"https:\/\/unitrade.pe\/representaciones-quimicas\/wp-json\/wp\/v2\/product\/88","targetHints":{"allow":["GET"]}}],"collection":[{"href":"https:\/\/unitrade.pe\/representaciones-quimicas\/wp-json\/wp\/v2\/product"}],"about":[{"href":"https:\/\/unitrade.pe\/representaciones-quimicas\/wp-json\/wp\/v2\/types\/product"}],"wp:featuredmedia":[{"embeddable":true,"href":"https:\/\/unitrade.pe\/representaciones-quimicas\/wp-json\/wp\/v2\/media\/303"}],"wp:attachment":[{"href":"https:\/\/unitrade.pe\/representaciones-quimicas\/wp-json\/wp\/v2\/media?parent=88"}],"wp:term":[{"taxonomy":"product_brand","embeddable":true,"href":"https:\/\/unitrade.pe\/representaciones-quimicas\/wp-json\/wp\/v2\/product_brand?post=88"},{"taxonomy":"product_cat","embeddable":true,"href":"https:\/\/unitrade.pe\/representaciones-quimicas\/wp-json\/wp\/v2\/product_cat?post=88"},{"taxonomy":"product_tag","embeddable":true,"href":"https:\/\/unitrade.pe\/representaciones-quimicas\/wp-json\/wp\/v2\/product_tag?post=88"}],"curies":[{"name":"wp","href":"https:\/\/api.w.org\/{rel}","templated":true}]}}