{"id":87,"date":"2021-11-13T11:51:58","date_gmt":"2021-11-13T16:51:58","guid":{"rendered":"https:\/\/hosting1.dsbmobile.com\/representaciones-quimicas\/product\/rojos-amarillos-y-naranjas-hangzhou-shengyuan\/"},"modified":"2021-12-15T23:26:22","modified_gmt":"2021-12-16T04:26:22","slug":"rojos-amarillos-y-naranjas-hangzhou-shengyuan","status":"publish","type":"product","link":"https:\/\/unitrade.pe\/representaciones-quimicas\/product\/rojos-amarillos-y-naranjas-hangzhou-shengyuan\/","title":{"rendered":"Rojos amarillos y naranjas &#8211; Hangzhou Shengyuan"},"content":{"rendered":"","protected":false},"excerpt":{"rendered":"<p><span class=\"TextRun SCXW43115035 BCX0\" lang=\"ES-PE\" xml:lang=\"ES-PE\" data-contrast=\"none\"><span class=\"NormalTextRun SCXW43115035 BCX0\">Hangzhou\u00a0<\/span><span class=\"NormalTextRun SpellingErrorV2 SCXW43115035 BCX0\">Shengyuan<\/span><span class=\"NormalTextRun SCXW43115035 BCX0\">\u00a0<\/span><span class=\"NormalTextRun SCXW43115035 BCX0\">ofrece<\/span><span class=\"NormalTextRun SCXW43115035 BCX0\">\u00a0una\u00a0<\/span><span class=\"NormalTextRun SCXW43115035 BCX0\">amplia<\/span><span class=\"NormalTextRun SCXW43115035 BCX0\">\u00a0<\/span><span class=\"NormalTextRun SCXW43115035 BCX0\">gama<\/span><span class=\"NormalTextRun SCXW43115035 BCX0\">\u00a0de\u00a0<\/span><span class=\"NormalTextRun SCXW43115035 BCX0\">colores<\/span><span class=\"NormalTextRun SCXW43115035 BCX0\">\u00a0<\/span><span class=\"NormalTextRun SCXW43115035 BCX0\">amarillos<\/span><span class=\"NormalTextRun SCXW43115035 BCX0\">,\u00a0<\/span><span class=\"NormalTextRun SCXW43115035 BCX0\">rojos<\/span><span class=\"NormalTextRun SCXW43115035 BCX0\">\u00a0y\u00a0<\/span><span class=\"NormalTextRun SCXW43115035 BCX0\">naranjas<\/span><span class=\"NormalTextRun SCXW43115035 BCX0\">\u00a0con\u00a0<\/span><span class=\"NormalTextRun SCXW43115035 BCX0\">buen<\/span><span class=\"NormalTextRun SCXW43115035 BCX0\">a<\/span><span class=\"NormalTextRun SCXW43115035 BCX0\">\u00a0<\/span><span class=\"NormalTextRun SCXW43115035 BCX0\">intensidad<\/span><span class=\"NormalTextRun SCXW43115035 BCX0\">\u00a0y\u00a0<\/span><span class=\"NormalTextRun SCXW43115035 BCX0\">excelente<\/span><span class=\"NormalTextRun SCXW43115035 BCX0\">\u00a0<\/span><span class=\"NormalTextRun SCXW43115035 BCX0\">desempe\u00f1o<\/span><span class=\"NormalTextRun SCXW43115035 BCX0\">\u00a0<\/span><span class=\"NormalTextRun SCXW43115035 BCX0\">en<\/span><span class=\"NormalTextRun SCXW43115035 BCX0\">\u00a0<\/span><span class=\"NormalTextRun SCXW43115035 BCX0\">formulaciones<\/span><span class=\"NormalTextRun SCXW43115035 BCX0\">\u00a0de pinturas,\u00a0<\/span><span class=\"NormalTextRun SCXW43115035 BCX0\">tintas<\/span><span class=\"NormalTextRun SCXW43115035 BCX0\">\u00a0de\u00a0<\/span><span class=\"NormalTextRun SCXW43115035 BCX0\">impresi\u00f3n<\/span><span class=\"NormalTextRun SCXW43115035 BCX0\">\u00a0y\u00a0<\/span><span class=\"NormalTextRun SCXW43115035 BCX0\">productos<\/span><span class=\"NormalTextRun SCXW43115035 BCX0\">\u00a0<\/span><span class=\"NormalTextRun SCXW43115035 BCX0\">pl\u00e1sticos<\/span><span class=\"NormalTextRun SCXW43115035 BCX0\">.<\/span><\/span><span class=\"EOP SCXW43115035 BCX0\" data-ccp-props=\"{&quot;201341983&quot;:0,&quot;335559740&quot;:259}\">\u00a0<\/span><\/p>\n<p><a href=\"http:\/\/www.shengda-chem.com\/index_en.html\"><img loading=\"lazy\" decoding=\"async\" class=\"alignnone size-full wp-image-236\" src=\"https:\/\/unitrade.pe\/representaciones-quimicas\/wp-content\/uploads\/sites\/3\/2021\/11\/shenga.jpg\" alt=\"\" width=\"172\" height=\"135\" \/><\/a> [&#8230;]<\/p>\n<p><a class=\"btn btn-secondary understrap-read-more-link\" href=\"https:\/\/unitrade.pe\/representaciones-quimicas\/product\/rojos-amarillos-y-naranjas-hangzhou-shengyuan\/\">Read More&#8230;<\/a><\/p>\n","protected":false},"featured_media":304,"template":"","meta":[],"product_brand":[],"product_cat":[23],"product_tag":[],"class_list":{"0":"post-87","1":"product","2":"type-product","3":"status-publish","4":"has-post-thumbnail","6":"product_cat-pigmentos-organicos","8":"first","9":"instock","10":"shipping-taxable","11":"product-type-simple"},"yoast_head":"<!-- This site is optimized with the Yoast SEO plugin v24.3 - https:\/\/yoast.com\/wordpress\/plugins\/seo\/ -->\n<title>Rojos amarillos y naranjas - Hangzhou Shengyuan - Representaciones Qu\u00edmicas<\/title>\n<meta name=\"description\" content=\"Hangzhou Shengyuan ofrece una amplia gama de colores amarillos, rojos y naranjas con buena intensidad y excelente desempe\u00f1o en formulaciones de pinturas, tintas de impresi\u00f3n y productos pl\u00e1sticos.\" \/>\n<meta name=\"robots\" content=\"index, follow, max-snippet:-1, max-image-preview:large, max-video-preview:-1\" \/>\n<link rel=\"canonical\" href=\"https:\/\/unitrade.pe\/representaciones-quimicas\/product\/rojos-amarillos-y-naranjas-hangzhou-shengyuan\/\" \/>\n<meta property=\"og:locale\" content=\"es_ES\" \/>\n<meta property=\"og:type\" content=\"article\" \/>\n<meta property=\"og:title\" content=\"Rojos amarillos y naranjas - Hangzhou Shengyuan - Representaciones Qu\u00edmicas\" \/>\n<meta property=\"og:description\" content=\"Hangzhou Shengyuan ofrece una amplia gama de colores amarillos, rojos y naranjas con buena intensidad y excelente desempe\u00f1o en formulaciones de pinturas, tintas de impresi\u00f3n y productos pl\u00e1sticos.\" \/>\n<meta property=\"og:url\" content=\"https:\/\/unitrade.pe\/representaciones-quimicas\/product\/rojos-amarillos-y-naranjas-hangzhou-shengyuan\/\" \/>\n<meta property=\"og:site_name\" content=\"Representaciones Qu\u00edmicas\" \/>\n<meta property=\"article:modified_time\" content=\"2021-12-16T04:26:22+00:00\" \/>\n<meta property=\"og:image\" content=\"https:\/\/unitrade.pe\/representaciones-quimicas\/wp-content\/uploads\/sites\/3\/2021\/11\/Amarillo-naranja-rojo.jpg\" \/>\n\t<meta property=\"og:image:width\" content=\"500\" \/>\n\t<meta property=\"og:image:height\" content=\"500\" \/>\n\t<meta property=\"og:image:type\" content=\"image\/jpeg\" \/>\n<meta name=\"twitter:card\" content=\"summary_large_image\" \/>\n<script type=\"application\/ld+json\" class=\"yoast-schema-graph\">{\"@context\":\"https:\/\/schema.org\",\"@graph\":[{\"@type\":\"WebPage\",\"@id\":\"https:\/\/unitrade.pe\/representaciones-quimicas\/product\/rojos-amarillos-y-naranjas-hangzhou-shengyuan\/\",\"url\":\"https:\/\/unitrade.pe\/representaciones-quimicas\/product\/rojos-amarillos-y-naranjas-hangzhou-shengyuan\/\",\"name\":\"Rojos amarillos y naranjas - Hangzhou Shengyuan - Representaciones Qu\u00edmicas\",\"isPartOf\":{\"@id\":\"https:\/\/unitrade.pe\/representaciones-quimicas\/#website\"},\"primaryImageOfPage\":{\"@id\":\"https:\/\/unitrade.pe\/representaciones-quimicas\/product\/rojos-amarillos-y-naranjas-hangzhou-shengyuan\/#primaryimage\"},\"image\":{\"@id\":\"https:\/\/unitrade.pe\/representaciones-quimicas\/product\/rojos-amarillos-y-naranjas-hangzhou-shengyuan\/#primaryimage\"},\"thumbnailUrl\":\"https:\/\/unitrade.pe\/representaciones-quimicas\/wp-content\/uploads\/sites\/3\/2021\/11\/Amarillo-naranja-rojo.jpg\",\"datePublished\":\"2021-11-13T16:51:58+00:00\",\"dateModified\":\"2021-12-16T04:26:22+00:00\",\"description\":\"Hangzhou Shengyuan ofrece una amplia gama de colores amarillos, rojos y naranjas con buena intensidad y excelente desempe\u00f1o en formulaciones de pinturas, tintas de impresi\u00f3n y productos pl\u00e1sticos.\",\"breadcrumb\":{\"@id\":\"https:\/\/unitrade.pe\/representaciones-quimicas\/product\/rojos-amarillos-y-naranjas-hangzhou-shengyuan\/#breadcrumb\"},\"inLanguage\":\"es-PE\",\"potentialAction\":[{\"@type\":\"ReadAction\",\"target\":[\"https:\/\/unitrade.pe\/representaciones-quimicas\/product\/rojos-amarillos-y-naranjas-hangzhou-shengyuan\/\"]}]},{\"@type\":\"ImageObject\",\"inLanguage\":\"es-PE\",\"@id\":\"https:\/\/unitrade.pe\/representaciones-quimicas\/product\/rojos-amarillos-y-naranjas-hangzhou-shengyuan\/#primaryimage\",\"url\":\"https:\/\/unitrade.pe\/representaciones-quimicas\/wp-content\/uploads\/sites\/3\/2021\/11\/Amarillo-naranja-rojo.jpg\",\"contentUrl\":\"https:\/\/unitrade.pe\/representaciones-quimicas\/wp-content\/uploads\/sites\/3\/2021\/11\/Amarillo-naranja-rojo.jpg\",\"width\":500,\"height\":500},{\"@type\":\"BreadcrumbList\",\"@id\":\"https:\/\/unitrade.pe\/representaciones-quimicas\/product\/rojos-amarillos-y-naranjas-hangzhou-shengyuan\/#breadcrumb\",\"itemListElement\":[{\"@type\":\"ListItem\",\"position\":1,\"name\":\"Portada\",\"item\":\"https:\/\/unitrade.pe\/representaciones-quimicas\/\"},{\"@type\":\"ListItem\",\"position\":2,\"name\":\"Productos\",\"item\":\"https:\/\/unitrade.pe\/representaciones-quimicas\/shop\/\"},{\"@type\":\"ListItem\",\"position\":3,\"name\":\"Rojos amarillos y naranjas &#8211; Hangzhou Shengyuan\"}]},{\"@type\":\"WebSite\",\"@id\":\"https:\/\/unitrade.pe\/representaciones-quimicas\/#website\",\"url\":\"https:\/\/unitrade.pe\/representaciones-quimicas\/\",\"name\":\"Representaciones Qu\u00edmicas\",\"description\":\"\",\"publisher\":{\"@id\":\"https:\/\/unitrade.pe\/representaciones-quimicas\/#organization\"},\"potentialAction\":[{\"@type\":\"SearchAction\",\"target\":{\"@type\":\"EntryPoint\",\"urlTemplate\":\"https:\/\/unitrade.pe\/representaciones-quimicas\/?s={search_term_string}\"},\"query-input\":{\"@type\":\"PropertyValueSpecification\",\"valueRequired\":true,\"valueName\":\"search_term_string\"}}],\"inLanguage\":\"es-PE\"},{\"@type\":\"Organization\",\"@id\":\"https:\/\/unitrade.pe\/representaciones-quimicas\/#organization\",\"name\":\"Representaciones Qu\u00edmicas\",\"url\":\"https:\/\/unitrade.pe\/representaciones-quimicas\/\",\"logo\":{\"@type\":\"ImageObject\",\"inLanguage\":\"es-PE\",\"@id\":\"https:\/\/unitrade.pe\/representaciones-quimicas\/#\/schema\/logo\/image\/\",\"url\":\"https:\/\/unitrade.pe\/representaciones-quimicas\/wp-content\/uploads\/sites\/3\/2021\/11\/logo-representaciones-quimicas.svg\",\"contentUrl\":\"https:\/\/unitrade.pe\/representaciones-quimicas\/wp-content\/uploads\/sites\/3\/2021\/11\/logo-representaciones-quimicas.svg\",\"caption\":\"Representaciones Qu\u00edmicas\"},\"image\":{\"@id\":\"https:\/\/unitrade.pe\/representaciones-quimicas\/#\/schema\/logo\/image\/\"}}]}<\/script>\n<!-- \/ Yoast SEO plugin. -->","yoast_head_json":{"title":"Rojos amarillos y naranjas - Hangzhou Shengyuan - Representaciones Qu\u00edmicas","description":"Hangzhou Shengyuan ofrece una amplia gama de colores amarillos, rojos y naranjas con buena intensidad y excelente desempe\u00f1o en formulaciones de pinturas, tintas de impresi\u00f3n y productos pl\u00e1sticos.","robots":{"index":"index","follow":"follow","max-snippet":"max-snippet:-1","max-image-preview":"max-image-preview:large","max-video-preview":"max-video-preview:-1"},"canonical":"https:\/\/unitrade.pe\/representaciones-quimicas\/product\/rojos-amarillos-y-naranjas-hangzhou-shengyuan\/","og_locale":"es_ES","og_type":"article","og_title":"Rojos amarillos y naranjas - Hangzhou Shengyuan - Representaciones Qu\u00edmicas","og_description":"Hangzhou Shengyuan ofrece una amplia gama de colores amarillos, rojos y naranjas con buena intensidad y excelente desempe\u00f1o en formulaciones de pinturas, tintas de impresi\u00f3n y productos pl\u00e1sticos.","og_url":"https:\/\/unitrade.pe\/representaciones-quimicas\/product\/rojos-amarillos-y-naranjas-hangzhou-shengyuan\/","og_site_name":"Representaciones Qu\u00edmicas","article_modified_time":"2021-12-16T04:26:22+00:00","og_image":[{"width":500,"height":500,"url":"https:\/\/unitrade.pe\/representaciones-quimicas\/wp-content\/uploads\/sites\/3\/2021\/11\/Amarillo-naranja-rojo.jpg","type":"image\/jpeg"}],"twitter_card":"summary_large_image","schema":{"@context":"https:\/\/schema.org","@graph":[{"@type":"WebPage","@id":"https:\/\/unitrade.pe\/representaciones-quimicas\/product\/rojos-amarillos-y-naranjas-hangzhou-shengyuan\/","url":"https:\/\/unitrade.pe\/representaciones-quimicas\/product\/rojos-amarillos-y-naranjas-hangzhou-shengyuan\/","name":"Rojos amarillos y naranjas - Hangzhou Shengyuan - Representaciones Qu\u00edmicas","isPartOf":{"@id":"https:\/\/unitrade.pe\/representaciones-quimicas\/#website"},"primaryImageOfPage":{"@id":"https:\/\/unitrade.pe\/representaciones-quimicas\/product\/rojos-amarillos-y-naranjas-hangzhou-shengyuan\/#primaryimage"},"image":{"@id":"https:\/\/unitrade.pe\/representaciones-quimicas\/product\/rojos-amarillos-y-naranjas-hangzhou-shengyuan\/#primaryimage"},"thumbnailUrl":"https:\/\/unitrade.pe\/representaciones-quimicas\/wp-content\/uploads\/sites\/3\/2021\/11\/Amarillo-naranja-rojo.jpg","datePublished":"2021-11-13T16:51:58+00:00","dateModified":"2021-12-16T04:26:22+00:00","description":"Hangzhou Shengyuan ofrece una amplia gama de colores amarillos, rojos y naranjas con buena intensidad y excelente desempe\u00f1o en formulaciones de pinturas, tintas de impresi\u00f3n y productos pl\u00e1sticos.","breadcrumb":{"@id":"https:\/\/unitrade.pe\/representaciones-quimicas\/product\/rojos-amarillos-y-naranjas-hangzhou-shengyuan\/#breadcrumb"},"inLanguage":"es-PE","potentialAction":[{"@type":"ReadAction","target":["https:\/\/unitrade.pe\/representaciones-quimicas\/product\/rojos-amarillos-y-naranjas-hangzhou-shengyuan\/"]}]},{"@type":"ImageObject","inLanguage":"es-PE","@id":"https:\/\/unitrade.pe\/representaciones-quimicas\/product\/rojos-amarillos-y-naranjas-hangzhou-shengyuan\/#primaryimage","url":"https:\/\/unitrade.pe\/representaciones-quimicas\/wp-content\/uploads\/sites\/3\/2021\/11\/Amarillo-naranja-rojo.jpg","contentUrl":"https:\/\/unitrade.pe\/representaciones-quimicas\/wp-content\/uploads\/sites\/3\/2021\/11\/Amarillo-naranja-rojo.jpg","width":500,"height":500},{"@type":"BreadcrumbList","@id":"https:\/\/unitrade.pe\/representaciones-quimicas\/product\/rojos-amarillos-y-naranjas-hangzhou-shengyuan\/#breadcrumb","itemListElement":[{"@type":"ListItem","position":1,"name":"Portada","item":"https:\/\/unitrade.pe\/representaciones-quimicas\/"},{"@type":"ListItem","position":2,"name":"Productos","item":"https:\/\/unitrade.pe\/representaciones-quimicas\/shop\/"},{"@type":"ListItem","position":3,"name":"Rojos amarillos y naranjas &#8211; Hangzhou Shengyuan"}]},{"@type":"WebSite","@id":"https:\/\/unitrade.pe\/representaciones-quimicas\/#website","url":"https:\/\/unitrade.pe\/representaciones-quimicas\/","name":"Representaciones Qu\u00edmicas","description":"","publisher":{"@id":"https:\/\/unitrade.pe\/representaciones-quimicas\/#organization"},"potentialAction":[{"@type":"SearchAction","target":{"@type":"EntryPoint","urlTemplate":"https:\/\/unitrade.pe\/representaciones-quimicas\/?s={search_term_string}"},"query-input":{"@type":"PropertyValueSpecification","valueRequired":true,"valueName":"search_term_string"}}],"inLanguage":"es-PE"},{"@type":"Organization","@id":"https:\/\/unitrade.pe\/representaciones-quimicas\/#organization","name":"Representaciones Qu\u00edmicas","url":"https:\/\/unitrade.pe\/representaciones-quimicas\/","logo":{"@type":"ImageObject","inLanguage":"es-PE","@id":"https:\/\/unitrade.pe\/representaciones-quimicas\/#\/schema\/logo\/image\/","url":"https:\/\/unitrade.pe\/representaciones-quimicas\/wp-content\/uploads\/sites\/3\/2021\/11\/logo-representaciones-quimicas.svg","contentUrl":"https:\/\/unitrade.pe\/representaciones-quimicas\/wp-content\/uploads\/sites\/3\/2021\/11\/logo-representaciones-quimicas.svg","caption":"Representaciones Qu\u00edmicas"},"image":{"@id":"https:\/\/unitrade.pe\/representaciones-quimicas\/#\/schema\/logo\/image\/"}}]}},"_links":{"self":[{"href":"https:\/\/unitrade.pe\/representaciones-quimicas\/wp-json\/wp\/v2\/product\/87","targetHints":{"allow":["GET"]}}],"collection":[{"href":"https:\/\/unitrade.pe\/representaciones-quimicas\/wp-json\/wp\/v2\/product"}],"about":[{"href":"https:\/\/unitrade.pe\/representaciones-quimicas\/wp-json\/wp\/v2\/types\/product"}],"wp:featuredmedia":[{"embeddable":true,"href":"https:\/\/unitrade.pe\/representaciones-quimicas\/wp-json\/wp\/v2\/media\/304"}],"wp:attachment":[{"href":"https:\/\/unitrade.pe\/representaciones-quimicas\/wp-json\/wp\/v2\/media?parent=87"}],"wp:term":[{"taxonomy":"product_brand","embeddable":true,"href":"https:\/\/unitrade.pe\/representaciones-quimicas\/wp-json\/wp\/v2\/product_brand?post=87"},{"taxonomy":"product_cat","embeddable":true,"href":"https:\/\/unitrade.pe\/representaciones-quimicas\/wp-json\/wp\/v2\/product_cat?post=87"},{"taxonomy":"product_tag","embeddable":true,"href":"https:\/\/unitrade.pe\/representaciones-quimicas\/wp-json\/wp\/v2\/product_tag?post=87"}],"curies":[{"name":"wp","href":"https:\/\/api.w.org\/{rel}","templated":true}]}}