{"id":84,"date":"2021-11-13T11:51:58","date_gmt":"2021-11-13T16:51:58","guid":{"rendered":"https:\/\/hosting1.dsbmobile.com\/representaciones-quimicas\/product\/anticorrosivos-ferro\/"},"modified":"2021-12-15T23:25:11","modified_gmt":"2021-12-16T04:25:11","slug":"anticorrosivos-ferro","status":"publish","type":"product","link":"https:\/\/unitrade.pe\/representaciones-quimicas\/product\/anticorrosivos-ferro\/","title":{"rendered":"Anticorrosivos &#8211; Ferro"},"content":{"rendered":"","protected":false},"excerpt":{"rendered":"<p><span data-contrast=\"none\">Ferro\u00a0Corporation\u00a0cuenta\u00a0con\u00a0una\u00a0amplia\u00a0variedad\u00a0de\u00a0soluciones\u00a0amigables\u00a0con\u00a0el\u00a0medio\u00a0ambiente,\u00a0con\u00a0diferentes\u00a0grados\u00a0de\u00a0solubilidad\u00a0y de\u00a0absorci\u00f3n\u00a0de\u00a0aceite,\u00a0que\u00a0aportan\u00a0a\u00a0tus\u00a0pinturas o\u00a0recubrimientos\u00a0un\u00a0excelente\u00a0desempe\u00f1o\u00a0protector tanto para\u00a0sistemas\u00a0en\u00a0base\u00a0agua\u00a0como\u00a0en\u00a0base\u00a0solvente.<\/span><span data-ccp-props=\"{&quot;201341983&quot;:0,&quot;335559740&quot;:259}\">\u00a0<\/span><\/p>\n<p><span data-contrast=\"none\">Contamos,\u00a0tambi\u00e9n,\u00a0con\u00a0\u00f3xidos\u00a0de\u00a0hierro\u00a0mic\u00e1ceo\u00a0(laminares) que\u00a0ofrecen\u00a0una\u00a0excelente\u00a0\u201cprotecci\u00f3n\u00a0barrera\u201d\u00a0en\u00a0aplicaciones\u00a0de mayor\u00a0exigencia.<\/span><span data-ccp-props=\"{&quot;201341983&quot;:0,&quot;335559740&quot;:259}\">\u00a0<\/span><\/p>\n<p><a href=\"https:\/\/www.ferro.com\/\"><img loading=\"lazy\" decoding=\"async\" class=\"alignnone size-full wp-image-223\" src=\"https:\/\/unitrade.pe\/representaciones-quimicas\/wp-content\/uploads\/sites\/3\/2021\/11\/ferro.png\" alt=\"\" width=\"173\" height=\"173\" srcset=\"https:\/\/unitrade.pe\/representaciones-quimicas\/wp-content\/uploads\/sites\/3\/2021\/11\/ferro.png 173w, https:\/\/unitrade.pe\/representaciones-quimicas\/wp-content\/uploads\/sites\/3\/2021\/11\/ferro-150x150.png 150w, https:\/\/unitrade.pe\/representaciones-quimicas\/wp-content\/uploads\/sites\/3\/2021\/11\/ferro-100x100.png 100w\" sizes=\"auto, (max-width: 173px) 100vw, 173px\" \/><\/a> [&#8230;]<\/p>\n<p><a class=\"btn btn-secondary understrap-read-more-link\" href=\"https:\/\/unitrade.pe\/representaciones-quimicas\/product\/anticorrosivos-ferro\/\">Read More&#8230;<\/a><\/p>\n","protected":false},"featured_media":203,"template":"","meta":[],"product_brand":[],"product_cat":[22],"product_tag":[],"class_list":{"0":"post-84","1":"product","2":"type-product","3":"status-publish","4":"has-post-thumbnail","6":"product_cat-pigmentos-inorganicos","8":"first","9":"instock","10":"shipping-taxable","11":"product-type-simple"},"yoast_head":"<!-- This site is optimized with the Yoast SEO plugin v24.3 - https:\/\/yoast.com\/wordpress\/plugins\/seo\/ -->\n<title>Anticorrosivos - Ferro - Representaciones Qu\u00edmicas<\/title>\n<meta name=\"description\" content=\"Ferro Corporation cuenta con una amplia variedad de soluciones amigables con el medio ambiente, con diferentes grados de solubilidad y de absorci\u00f3n de aceite, que aportan a tus pinturas o recubrimientos un excelente desempe\u00f1o protector tanto para sistemas en base agua como en base solvente. Contamos, tambi\u00e9n, con \u00f3xidos de hierro mic\u00e1ceo (laminares) que ofrecen una excelente \u201cprotecci\u00f3n barrera\u201d en aplicaciones de mayor exigencia.\" \/>\n<meta name=\"robots\" content=\"index, follow, max-snippet:-1, max-image-preview:large, max-video-preview:-1\" \/>\n<link rel=\"canonical\" href=\"https:\/\/unitrade.pe\/representaciones-quimicas\/product\/anticorrosivos-ferro\/\" \/>\n<meta property=\"og:locale\" content=\"es_ES\" \/>\n<meta property=\"og:type\" content=\"article\" \/>\n<meta property=\"og:title\" content=\"Anticorrosivos - Ferro - Representaciones Qu\u00edmicas\" \/>\n<meta property=\"og:description\" content=\"Ferro Corporation cuenta con una amplia variedad de soluciones amigables con el medio ambiente, con diferentes grados de solubilidad y de absorci\u00f3n de aceite, que aportan a tus pinturas o recubrimientos un excelente desempe\u00f1o protector tanto para sistemas en base agua como en base solvente. Contamos, tambi\u00e9n, con \u00f3xidos de hierro mic\u00e1ceo (laminares) que ofrecen una excelente \u201cprotecci\u00f3n barrera\u201d en aplicaciones de mayor exigencia.\" \/>\n<meta property=\"og:url\" content=\"https:\/\/unitrade.pe\/representaciones-quimicas\/product\/anticorrosivos-ferro\/\" \/>\n<meta property=\"og:site_name\" content=\"Representaciones Qu\u00edmicas\" \/>\n<meta property=\"article:modified_time\" content=\"2021-12-16T04:25:11+00:00\" \/>\n<meta property=\"og:image\" content=\"https:\/\/unitrade.pe\/representaciones-quimicas\/wp-content\/uploads\/sites\/3\/2021\/11\/Anticorrosivos.jpg\" \/>\n\t<meta property=\"og:image:width\" content=\"612\" \/>\n\t<meta property=\"og:image:height\" content=\"410\" \/>\n\t<meta property=\"og:image:type\" content=\"image\/jpeg\" \/>\n<meta name=\"twitter:card\" content=\"summary_large_image\" \/>\n<script type=\"application\/ld+json\" class=\"yoast-schema-graph\">{\"@context\":\"https:\/\/schema.org\",\"@graph\":[{\"@type\":\"WebPage\",\"@id\":\"https:\/\/unitrade.pe\/representaciones-quimicas\/product\/anticorrosivos-ferro\/\",\"url\":\"https:\/\/unitrade.pe\/representaciones-quimicas\/product\/anticorrosivos-ferro\/\",\"name\":\"Anticorrosivos - Ferro - Representaciones Qu\u00edmicas\",\"isPartOf\":{\"@id\":\"https:\/\/unitrade.pe\/representaciones-quimicas\/#website\"},\"primaryImageOfPage\":{\"@id\":\"https:\/\/unitrade.pe\/representaciones-quimicas\/product\/anticorrosivos-ferro\/#primaryimage\"},\"image\":{\"@id\":\"https:\/\/unitrade.pe\/representaciones-quimicas\/product\/anticorrosivos-ferro\/#primaryimage\"},\"thumbnailUrl\":\"https:\/\/unitrade.pe\/representaciones-quimicas\/wp-content\/uploads\/sites\/3\/2021\/11\/Anticorrosivos.jpg\",\"datePublished\":\"2021-11-13T16:51:58+00:00\",\"dateModified\":\"2021-12-16T04:25:11+00:00\",\"description\":\"Ferro Corporation cuenta con una amplia variedad de soluciones amigables con el medio ambiente, con diferentes grados de solubilidad y de absorci\u00f3n de aceite, que aportan a tus pinturas o recubrimientos un excelente desempe\u00f1o protector tanto para sistemas en base agua como en base solvente. Contamos, tambi\u00e9n, con \u00f3xidos de hierro mic\u00e1ceo (laminares) que ofrecen una excelente \u201cprotecci\u00f3n barrera\u201d en aplicaciones de mayor exigencia.\",\"breadcrumb\":{\"@id\":\"https:\/\/unitrade.pe\/representaciones-quimicas\/product\/anticorrosivos-ferro\/#breadcrumb\"},\"inLanguage\":\"es-PE\",\"potentialAction\":[{\"@type\":\"ReadAction\",\"target\":[\"https:\/\/unitrade.pe\/representaciones-quimicas\/product\/anticorrosivos-ferro\/\"]}]},{\"@type\":\"ImageObject\",\"inLanguage\":\"es-PE\",\"@id\":\"https:\/\/unitrade.pe\/representaciones-quimicas\/product\/anticorrosivos-ferro\/#primaryimage\",\"url\":\"https:\/\/unitrade.pe\/representaciones-quimicas\/wp-content\/uploads\/sites\/3\/2021\/11\/Anticorrosivos.jpg\",\"contentUrl\":\"https:\/\/unitrade.pe\/representaciones-quimicas\/wp-content\/uploads\/sites\/3\/2021\/11\/Anticorrosivos.jpg\",\"width\":612,\"height\":410,\"caption\":\"Metal structures for building\"},{\"@type\":\"BreadcrumbList\",\"@id\":\"https:\/\/unitrade.pe\/representaciones-quimicas\/product\/anticorrosivos-ferro\/#breadcrumb\",\"itemListElement\":[{\"@type\":\"ListItem\",\"position\":1,\"name\":\"Portada\",\"item\":\"https:\/\/unitrade.pe\/representaciones-quimicas\/\"},{\"@type\":\"ListItem\",\"position\":2,\"name\":\"Productos\",\"item\":\"https:\/\/unitrade.pe\/representaciones-quimicas\/shop\/\"},{\"@type\":\"ListItem\",\"position\":3,\"name\":\"Anticorrosivos &#8211; Ferro\"}]},{\"@type\":\"WebSite\",\"@id\":\"https:\/\/unitrade.pe\/representaciones-quimicas\/#website\",\"url\":\"https:\/\/unitrade.pe\/representaciones-quimicas\/\",\"name\":\"Representaciones Qu\u00edmicas\",\"description\":\"\",\"publisher\":{\"@id\":\"https:\/\/unitrade.pe\/representaciones-quimicas\/#organization\"},\"potentialAction\":[{\"@type\":\"SearchAction\",\"target\":{\"@type\":\"EntryPoint\",\"urlTemplate\":\"https:\/\/unitrade.pe\/representaciones-quimicas\/?s={search_term_string}\"},\"query-input\":{\"@type\":\"PropertyValueSpecification\",\"valueRequired\":true,\"valueName\":\"search_term_string\"}}],\"inLanguage\":\"es-PE\"},{\"@type\":\"Organization\",\"@id\":\"https:\/\/unitrade.pe\/representaciones-quimicas\/#organization\",\"name\":\"Representaciones Qu\u00edmicas\",\"url\":\"https:\/\/unitrade.pe\/representaciones-quimicas\/\",\"logo\":{\"@type\":\"ImageObject\",\"inLanguage\":\"es-PE\",\"@id\":\"https:\/\/unitrade.pe\/representaciones-quimicas\/#\/schema\/logo\/image\/\",\"url\":\"https:\/\/unitrade.pe\/representaciones-quimicas\/wp-content\/uploads\/sites\/3\/2021\/11\/logo-representaciones-quimicas.svg\",\"contentUrl\":\"https:\/\/unitrade.pe\/representaciones-quimicas\/wp-content\/uploads\/sites\/3\/2021\/11\/logo-representaciones-quimicas.svg\",\"caption\":\"Representaciones Qu\u00edmicas\"},\"image\":{\"@id\":\"https:\/\/unitrade.pe\/representaciones-quimicas\/#\/schema\/logo\/image\/\"}}]}<\/script>\n<!-- \/ Yoast SEO plugin. -->","yoast_head_json":{"title":"Anticorrosivos - Ferro - Representaciones Qu\u00edmicas","description":"Ferro Corporation cuenta con una amplia variedad de soluciones amigables con el medio ambiente, con diferentes grados de solubilidad y de absorci\u00f3n de aceite, que aportan a tus pinturas o recubrimientos un excelente desempe\u00f1o protector tanto para sistemas en base agua como en base solvente. Contamos, tambi\u00e9n, con \u00f3xidos de hierro mic\u00e1ceo (laminares) que ofrecen una excelente \u201cprotecci\u00f3n barrera\u201d en aplicaciones de mayor exigencia.","robots":{"index":"index","follow":"follow","max-snippet":"max-snippet:-1","max-image-preview":"max-image-preview:large","max-video-preview":"max-video-preview:-1"},"canonical":"https:\/\/unitrade.pe\/representaciones-quimicas\/product\/anticorrosivos-ferro\/","og_locale":"es_ES","og_type":"article","og_title":"Anticorrosivos - Ferro - Representaciones Qu\u00edmicas","og_description":"Ferro Corporation cuenta con una amplia variedad de soluciones amigables con el medio ambiente, con diferentes grados de solubilidad y de absorci\u00f3n de aceite, que aportan a tus pinturas o recubrimientos un excelente desempe\u00f1o protector tanto para sistemas en base agua como en base solvente. Contamos, tambi\u00e9n, con \u00f3xidos de hierro mic\u00e1ceo (laminares) que ofrecen una excelente \u201cprotecci\u00f3n barrera\u201d en aplicaciones de mayor exigencia.","og_url":"https:\/\/unitrade.pe\/representaciones-quimicas\/product\/anticorrosivos-ferro\/","og_site_name":"Representaciones Qu\u00edmicas","article_modified_time":"2021-12-16T04:25:11+00:00","og_image":[{"width":612,"height":410,"url":"https:\/\/unitrade.pe\/representaciones-quimicas\/wp-content\/uploads\/sites\/3\/2021\/11\/Anticorrosivos.jpg","type":"image\/jpeg"}],"twitter_card":"summary_large_image","schema":{"@context":"https:\/\/schema.org","@graph":[{"@type":"WebPage","@id":"https:\/\/unitrade.pe\/representaciones-quimicas\/product\/anticorrosivos-ferro\/","url":"https:\/\/unitrade.pe\/representaciones-quimicas\/product\/anticorrosivos-ferro\/","name":"Anticorrosivos - Ferro - Representaciones Qu\u00edmicas","isPartOf":{"@id":"https:\/\/unitrade.pe\/representaciones-quimicas\/#website"},"primaryImageOfPage":{"@id":"https:\/\/unitrade.pe\/representaciones-quimicas\/product\/anticorrosivos-ferro\/#primaryimage"},"image":{"@id":"https:\/\/unitrade.pe\/representaciones-quimicas\/product\/anticorrosivos-ferro\/#primaryimage"},"thumbnailUrl":"https:\/\/unitrade.pe\/representaciones-quimicas\/wp-content\/uploads\/sites\/3\/2021\/11\/Anticorrosivos.jpg","datePublished":"2021-11-13T16:51:58+00:00","dateModified":"2021-12-16T04:25:11+00:00","description":"Ferro Corporation cuenta con una amplia variedad de soluciones amigables con el medio ambiente, con diferentes grados de solubilidad y de absorci\u00f3n de aceite, que aportan a tus pinturas o recubrimientos un excelente desempe\u00f1o protector tanto para sistemas en base agua como en base solvente. Contamos, tambi\u00e9n, con \u00f3xidos de hierro mic\u00e1ceo (laminares) que ofrecen una excelente \u201cprotecci\u00f3n barrera\u201d en aplicaciones de mayor exigencia.","breadcrumb":{"@id":"https:\/\/unitrade.pe\/representaciones-quimicas\/product\/anticorrosivos-ferro\/#breadcrumb"},"inLanguage":"es-PE","potentialAction":[{"@type":"ReadAction","target":["https:\/\/unitrade.pe\/representaciones-quimicas\/product\/anticorrosivos-ferro\/"]}]},{"@type":"ImageObject","inLanguage":"es-PE","@id":"https:\/\/unitrade.pe\/representaciones-quimicas\/product\/anticorrosivos-ferro\/#primaryimage","url":"https:\/\/unitrade.pe\/representaciones-quimicas\/wp-content\/uploads\/sites\/3\/2021\/11\/Anticorrosivos.jpg","contentUrl":"https:\/\/unitrade.pe\/representaciones-quimicas\/wp-content\/uploads\/sites\/3\/2021\/11\/Anticorrosivos.jpg","width":612,"height":410,"caption":"Metal structures for building"},{"@type":"BreadcrumbList","@id":"https:\/\/unitrade.pe\/representaciones-quimicas\/product\/anticorrosivos-ferro\/#breadcrumb","itemListElement":[{"@type":"ListItem","position":1,"name":"Portada","item":"https:\/\/unitrade.pe\/representaciones-quimicas\/"},{"@type":"ListItem","position":2,"name":"Productos","item":"https:\/\/unitrade.pe\/representaciones-quimicas\/shop\/"},{"@type":"ListItem","position":3,"name":"Anticorrosivos &#8211; Ferro"}]},{"@type":"WebSite","@id":"https:\/\/unitrade.pe\/representaciones-quimicas\/#website","url":"https:\/\/unitrade.pe\/representaciones-quimicas\/","name":"Representaciones Qu\u00edmicas","description":"","publisher":{"@id":"https:\/\/unitrade.pe\/representaciones-quimicas\/#organization"},"potentialAction":[{"@type":"SearchAction","target":{"@type":"EntryPoint","urlTemplate":"https:\/\/unitrade.pe\/representaciones-quimicas\/?s={search_term_string}"},"query-input":{"@type":"PropertyValueSpecification","valueRequired":true,"valueName":"search_term_string"}}],"inLanguage":"es-PE"},{"@type":"Organization","@id":"https:\/\/unitrade.pe\/representaciones-quimicas\/#organization","name":"Representaciones Qu\u00edmicas","url":"https:\/\/unitrade.pe\/representaciones-quimicas\/","logo":{"@type":"ImageObject","inLanguage":"es-PE","@id":"https:\/\/unitrade.pe\/representaciones-quimicas\/#\/schema\/logo\/image\/","url":"https:\/\/unitrade.pe\/representaciones-quimicas\/wp-content\/uploads\/sites\/3\/2021\/11\/logo-representaciones-quimicas.svg","contentUrl":"https:\/\/unitrade.pe\/representaciones-quimicas\/wp-content\/uploads\/sites\/3\/2021\/11\/logo-representaciones-quimicas.svg","caption":"Representaciones Qu\u00edmicas"},"image":{"@id":"https:\/\/unitrade.pe\/representaciones-quimicas\/#\/schema\/logo\/image\/"}}]}},"_links":{"self":[{"href":"https:\/\/unitrade.pe\/representaciones-quimicas\/wp-json\/wp\/v2\/product\/84","targetHints":{"allow":["GET"]}}],"collection":[{"href":"https:\/\/unitrade.pe\/representaciones-quimicas\/wp-json\/wp\/v2\/product"}],"about":[{"href":"https:\/\/unitrade.pe\/representaciones-quimicas\/wp-json\/wp\/v2\/types\/product"}],"wp:featuredmedia":[{"embeddable":true,"href":"https:\/\/unitrade.pe\/representaciones-quimicas\/wp-json\/wp\/v2\/media\/203"}],"wp:attachment":[{"href":"https:\/\/unitrade.pe\/representaciones-quimicas\/wp-json\/wp\/v2\/media?parent=84"}],"wp:term":[{"taxonomy":"product_brand","embeddable":true,"href":"https:\/\/unitrade.pe\/representaciones-quimicas\/wp-json\/wp\/v2\/product_brand?post=84"},{"taxonomy":"product_cat","embeddable":true,"href":"https:\/\/unitrade.pe\/representaciones-quimicas\/wp-json\/wp\/v2\/product_cat?post=84"},{"taxonomy":"product_tag","embeddable":true,"href":"https:\/\/unitrade.pe\/representaciones-quimicas\/wp-json\/wp\/v2\/product_tag?post=84"}],"curies":[{"name":"wp","href":"https:\/\/api.w.org\/{rel}","templated":true}]}}