{"id":82,"date":"2021-11-13T11:51:58","date_gmt":"2021-11-13T16:51:58","guid":{"rendered":"https:\/\/hosting1.dsbmobile.com\/representaciones-quimicas\/product\/amarillo-de-cromo-ferro\/"},"modified":"2021-12-15T23:24:35","modified_gmt":"2021-12-16T04:24:35","slug":"amarillo-de-cromo-ferro","status":"publish","type":"product","link":"https:\/\/unitrade.pe\/representaciones-quimicas\/product\/amarillo-de-cromo-ferro\/","title":{"rendered":"Amarillo de Cromo &#8211; Ferro"},"content":{"rendered":"","protected":false},"excerpt":{"rendered":"<p>Tienen tonos intensos, limpios, de f\u00e1cil dispersi\u00f3n y excelente opacidad, lo que permite obtener excelentes resultados en tonos llenos o en tonos matizados.<\/p>\n<p>Contamos con grados especiales para un mejor desempe\u00f1o en medios altamente \u00e1cidos o alcalinos, repintado automotriz y en altas temperaturas.<\/p>\n<p><a href=\"https:\/\/www.ferro.com\/\"><img loading=\"lazy\" decoding=\"async\" class=\"alignnone size-full wp-image-223\" src=\"https:\/\/unitrade.pe\/representaciones-quimicas\/wp-content\/uploads\/sites\/3\/2021\/11\/ferro.png\" alt=\"\" width=\"173\" height=\"173\" srcset=\"https:\/\/unitrade.pe\/representaciones-quimicas\/wp-content\/uploads\/sites\/3\/2021\/11\/ferro.png 173w, https:\/\/unitrade.pe\/representaciones-quimicas\/wp-content\/uploads\/sites\/3\/2021\/11\/ferro-150x150.png 150w, https:\/\/unitrade.pe\/representaciones-quimicas\/wp-content\/uploads\/sites\/3\/2021\/11\/ferro-100x100.png 100w\" sizes=\"auto, (max-width: 173px) 100vw, 173px\" \/><\/a> [&#8230;]<\/p>\n<p><a class=\"btn btn-secondary understrap-read-more-link\" href=\"https:\/\/unitrade.pe\/representaciones-quimicas\/product\/amarillo-de-cromo-ferro\/\">Read More&#8230;<\/a><\/p>\n","protected":false},"featured_media":202,"template":"","meta":[],"product_brand":[],"product_cat":[22],"product_tag":[],"class_list":{"0":"post-82","1":"product","2":"type-product","3":"status-publish","4":"has-post-thumbnail","6":"product_cat-pigmentos-inorganicos","8":"first","9":"instock","10":"shipping-taxable","11":"product-type-simple"},"yoast_head":"<!-- This site is optimized with the Yoast SEO plugin v24.3 - https:\/\/yoast.com\/wordpress\/plugins\/seo\/ -->\n<title>Amarillo de Cromo - Ferro - Representaciones Qu\u00edmicas<\/title>\n<meta name=\"description\" content=\"Tienen tonos intensos, limpios, de f\u00e1cil dispersi\u00f3n y excelente opacidad, lo que permite obtener excelentes resultados en tonos llenos o en tonos matizados. Contamos con grados especiales para un mejor desempe\u00f1o en medios altamente \u00e1cidos o alcalinos, repintado automotriz y en altas temperaturas.\" \/>\n<meta name=\"robots\" content=\"index, follow, max-snippet:-1, max-image-preview:large, max-video-preview:-1\" \/>\n<link rel=\"canonical\" href=\"https:\/\/unitrade.pe\/representaciones-quimicas\/product\/amarillo-de-cromo-ferro\/\" \/>\n<meta property=\"og:locale\" content=\"es_ES\" \/>\n<meta property=\"og:type\" content=\"article\" \/>\n<meta property=\"og:title\" content=\"Amarillo de Cromo - Ferro - Representaciones Qu\u00edmicas\" \/>\n<meta property=\"og:description\" content=\"Tienen tonos intensos, limpios, de f\u00e1cil dispersi\u00f3n y excelente opacidad, lo que permite obtener excelentes resultados en tonos llenos o en tonos matizados. Contamos con grados especiales para un mejor desempe\u00f1o en medios altamente \u00e1cidos o alcalinos, repintado automotriz y en altas temperaturas.\" \/>\n<meta property=\"og:url\" content=\"https:\/\/unitrade.pe\/representaciones-quimicas\/product\/amarillo-de-cromo-ferro\/\" \/>\n<meta property=\"og:site_name\" content=\"Representaciones Qu\u00edmicas\" \/>\n<meta property=\"article:modified_time\" content=\"2021-12-16T04:24:35+00:00\" \/>\n<meta property=\"og:image\" content=\"https:\/\/unitrade.pe\/representaciones-quimicas\/wp-content\/uploads\/sites\/3\/2021\/11\/Amarillo-de-cromo.jpg\" \/>\n\t<meta property=\"og:image:width\" content=\"1620\" \/>\n\t<meta property=\"og:image:height\" content=\"960\" \/>\n\t<meta property=\"og:image:type\" content=\"image\/jpeg\" \/>\n<meta name=\"twitter:card\" content=\"summary_large_image\" \/>\n<script type=\"application\/ld+json\" class=\"yoast-schema-graph\">{\"@context\":\"https:\/\/schema.org\",\"@graph\":[{\"@type\":\"WebPage\",\"@id\":\"https:\/\/unitrade.pe\/representaciones-quimicas\/product\/amarillo-de-cromo-ferro\/\",\"url\":\"https:\/\/unitrade.pe\/representaciones-quimicas\/product\/amarillo-de-cromo-ferro\/\",\"name\":\"Amarillo de Cromo - Ferro - Representaciones Qu\u00edmicas\",\"isPartOf\":{\"@id\":\"https:\/\/unitrade.pe\/representaciones-quimicas\/#website\"},\"primaryImageOfPage\":{\"@id\":\"https:\/\/unitrade.pe\/representaciones-quimicas\/product\/amarillo-de-cromo-ferro\/#primaryimage\"},\"image\":{\"@id\":\"https:\/\/unitrade.pe\/representaciones-quimicas\/product\/amarillo-de-cromo-ferro\/#primaryimage\"},\"thumbnailUrl\":\"https:\/\/unitrade.pe\/representaciones-quimicas\/wp-content\/uploads\/sites\/3\/2021\/11\/Amarillo-de-cromo.jpg\",\"datePublished\":\"2021-11-13T16:51:58+00:00\",\"dateModified\":\"2021-12-16T04:24:35+00:00\",\"description\":\"Tienen tonos intensos, limpios, de f\u00e1cil dispersi\u00f3n y excelente opacidad, lo que permite obtener excelentes resultados en tonos llenos o en tonos matizados. Contamos con grados especiales para un mejor desempe\u00f1o en medios altamente \u00e1cidos o alcalinos, repintado automotriz y en altas temperaturas.\",\"breadcrumb\":{\"@id\":\"https:\/\/unitrade.pe\/representaciones-quimicas\/product\/amarillo-de-cromo-ferro\/#breadcrumb\"},\"inLanguage\":\"es-PE\",\"potentialAction\":[{\"@type\":\"ReadAction\",\"target\":[\"https:\/\/unitrade.pe\/representaciones-quimicas\/product\/amarillo-de-cromo-ferro\/\"]}]},{\"@type\":\"ImageObject\",\"inLanguage\":\"es-PE\",\"@id\":\"https:\/\/unitrade.pe\/representaciones-quimicas\/product\/amarillo-de-cromo-ferro\/#primaryimage\",\"url\":\"https:\/\/unitrade.pe\/representaciones-quimicas\/wp-content\/uploads\/sites\/3\/2021\/11\/Amarillo-de-cromo.jpg\",\"contentUrl\":\"https:\/\/unitrade.pe\/representaciones-quimicas\/wp-content\/uploads\/sites\/3\/2021\/11\/Amarillo-de-cromo.jpg\",\"width\":1620,\"height\":960},{\"@type\":\"BreadcrumbList\",\"@id\":\"https:\/\/unitrade.pe\/representaciones-quimicas\/product\/amarillo-de-cromo-ferro\/#breadcrumb\",\"itemListElement\":[{\"@type\":\"ListItem\",\"position\":1,\"name\":\"Portada\",\"item\":\"https:\/\/unitrade.pe\/representaciones-quimicas\/\"},{\"@type\":\"ListItem\",\"position\":2,\"name\":\"Productos\",\"item\":\"https:\/\/unitrade.pe\/representaciones-quimicas\/shop\/\"},{\"@type\":\"ListItem\",\"position\":3,\"name\":\"Amarillo de Cromo &#8211; Ferro\"}]},{\"@type\":\"WebSite\",\"@id\":\"https:\/\/unitrade.pe\/representaciones-quimicas\/#website\",\"url\":\"https:\/\/unitrade.pe\/representaciones-quimicas\/\",\"name\":\"Representaciones Qu\u00edmicas\",\"description\":\"\",\"publisher\":{\"@id\":\"https:\/\/unitrade.pe\/representaciones-quimicas\/#organization\"},\"potentialAction\":[{\"@type\":\"SearchAction\",\"target\":{\"@type\":\"EntryPoint\",\"urlTemplate\":\"https:\/\/unitrade.pe\/representaciones-quimicas\/?s={search_term_string}\"},\"query-input\":{\"@type\":\"PropertyValueSpecification\",\"valueRequired\":true,\"valueName\":\"search_term_string\"}}],\"inLanguage\":\"es-PE\"},{\"@type\":\"Organization\",\"@id\":\"https:\/\/unitrade.pe\/representaciones-quimicas\/#organization\",\"name\":\"Representaciones Qu\u00edmicas\",\"url\":\"https:\/\/unitrade.pe\/representaciones-quimicas\/\",\"logo\":{\"@type\":\"ImageObject\",\"inLanguage\":\"es-PE\",\"@id\":\"https:\/\/unitrade.pe\/representaciones-quimicas\/#\/schema\/logo\/image\/\",\"url\":\"https:\/\/unitrade.pe\/representaciones-quimicas\/wp-content\/uploads\/sites\/3\/2021\/11\/logo-representaciones-quimicas.svg\",\"contentUrl\":\"https:\/\/unitrade.pe\/representaciones-quimicas\/wp-content\/uploads\/sites\/3\/2021\/11\/logo-representaciones-quimicas.svg\",\"caption\":\"Representaciones Qu\u00edmicas\"},\"image\":{\"@id\":\"https:\/\/unitrade.pe\/representaciones-quimicas\/#\/schema\/logo\/image\/\"}}]}<\/script>\n<!-- \/ Yoast SEO plugin. -->","yoast_head_json":{"title":"Amarillo de Cromo - Ferro - Representaciones Qu\u00edmicas","description":"Tienen tonos intensos, limpios, de f\u00e1cil dispersi\u00f3n y excelente opacidad, lo que permite obtener excelentes resultados en tonos llenos o en tonos matizados. Contamos con grados especiales para un mejor desempe\u00f1o en medios altamente \u00e1cidos o alcalinos, repintado automotriz y en altas temperaturas.","robots":{"index":"index","follow":"follow","max-snippet":"max-snippet:-1","max-image-preview":"max-image-preview:large","max-video-preview":"max-video-preview:-1"},"canonical":"https:\/\/unitrade.pe\/representaciones-quimicas\/product\/amarillo-de-cromo-ferro\/","og_locale":"es_ES","og_type":"article","og_title":"Amarillo de Cromo - Ferro - Representaciones Qu\u00edmicas","og_description":"Tienen tonos intensos, limpios, de f\u00e1cil dispersi\u00f3n y excelente opacidad, lo que permite obtener excelentes resultados en tonos llenos o en tonos matizados. Contamos con grados especiales para un mejor desempe\u00f1o en medios altamente \u00e1cidos o alcalinos, repintado automotriz y en altas temperaturas.","og_url":"https:\/\/unitrade.pe\/representaciones-quimicas\/product\/amarillo-de-cromo-ferro\/","og_site_name":"Representaciones Qu\u00edmicas","article_modified_time":"2021-12-16T04:24:35+00:00","og_image":[{"width":1620,"height":960,"url":"https:\/\/unitrade.pe\/representaciones-quimicas\/wp-content\/uploads\/sites\/3\/2021\/11\/Amarillo-de-cromo.jpg","type":"image\/jpeg"}],"twitter_card":"summary_large_image","schema":{"@context":"https:\/\/schema.org","@graph":[{"@type":"WebPage","@id":"https:\/\/unitrade.pe\/representaciones-quimicas\/product\/amarillo-de-cromo-ferro\/","url":"https:\/\/unitrade.pe\/representaciones-quimicas\/product\/amarillo-de-cromo-ferro\/","name":"Amarillo de Cromo - Ferro - Representaciones Qu\u00edmicas","isPartOf":{"@id":"https:\/\/unitrade.pe\/representaciones-quimicas\/#website"},"primaryImageOfPage":{"@id":"https:\/\/unitrade.pe\/representaciones-quimicas\/product\/amarillo-de-cromo-ferro\/#primaryimage"},"image":{"@id":"https:\/\/unitrade.pe\/representaciones-quimicas\/product\/amarillo-de-cromo-ferro\/#primaryimage"},"thumbnailUrl":"https:\/\/unitrade.pe\/representaciones-quimicas\/wp-content\/uploads\/sites\/3\/2021\/11\/Amarillo-de-cromo.jpg","datePublished":"2021-11-13T16:51:58+00:00","dateModified":"2021-12-16T04:24:35+00:00","description":"Tienen tonos intensos, limpios, de f\u00e1cil dispersi\u00f3n y excelente opacidad, lo que permite obtener excelentes resultados en tonos llenos o en tonos matizados. Contamos con grados especiales para un mejor desempe\u00f1o en medios altamente \u00e1cidos o alcalinos, repintado automotriz y en altas temperaturas.","breadcrumb":{"@id":"https:\/\/unitrade.pe\/representaciones-quimicas\/product\/amarillo-de-cromo-ferro\/#breadcrumb"},"inLanguage":"es-PE","potentialAction":[{"@type":"ReadAction","target":["https:\/\/unitrade.pe\/representaciones-quimicas\/product\/amarillo-de-cromo-ferro\/"]}]},{"@type":"ImageObject","inLanguage":"es-PE","@id":"https:\/\/unitrade.pe\/representaciones-quimicas\/product\/amarillo-de-cromo-ferro\/#primaryimage","url":"https:\/\/unitrade.pe\/representaciones-quimicas\/wp-content\/uploads\/sites\/3\/2021\/11\/Amarillo-de-cromo.jpg","contentUrl":"https:\/\/unitrade.pe\/representaciones-quimicas\/wp-content\/uploads\/sites\/3\/2021\/11\/Amarillo-de-cromo.jpg","width":1620,"height":960},{"@type":"BreadcrumbList","@id":"https:\/\/unitrade.pe\/representaciones-quimicas\/product\/amarillo-de-cromo-ferro\/#breadcrumb","itemListElement":[{"@type":"ListItem","position":1,"name":"Portada","item":"https:\/\/unitrade.pe\/representaciones-quimicas\/"},{"@type":"ListItem","position":2,"name":"Productos","item":"https:\/\/unitrade.pe\/representaciones-quimicas\/shop\/"},{"@type":"ListItem","position":3,"name":"Amarillo de Cromo &#8211; Ferro"}]},{"@type":"WebSite","@id":"https:\/\/unitrade.pe\/representaciones-quimicas\/#website","url":"https:\/\/unitrade.pe\/representaciones-quimicas\/","name":"Representaciones Qu\u00edmicas","description":"","publisher":{"@id":"https:\/\/unitrade.pe\/representaciones-quimicas\/#organization"},"potentialAction":[{"@type":"SearchAction","target":{"@type":"EntryPoint","urlTemplate":"https:\/\/unitrade.pe\/representaciones-quimicas\/?s={search_term_string}"},"query-input":{"@type":"PropertyValueSpecification","valueRequired":true,"valueName":"search_term_string"}}],"inLanguage":"es-PE"},{"@type":"Organization","@id":"https:\/\/unitrade.pe\/representaciones-quimicas\/#organization","name":"Representaciones Qu\u00edmicas","url":"https:\/\/unitrade.pe\/representaciones-quimicas\/","logo":{"@type":"ImageObject","inLanguage":"es-PE","@id":"https:\/\/unitrade.pe\/representaciones-quimicas\/#\/schema\/logo\/image\/","url":"https:\/\/unitrade.pe\/representaciones-quimicas\/wp-content\/uploads\/sites\/3\/2021\/11\/logo-representaciones-quimicas.svg","contentUrl":"https:\/\/unitrade.pe\/representaciones-quimicas\/wp-content\/uploads\/sites\/3\/2021\/11\/logo-representaciones-quimicas.svg","caption":"Representaciones Qu\u00edmicas"},"image":{"@id":"https:\/\/unitrade.pe\/representaciones-quimicas\/#\/schema\/logo\/image\/"}}]}},"_links":{"self":[{"href":"https:\/\/unitrade.pe\/representaciones-quimicas\/wp-json\/wp\/v2\/product\/82","targetHints":{"allow":["GET"]}}],"collection":[{"href":"https:\/\/unitrade.pe\/representaciones-quimicas\/wp-json\/wp\/v2\/product"}],"about":[{"href":"https:\/\/unitrade.pe\/representaciones-quimicas\/wp-json\/wp\/v2\/types\/product"}],"wp:featuredmedia":[{"embeddable":true,"href":"https:\/\/unitrade.pe\/representaciones-quimicas\/wp-json\/wp\/v2\/media\/202"}],"wp:attachment":[{"href":"https:\/\/unitrade.pe\/representaciones-quimicas\/wp-json\/wp\/v2\/media?parent=82"}],"wp:term":[{"taxonomy":"product_brand","embeddable":true,"href":"https:\/\/unitrade.pe\/representaciones-quimicas\/wp-json\/wp\/v2\/product_brand?post=82"},{"taxonomy":"product_cat","embeddable":true,"href":"https:\/\/unitrade.pe\/representaciones-quimicas\/wp-json\/wp\/v2\/product_cat?post=82"},{"taxonomy":"product_tag","embeddable":true,"href":"https:\/\/unitrade.pe\/representaciones-quimicas\/wp-json\/wp\/v2\/product_tag?post=82"}],"curies":[{"name":"wp","href":"https:\/\/api.w.org\/{rel}","templated":true}]}}