{"id":39,"date":"2021-11-10T23:42:11","date_gmt":"2021-11-11T04:42:11","guid":{"rendered":"https:\/\/hosting1.dsbmobile.com\/representaciones-quimicas\/?page_id=39"},"modified":"2021-12-10T00:41:21","modified_gmt":"2021-12-10T05:41:21","slug":"productos","status":"publish","type":"page","link":"https:\/\/unitrade.pe\/representaciones-quimicas\/productos\/","title":{"rendered":"Productos"},"content":{"rendered":"<div class=\"d-flex align-items-start justify-content-center overflow-hidden\" style=\"max-height: 300px;\">\n<img decoding=\"async\" class=\"img-fluid\" src=\"\/representaciones-quimicas\/wp-content\/uploads\/sites\/3\/2021\/12\/productos.jpg\" alt=\"\">\n<\/div><div class=\"container my-5\">\n<div id=\"spinnerDropdown\" class=\"spinner-border\">\n  <span class=\"sr-only\">Loading&#8230;<\/span>\n<\/div>\n<form id=\"formProducts\" class=\"row align-items-end\" style=\"display:none\">\n<div class=\"col-md-auto\">\n<label for=\"categories\">Categor\u00edas<\/label>\n<select id=\"categories\" class=\"form-control\"><option value=\"0\">Todas<\/option><\/select>\n<\/div>\n<div class=\"col-md-auto\">\n<label for=\"categories\">Subcategor\u00edas<\/label>\n<select id=\"subcategories\" class=\"form-control\"><option value=\"0\">Todas<\/option><\/select>\n<\/div>\n<div class=\"col-md-auto\">\n<label for=\"search\">Buscar<\/label>\n<input id=\"search\" type=\"text\" class=\"form-control\">\n<\/div>\n<div class=\"col-md-auto\">\n<label for=\"search\"><\/label>\n<button type=\"submit\" class=\"btn btn-secondary\"><img decoding=\"async\" src=\"\/wp-content\/uploads\/2021\/11\/ic_search.svg\" style=\"width:20px\"><\/button>\n<\/div>\n<\/form>\n<div class=\"mt-4\">\n<div id=\"products\" class=\"row\" style=\"display:none\"><\/div>\n<div id=\"spinnerProducts\" class=\"spinner-border\">\n  <span class=\"sr-only\">Loading&#8230;<\/span>\n<\/div>\n<\/div>\n<\/div><script>\n\n\nfunction getCategories(){\n    let $categories = jQuery('#categories');\n    $categories.find('option:gt(0)').remove();\n    jQuery.ajax({\n        type: \"GET\",\n        beforeSend: function (xhr) {\n            xhr.setRequestHeader('Authorization', 'Basic Y2tfMDk1NDZjMzYyZWMwOWM1ZDkyOTVjZjRiZWFkNWYwZTFmNGM3OTMxZTpjc19iODg2YWUzMTUwMmJjYjMxZWFhZjA2MTM0ODE2MzU3YzlkNjhlM2M2');\n        },\n        contentType: \"application\/json; charset=utf-8\",\n        url: '\/representaciones-quimicas\/wp-json\/wc\/v3\/products\/categories?per_page=100&parent=0',\n        success: function (data) {      \n            jQuery.each(data,function(i, v){\n                if (v.name !== 'Uncategorized'){             \n                    let $option = jQuery('<option\/>',{value:v.id, html:v.name});\n                    $categories.append($option);\n                };\n            });\n            let categoria = getUrlVars()['categoria'];\n            if (categoria){\n                $categories.val(categoria);\n            }\n            jQuery('#spinnerDropdown').hide();\n            jQuery('#formProducts').show();\n\n            getSubCategories();\n        },\n        error: function () { alert('Debe cerrar sesi\u00f3n para acceder a esa p\u00e1gina')}\n    });\n}\nfunction getSubCategories(){\n    let $categories = jQuery('#categories');\n    let category = $categories.val();\n    let $subcategories = jQuery('#subcategories');\n    $subcategories.find('option:gt(0)').remove();\n    jQuery('#spinnerProducts').show();\n    jQuery('#products').hide();\n    if (category !== '0'){\n        jQuery.ajax({\n            type: \"GET\",\n            beforeSend: function (xhr) {\n                xhr.setRequestHeader('Authorization', 'Basic Y2tfMDk1NDZjMzYyZWMwOWM1ZDkyOTVjZjRiZWFkNWYwZTFmNGM3OTMxZTpjc19iODg2YWUzMTUwMmJjYjMxZWFhZjA2MTM0ODE2MzU3YzlkNjhlM2M2');\n            },\n            contentType: \"application\/json; charset=utf-8\",\n            url: '\/representaciones-quimicas\/wp-json\/wc\/v3\/products\/categories?per_page=100&parent='+category,\n            success: function (data) {\n                jQuery.each(data,function(i, v){\n                    let $option = jQuery('<option\/>',{value:v.id, html:v.name});\n                    $subcategories.append($option);\n                });\n                getProducts();\n            },\n            error: function () { alert('Debe cerrar sesi\u00f3n para acceder a esa p\u00e1gina')}\n        });\n    }\n    else {\n        getProducts();\n    }\n}\nfunction getProducts(){\n    let $categories = jQuery('#categories');\n    let category = $categories.val();\n    let $subcategories = jQuery('#subcategories');\n    let subcategory = $subcategories.val();\n    let $products = jQuery('#products');\n    $products.empty();\n    let search = jQuery('#search').val();\n    let url = '\/representaciones-quimicas\/wp-json\/wc\/v3\/products?per_page=100&orderby=title&order=asc&search='+search;\n    if (category !== '0'){\n        if (subcategory === '0'){\n            url += '&category=' + category;\n        }\n        else {\n            url += '&category=' + subcategory;\n        }\n    }\n    jQuery('#spinnerProducts').show();\n    jQuery('#products').hide();\n    jQuery.ajax({\n        type: \"GET\",\n        beforeSend: function (xhr) {\n            xhr.setRequestHeader('Authorization', 'Basic Y2tfMDk1NDZjMzYyZWMwOWM1ZDkyOTVjZjRiZWFkNWYwZTFmNGM3OTMxZTpjc19iODg2YWUzMTUwMmJjYjMxZWFhZjA2MTM0ODE2MzU3YzlkNjhlM2M2');\n        },\n        contentType: \"application\/json; charset=utf-8\",\n        url: url,\n        success: function (data) {            \n            jQuery.each(data,function(i, v){\n                let $div = jQuery('<div\/>', {class:'col-md-4 mb-4'});\n                let $a = jQuery('<a\/>',{href:v.permalink, class:'card shadow d-block text-center'});\nlet cssImage = {'height':150};\nif (v.images.length>0){\ncssImage.background = 'url('+v.images[0].src+') center no-repeat';\ncssImage['background-size'] = 'cover';\n}\nelse{\ncssImage.background = \"url('\/representaciones-quimicas\/wp-content\/uploads\/sites\/3\/woocommerce-placeholder.png') center no-repeat\";\ncssImage['background-size'] = 'contain';\n}\n                $a.append(jQuery('<div\/>', {css:cssImage}));\n                $a.append(jQuery('<div\/>', {html:v.name, class:'p-2' }));\n                $div.append($a);\n                $products.append($div);\n            });\n            jQuery('#spinnerProducts').hide();\n            jQuery('#products').show();\n        },\n        error: function () { alert('Debe cerrar sesi\u00f3n para acceder a esa p\u00e1gina')}\n    });\n}\njQuery('#categories').on('change', function(){\n    getSubCategories();\n});\njQuery('#subcategories').on('change', function(){\n    getProducts();\n});\njQuery('#formProducts').on('submit', function(){\n    getProducts();\n    return false;\n});\nfunction getUrlVars()\n{\n    var vars = [], hash;\n    var hashes = window.location.href.slice(window.location.href.indexOf('?') + 1).split('&');\n    for(var i = 0; i < hashes.length; i++)\n    {\n        hash = hashes[i].split('=');\n        vars.push(hash[0]);\n        vars[hash[0]] = hash[1];\n    }\n    return vars;\n}\ngetCategories();\n\n\n\n\n\n<\/script>","protected":false},"excerpt":{"rendered":"<p>Loading&#8230; Categor\u00edas Todas Subcategor\u00edas Todas Buscar Loading&#8230; [&#8230;]<\/p>\n<p><a class=\"btn btn-secondary understrap-read-more-link\" href=\"https:\/\/unitrade.pe\/representaciones-quimicas\/productos\/\">Read More&#8230;<\/a><\/p>\n","protected":false},"author":1,"featured_media":0,"parent":0,"menu_order":0,"comment_status":"closed","ping_status":"closed","template":"","meta":{"footnotes":""},"class_list":["post-39","page","type-page","status-publish","hentry"],"yoast_head":"<!-- This site is optimized with the Yoast SEO plugin v24.3 - https:\/\/yoast.com\/wordpress\/plugins\/seo\/ -->\n<title>Productos - Representaciones Qu\u00edmicas<\/title>\n<meta name=\"robots\" content=\"index, follow, max-snippet:-1, max-image-preview:large, max-video-preview:-1\" \/>\n<link rel=\"canonical\" href=\"https:\/\/unitrade.pe\/representaciones-quimicas\/productos\/\" \/>\n<meta property=\"og:locale\" content=\"es_ES\" \/>\n<meta property=\"og:type\" content=\"article\" \/>\n<meta property=\"og:title\" content=\"Productos - Representaciones Qu\u00edmicas\" \/>\n<meta property=\"og:description\" content=\"Loading&#8230; Categor\u00edas Todas Subcategor\u00edas Todas Buscar Loading&#8230; [...]Read More...\" \/>\n<meta property=\"og:url\" content=\"https:\/\/unitrade.pe\/representaciones-quimicas\/productos\/\" \/>\n<meta property=\"og:site_name\" content=\"Representaciones Qu\u00edmicas\" \/>\n<meta property=\"article:modified_time\" content=\"2021-12-10T05:41:21+00:00\" \/>\n<meta name=\"twitter:card\" content=\"summary_large_image\" \/>\n<meta name=\"twitter:label1\" content=\"Est. reading time\" \/>\n\t<meta name=\"twitter:data1\" content=\"2 minutos\" \/>\n<script type=\"application\/ld+json\" class=\"yoast-schema-graph\">{\"@context\":\"https:\/\/schema.org\",\"@graph\":[{\"@type\":\"WebPage\",\"@id\":\"https:\/\/unitrade.pe\/representaciones-quimicas\/productos\/\",\"url\":\"https:\/\/unitrade.pe\/representaciones-quimicas\/productos\/\",\"name\":\"Productos - Representaciones Qu\u00edmicas\",\"isPartOf\":{\"@id\":\"https:\/\/unitrade.pe\/representaciones-quimicas\/#website\"},\"datePublished\":\"2021-11-11T04:42:11+00:00\",\"dateModified\":\"2021-12-10T05:41:21+00:00\",\"breadcrumb\":{\"@id\":\"https:\/\/unitrade.pe\/representaciones-quimicas\/productos\/#breadcrumb\"},\"inLanguage\":\"es-PE\",\"potentialAction\":[{\"@type\":\"ReadAction\",\"target\":[\"https:\/\/unitrade.pe\/representaciones-quimicas\/productos\/\"]}]},{\"@type\":\"BreadcrumbList\",\"@id\":\"https:\/\/unitrade.pe\/representaciones-quimicas\/productos\/#breadcrumb\",\"itemListElement\":[{\"@type\":\"ListItem\",\"position\":1,\"name\":\"Portada\",\"item\":\"https:\/\/unitrade.pe\/representaciones-quimicas\/\"},{\"@type\":\"ListItem\",\"position\":2,\"name\":\"Productos\"}]},{\"@type\":\"WebSite\",\"@id\":\"https:\/\/unitrade.pe\/representaciones-quimicas\/#website\",\"url\":\"https:\/\/unitrade.pe\/representaciones-quimicas\/\",\"name\":\"Representaciones Qu\u00edmicas\",\"description\":\"\",\"publisher\":{\"@id\":\"https:\/\/unitrade.pe\/representaciones-quimicas\/#organization\"},\"potentialAction\":[{\"@type\":\"SearchAction\",\"target\":{\"@type\":\"EntryPoint\",\"urlTemplate\":\"https:\/\/unitrade.pe\/representaciones-quimicas\/?s={search_term_string}\"},\"query-input\":{\"@type\":\"PropertyValueSpecification\",\"valueRequired\":true,\"valueName\":\"search_term_string\"}}],\"inLanguage\":\"es-PE\"},{\"@type\":\"Organization\",\"@id\":\"https:\/\/unitrade.pe\/representaciones-quimicas\/#organization\",\"name\":\"Representaciones Qu\u00edmicas\",\"url\":\"https:\/\/unitrade.pe\/representaciones-quimicas\/\",\"logo\":{\"@type\":\"ImageObject\",\"inLanguage\":\"es-PE\",\"@id\":\"https:\/\/unitrade.pe\/representaciones-quimicas\/#\/schema\/logo\/image\/\",\"url\":\"https:\/\/unitrade.pe\/representaciones-quimicas\/wp-content\/uploads\/sites\/3\/2021\/11\/logo-representaciones-quimicas.svg\",\"contentUrl\":\"https:\/\/unitrade.pe\/representaciones-quimicas\/wp-content\/uploads\/sites\/3\/2021\/11\/logo-representaciones-quimicas.svg\",\"caption\":\"Representaciones Qu\u00edmicas\"},\"image\":{\"@id\":\"https:\/\/unitrade.pe\/representaciones-quimicas\/#\/schema\/logo\/image\/\"}}]}<\/script>\n<!-- \/ Yoast SEO plugin. -->","yoast_head_json":{"title":"Productos - Representaciones Qu\u00edmicas","robots":{"index":"index","follow":"follow","max-snippet":"max-snippet:-1","max-image-preview":"max-image-preview:large","max-video-preview":"max-video-preview:-1"},"canonical":"https:\/\/unitrade.pe\/representaciones-quimicas\/productos\/","og_locale":"es_ES","og_type":"article","og_title":"Productos - Representaciones Qu\u00edmicas","og_description":"Loading&#8230; Categor\u00edas Todas Subcategor\u00edas Todas Buscar Loading&#8230; [...]Read More...","og_url":"https:\/\/unitrade.pe\/representaciones-quimicas\/productos\/","og_site_name":"Representaciones Qu\u00edmicas","article_modified_time":"2021-12-10T05:41:21+00:00","twitter_card":"summary_large_image","twitter_misc":{"Est. reading time":"2 minutos"},"schema":{"@context":"https:\/\/schema.org","@graph":[{"@type":"WebPage","@id":"https:\/\/unitrade.pe\/representaciones-quimicas\/productos\/","url":"https:\/\/unitrade.pe\/representaciones-quimicas\/productos\/","name":"Productos - Representaciones Qu\u00edmicas","isPartOf":{"@id":"https:\/\/unitrade.pe\/representaciones-quimicas\/#website"},"datePublished":"2021-11-11T04:42:11+00:00","dateModified":"2021-12-10T05:41:21+00:00","breadcrumb":{"@id":"https:\/\/unitrade.pe\/representaciones-quimicas\/productos\/#breadcrumb"},"inLanguage":"es-PE","potentialAction":[{"@type":"ReadAction","target":["https:\/\/unitrade.pe\/representaciones-quimicas\/productos\/"]}]},{"@type":"BreadcrumbList","@id":"https:\/\/unitrade.pe\/representaciones-quimicas\/productos\/#breadcrumb","itemListElement":[{"@type":"ListItem","position":1,"name":"Portada","item":"https:\/\/unitrade.pe\/representaciones-quimicas\/"},{"@type":"ListItem","position":2,"name":"Productos"}]},{"@type":"WebSite","@id":"https:\/\/unitrade.pe\/representaciones-quimicas\/#website","url":"https:\/\/unitrade.pe\/representaciones-quimicas\/","name":"Representaciones Qu\u00edmicas","description":"","publisher":{"@id":"https:\/\/unitrade.pe\/representaciones-quimicas\/#organization"},"potentialAction":[{"@type":"SearchAction","target":{"@type":"EntryPoint","urlTemplate":"https:\/\/unitrade.pe\/representaciones-quimicas\/?s={search_term_string}"},"query-input":{"@type":"PropertyValueSpecification","valueRequired":true,"valueName":"search_term_string"}}],"inLanguage":"es-PE"},{"@type":"Organization","@id":"https:\/\/unitrade.pe\/representaciones-quimicas\/#organization","name":"Representaciones Qu\u00edmicas","url":"https:\/\/unitrade.pe\/representaciones-quimicas\/","logo":{"@type":"ImageObject","inLanguage":"es-PE","@id":"https:\/\/unitrade.pe\/representaciones-quimicas\/#\/schema\/logo\/image\/","url":"https:\/\/unitrade.pe\/representaciones-quimicas\/wp-content\/uploads\/sites\/3\/2021\/11\/logo-representaciones-quimicas.svg","contentUrl":"https:\/\/unitrade.pe\/representaciones-quimicas\/wp-content\/uploads\/sites\/3\/2021\/11\/logo-representaciones-quimicas.svg","caption":"Representaciones Qu\u00edmicas"},"image":{"@id":"https:\/\/unitrade.pe\/representaciones-quimicas\/#\/schema\/logo\/image\/"}}]}},"_links":{"self":[{"href":"https:\/\/unitrade.pe\/representaciones-quimicas\/wp-json\/wp\/v2\/pages\/39","targetHints":{"allow":["GET"]}}],"collection":[{"href":"https:\/\/unitrade.pe\/representaciones-quimicas\/wp-json\/wp\/v2\/pages"}],"about":[{"href":"https:\/\/unitrade.pe\/representaciones-quimicas\/wp-json\/wp\/v2\/types\/page"}],"author":[{"embeddable":true,"href":"https:\/\/unitrade.pe\/representaciones-quimicas\/wp-json\/wp\/v2\/users\/1"}],"replies":[{"embeddable":true,"href":"https:\/\/unitrade.pe\/representaciones-quimicas\/wp-json\/wp\/v2\/comments?post=39"}],"version-history":[{"count":22,"href":"https:\/\/unitrade.pe\/representaciones-quimicas\/wp-json\/wp\/v2\/pages\/39\/revisions"}],"predecessor-version":[{"id":307,"href":"https:\/\/unitrade.pe\/representaciones-quimicas\/wp-json\/wp\/v2\/pages\/39\/revisions\/307"}],"wp:attachment":[{"href":"https:\/\/unitrade.pe\/representaciones-quimicas\/wp-json\/wp\/v2\/media?parent=39"}],"curies":[{"name":"wp","href":"https:\/\/api.w.org\/{rel}","templated":true}]}}