{"id":16,"date":"2021-11-10T23:19:05","date_gmt":"2021-11-11T04:19:05","guid":{"rendered":"https:\/\/hosting1.dsbmobile.com\/representaciones-quimicas\/?page_id=16"},"modified":"2022-01-21T12:41:07","modified_gmt":"2022-01-21T17:41:07","slug":"inicio","status":"publish","type":"page","link":"https:\/\/unitrade.pe\/representaciones-quimicas\/","title":{"rendered":"Inicio"},"content":{"rendered":"<div id=\"carouselExampleIndicators\" class=\"carousel slide\" data-ride=\"carousel\">\n  <ol class=\"carousel-indicators\">\n    <li data-target=\"#carouselExampleIndicators\" data-slide-to=\"0\" class=\"active\"><\/li>\n    <li data-target=\"#carouselExampleIndicators\" data-slide-to=\"1\"><\/li>\n    <li data-target=\"#carouselExampleIndicators\" data-slide-to=\"2\"><\/li>\n  <\/ol>\n  <div class=\"carousel-inner\">\n    <div class=\"carousel-item active\">\n      <img decoding=\"async\" class=\"d-block w-100 carousel-opacity\" src=\"\/representaciones-quimicas\/wp-content\/uploads\/sites\/3\/2021\/11\/home-1.jpg\">\n<div class=\"carousel-caption\">\n        Desde 1980, nos dedicamos a la representaci\u00f3n y distribuci\u00f3n comercial de prestigiosas empresas de nivel mundial, con productos qu\u00edmicos para las industrias del concreto, pinturas, pl\u00e1sticos, serigraf\u00eda y tintas de impresi\u00f3n, entre otras.\n      <\/div>\n    <\/div>\n    <div class=\"carousel-item\">\n      <img decoding=\"async\" class=\"d-block w-100 carousel-opacity\" src=\"\/representaciones-quimicas\/wp-content\/uploads\/sites\/3\/2021\/11\/home-2.jpg\">\n<div class=\"carousel-caption\">\n        Nuestro compromiso es conectar a nuestros clientes con la oferta de marcas l\u00edderes en la fabricaci\u00f3n y comercializaci\u00f3n de especialidades qu\u00edmicas, garantiz\u00e1ndoles la mejor calidad y el m\u00e1s alto desempe\u00f1o. \n      <\/div>\n    <\/div>\n    <div class=\"carousel-item\">\n      <img decoding=\"async\" class=\"d-block w-100 carousel-opacity\" src=\"\/representaciones-quimicas\/wp-content\/uploads\/sites\/3\/2021\/11\/home-3.jpg\">\n<div class=\"carousel-caption\">\n        Contamos con profesionales con el conocimiento y la experiencia necesaria para brindar un soporte t\u00e9cnico adecuado a nuestros clientes, lo que nos ha permitido atender satisfactoriamente los requerimientos de diversas industrias a nivel nacional. \u00a1M\u00e1s de 40 a\u00f1os de experiencia en el mercado nos respaldan! \n      <\/div>\n    <\/div>\n  <\/div>\n  <a class=\"carousel-control-prev\" href=\"#carouselExampleIndicators\" role=\"button\" data-slide=\"prev\">\n    <span class=\"carousel-control-prev-icon\" aria-hidden=\"true\"><\/span>\n    <span class=\"sr-only\">Previous<\/span>\n  <\/a>\n  <a class=\"carousel-control-next\" href=\"#carouselExampleIndicators\" role=\"button\" data-slide=\"next\">\n    <span class=\"carousel-control-next-icon\" aria-hidden=\"true\"><\/span>\n    <span class=\"sr-only\">Next<\/span>\n  <\/a>\n<\/div><p><\/p>","protected":false},"excerpt":{"rendered":"<p>Desde 1980, nos dedicamos a la representaci\u00f3n y distribuci\u00f3n comercial de prestigiosas empresas de nivel mundial, con productos qu\u00edmicos para las industrias del concreto, pinturas, pl\u00e1sticos, serigraf\u00eda y tintas de impresi\u00f3n, entre otras. Nuestro compromiso es conectar a nuestros clientes con la oferta de marcas l\u00edderes en la fabricaci\u00f3n y comercializaci\u00f3n de especialidades qu\u00edmicas, garantiz\u00e1ndoles [&#8230;]<\/p>\n<p><a class=\"btn btn-secondary understrap-read-more-link\" href=\"https:\/\/unitrade.pe\/representaciones-quimicas\/\">Read More&#8230;<\/a><\/p>\n","protected":false},"author":1,"featured_media":0,"parent":0,"menu_order":0,"comment_status":"closed","ping_status":"closed","template":"","meta":{"footnotes":""},"class_list":["post-16","page","type-page","status-publish","hentry"],"yoast_head":"<!-- This site is optimized with the Yoast SEO plugin v24.3 - https:\/\/yoast.com\/wordpress\/plugins\/seo\/ -->\n<title>Inicio - Representaciones Qu\u00edmicas<\/title>\n<meta name=\"description\" content=\"Desde 1980, nos dedicamos a la representaci\u00f3n y distribuci\u00f3n comercial de prestigiosas empresas de nivel mundial, con productos qu\u00edmicos para las industrias del concreto, pinturas, pl\u00e1sticos, serigraf\u00eda y tintas de impresi\u00f3n, entre otras.\" \/>\n<meta name=\"robots\" content=\"index, follow, max-snippet:-1, max-image-preview:large, max-video-preview:-1\" \/>\n<link rel=\"canonical\" href=\"https:\/\/unitrade.pe\/representaciones-quimicas\/\" \/>\n<meta property=\"og:locale\" content=\"es_ES\" \/>\n<meta property=\"og:type\" content=\"article\" \/>\n<meta property=\"og:title\" content=\"Inicio - Representaciones Qu\u00edmicas\" \/>\n<meta property=\"og:description\" content=\"Desde 1980, nos dedicamos a la representaci\u00f3n y distribuci\u00f3n comercial de prestigiosas empresas de nivel mundial, con productos qu\u00edmicos para las industrias del concreto, pinturas, pl\u00e1sticos, serigraf\u00eda y tintas de impresi\u00f3n, entre otras.\" \/>\n<meta property=\"og:url\" content=\"https:\/\/unitrade.pe\/representaciones-quimicas\/\" \/>\n<meta property=\"og:site_name\" content=\"Representaciones Qu\u00edmicas\" \/>\n<meta property=\"article:modified_time\" content=\"2022-01-21T17:41:07+00:00\" \/>\n<meta name=\"twitter:card\" content=\"summary_large_image\" \/>\n<meta name=\"twitter:label1\" content=\"Est. reading time\" \/>\n\t<meta name=\"twitter:data1\" content=\"2 minutos\" \/>\n<script type=\"application\/ld+json\" class=\"yoast-schema-graph\">{\"@context\":\"https:\/\/schema.org\",\"@graph\":[{\"@type\":\"WebPage\",\"@id\":\"https:\/\/unitrade.pe\/representaciones-quimicas\/\",\"url\":\"https:\/\/unitrade.pe\/representaciones-quimicas\/\",\"name\":\"Inicio - Representaciones Qu\u00edmicas\",\"isPartOf\":{\"@id\":\"https:\/\/unitrade.pe\/representaciones-quimicas\/#website\"},\"datePublished\":\"2021-11-11T04:19:05+00:00\",\"dateModified\":\"2022-01-21T17:41:07+00:00\",\"description\":\"Desde 1980, nos dedicamos a la representaci\u00f3n y distribuci\u00f3n comercial de prestigiosas empresas de nivel mundial, con productos qu\u00edmicos para las industrias del concreto, pinturas, pl\u00e1sticos, serigraf\u00eda y tintas de impresi\u00f3n, entre otras.\",\"breadcrumb\":{\"@id\":\"https:\/\/unitrade.pe\/representaciones-quimicas\/#breadcrumb\"},\"inLanguage\":\"es-PE\",\"potentialAction\":[{\"@type\":\"ReadAction\",\"target\":[\"https:\/\/unitrade.pe\/representaciones-quimicas\/\"]}]},{\"@type\":\"BreadcrumbList\",\"@id\":\"https:\/\/unitrade.pe\/representaciones-quimicas\/#breadcrumb\",\"itemListElement\":[{\"@type\":\"ListItem\",\"position\":1,\"name\":\"Portada\",\"item\":\"https:\/\/unitrade.pe\/representaciones-quimicas\/\"},{\"@type\":\"ListItem\",\"position\":2,\"name\":\"Inicio\"}]},{\"@type\":\"WebSite\",\"@id\":\"https:\/\/unitrade.pe\/representaciones-quimicas\/#website\",\"url\":\"https:\/\/unitrade.pe\/representaciones-quimicas\/\",\"name\":\"Representaciones Qu\u00edmicas\",\"description\":\"\",\"publisher\":{\"@id\":\"https:\/\/unitrade.pe\/representaciones-quimicas\/#organization\"},\"potentialAction\":[{\"@type\":\"SearchAction\",\"target\":{\"@type\":\"EntryPoint\",\"urlTemplate\":\"https:\/\/unitrade.pe\/representaciones-quimicas\/?s={search_term_string}\"},\"query-input\":{\"@type\":\"PropertyValueSpecification\",\"valueRequired\":true,\"valueName\":\"search_term_string\"}}],\"inLanguage\":\"es-PE\"},{\"@type\":\"Organization\",\"@id\":\"https:\/\/unitrade.pe\/representaciones-quimicas\/#organization\",\"name\":\"Representaciones Qu\u00edmicas\",\"url\":\"https:\/\/unitrade.pe\/representaciones-quimicas\/\",\"logo\":{\"@type\":\"ImageObject\",\"inLanguage\":\"es-PE\",\"@id\":\"https:\/\/unitrade.pe\/representaciones-quimicas\/#\/schema\/logo\/image\/\",\"url\":\"https:\/\/unitrade.pe\/representaciones-quimicas\/wp-content\/uploads\/sites\/3\/2021\/11\/logo-representaciones-quimicas.svg\",\"contentUrl\":\"https:\/\/unitrade.pe\/representaciones-quimicas\/wp-content\/uploads\/sites\/3\/2021\/11\/logo-representaciones-quimicas.svg\",\"caption\":\"Representaciones Qu\u00edmicas\"},\"image\":{\"@id\":\"https:\/\/unitrade.pe\/representaciones-quimicas\/#\/schema\/logo\/image\/\"}}]}<\/script>\n<!-- \/ Yoast SEO plugin. -->","yoast_head_json":{"title":"Inicio - Representaciones Qu\u00edmicas","description":"Desde 1980, nos dedicamos a la representaci\u00f3n y distribuci\u00f3n comercial de prestigiosas empresas de nivel mundial, con productos qu\u00edmicos para las industrias del concreto, pinturas, pl\u00e1sticos, serigraf\u00eda y tintas de impresi\u00f3n, entre otras.","robots":{"index":"index","follow":"follow","max-snippet":"max-snippet:-1","max-image-preview":"max-image-preview:large","max-video-preview":"max-video-preview:-1"},"canonical":"https:\/\/unitrade.pe\/representaciones-quimicas\/","og_locale":"es_ES","og_type":"article","og_title":"Inicio - Representaciones Qu\u00edmicas","og_description":"Desde 1980, nos dedicamos a la representaci\u00f3n y distribuci\u00f3n comercial de prestigiosas empresas de nivel mundial, con productos qu\u00edmicos para las industrias del concreto, pinturas, pl\u00e1sticos, serigraf\u00eda y tintas de impresi\u00f3n, entre otras.","og_url":"https:\/\/unitrade.pe\/representaciones-quimicas\/","og_site_name":"Representaciones Qu\u00edmicas","article_modified_time":"2022-01-21T17:41:07+00:00","twitter_card":"summary_large_image","twitter_misc":{"Est. reading time":"2 minutos"},"schema":{"@context":"https:\/\/schema.org","@graph":[{"@type":"WebPage","@id":"https:\/\/unitrade.pe\/representaciones-quimicas\/","url":"https:\/\/unitrade.pe\/representaciones-quimicas\/","name":"Inicio - Representaciones Qu\u00edmicas","isPartOf":{"@id":"https:\/\/unitrade.pe\/representaciones-quimicas\/#website"},"datePublished":"2021-11-11T04:19:05+00:00","dateModified":"2022-01-21T17:41:07+00:00","description":"Desde 1980, nos dedicamos a la representaci\u00f3n y distribuci\u00f3n comercial de prestigiosas empresas de nivel mundial, con productos qu\u00edmicos para las industrias del concreto, pinturas, pl\u00e1sticos, serigraf\u00eda y tintas de impresi\u00f3n, entre otras.","breadcrumb":{"@id":"https:\/\/unitrade.pe\/representaciones-quimicas\/#breadcrumb"},"inLanguage":"es-PE","potentialAction":[{"@type":"ReadAction","target":["https:\/\/unitrade.pe\/representaciones-quimicas\/"]}]},{"@type":"BreadcrumbList","@id":"https:\/\/unitrade.pe\/representaciones-quimicas\/#breadcrumb","itemListElement":[{"@type":"ListItem","position":1,"name":"Portada","item":"https:\/\/unitrade.pe\/representaciones-quimicas\/"},{"@type":"ListItem","position":2,"name":"Inicio"}]},{"@type":"WebSite","@id":"https:\/\/unitrade.pe\/representaciones-quimicas\/#website","url":"https:\/\/unitrade.pe\/representaciones-quimicas\/","name":"Representaciones Qu\u00edmicas","description":"","publisher":{"@id":"https:\/\/unitrade.pe\/representaciones-quimicas\/#organization"},"potentialAction":[{"@type":"SearchAction","target":{"@type":"EntryPoint","urlTemplate":"https:\/\/unitrade.pe\/representaciones-quimicas\/?s={search_term_string}"},"query-input":{"@type":"PropertyValueSpecification","valueRequired":true,"valueName":"search_term_string"}}],"inLanguage":"es-PE"},{"@type":"Organization","@id":"https:\/\/unitrade.pe\/representaciones-quimicas\/#organization","name":"Representaciones Qu\u00edmicas","url":"https:\/\/unitrade.pe\/representaciones-quimicas\/","logo":{"@type":"ImageObject","inLanguage":"es-PE","@id":"https:\/\/unitrade.pe\/representaciones-quimicas\/#\/schema\/logo\/image\/","url":"https:\/\/unitrade.pe\/representaciones-quimicas\/wp-content\/uploads\/sites\/3\/2021\/11\/logo-representaciones-quimicas.svg","contentUrl":"https:\/\/unitrade.pe\/representaciones-quimicas\/wp-content\/uploads\/sites\/3\/2021\/11\/logo-representaciones-quimicas.svg","caption":"Representaciones Qu\u00edmicas"},"image":{"@id":"https:\/\/unitrade.pe\/representaciones-quimicas\/#\/schema\/logo\/image\/"}}]}},"_links":{"self":[{"href":"https:\/\/unitrade.pe\/representaciones-quimicas\/wp-json\/wp\/v2\/pages\/16","targetHints":{"allow":["GET"]}}],"collection":[{"href":"https:\/\/unitrade.pe\/representaciones-quimicas\/wp-json\/wp\/v2\/pages"}],"about":[{"href":"https:\/\/unitrade.pe\/representaciones-quimicas\/wp-json\/wp\/v2\/types\/page"}],"author":[{"embeddable":true,"href":"https:\/\/unitrade.pe\/representaciones-quimicas\/wp-json\/wp\/v2\/users\/1"}],"replies":[{"embeddable":true,"href":"https:\/\/unitrade.pe\/representaciones-quimicas\/wp-json\/wp\/v2\/comments?post=16"}],"version-history":[{"count":4,"href":"https:\/\/unitrade.pe\/representaciones-quimicas\/wp-json\/wp\/v2\/pages\/16\/revisions"}],"predecessor-version":[{"id":32,"href":"https:\/\/unitrade.pe\/representaciones-quimicas\/wp-json\/wp\/v2\/pages\/16\/revisions\/32"}],"wp:attachment":[{"href":"https:\/\/unitrade.pe\/representaciones-quimicas\/wp-json\/wp\/v2\/media?parent=16"}],"curies":[{"name":"wp","href":"https:\/\/api.w.org\/{rel}","templated":true}]}}