{"id":52,"date":"2021-11-10T22:48:56","date_gmt":"2021-11-11T03:48:56","guid":{"rendered":"https:\/\/hosting1.dsbmobile.com\/operador-logistico\/?page_id=52"},"modified":"2022-01-21T12:42:43","modified_gmt":"2022-01-21T17:42:43","slug":"logistica-integral","status":"publish","type":"page","link":"https:\/\/unitrade.pe\/operador-logistico\/logistica-integral\/","title":{"rendered":"Log\u00edstica Integral"},"content":{"rendered":"<div class=\"d-flex align-items-center overflow-hidden\" style=\"max-height: 500px;\">\n<img decoding=\"async\" class=\"w-100\" src=\"\/operador-logistico\/wp-content\/uploads\/sites\/2\/2021\/11\/logistica-integral-1.jpg\" alt=\"\">\n<\/div><section class=\"container\" id=\"quienes-somos\">\n<div class=\"row no-gutters py-5\">\n<div class=\"col-md-5\">\n<img decoding=\"async\" class=\"w-100\" src=\"\/operador-logistico\/wp-content\/uploads\/sites\/2\/2021\/11\/logistica-integral-2.jpg\" alt=\"\">\n<\/div>\n<div class=\"col-md-1\"><\/div>\n<div class=\"col-md-6\">\n<h3 class=\"c-primary\">Log\u00edstica Integral<\/h3>\n<p>Integramos los servicios de UNITRADE y UNIADUANAS para ofrecerles un servicio log\u00edstico m\u00e1s completo. Buscamos ser socios estrat\u00e9gicos de nuestros clientes, haci\u00e9ndonos cargo de sus operaciones log\u00edsticas y acompa\u00f1\u00e1ndolos en su crecimiento.<\/p>\n<p>Ventajas:<\/p>\n<ul>\n<li>Asesor\u00eda t\u00e9cnico aduanera desde el inicio.<\/li>\n<li>Diversos servicios integrados en un solo operador.<\/li>\n<li>Flexibilidad y rapidez en los tr\u00e1mites.<\/li>\n<li>Mayor seguridad en sus operaciones.<\/li>\n<\/ul>\n<\/div>\n<\/div>\n<\/section>","protected":false},"excerpt":{"rendered":"<p>Log\u00edstica Integral Integramos los servicios de UNITRADE y UNIADUANAS para ofrecerles un servicio log\u00edstico m\u00e1s completo. Buscamos ser socios estrat\u00e9gicos de nuestros clientes, haci\u00e9ndonos cargo de sus operaciones log\u00edsticas y acompa\u00f1\u00e1ndolos en su crecimiento. Ventajas: Asesor\u00eda t\u00e9cnico aduanera desde el inicio. Diversos servicios integrados en un solo operador. Flexibilidad y rapidez en los tr\u00e1mites. Mayor [&#8230;]<\/p>\n<p><a class=\"btn btn-secondary understrap-read-more-link\" href=\"https:\/\/unitrade.pe\/operador-logistico\/logistica-integral\/\">Read More&#8230;<\/a><\/p>\n","protected":false},"author":1,"featured_media":0,"parent":0,"menu_order":0,"comment_status":"closed","ping_status":"closed","template":"","meta":{"footnotes":""},"class_list":["post-52","page","type-page","status-publish","hentry"],"yoast_head":"<!-- This site is optimized with the Yoast SEO plugin v24.3 - https:\/\/yoast.com\/wordpress\/plugins\/seo\/ -->\n<title>Log\u00edstica Integral - Operador Log\u00edstico<\/title>\n<meta name=\"description\" content=\"Integramos los servicios de UNITRADE y UNIADUANAS para ofrecerles un servicio log\u00edstico m\u00e1s completo. Buscamos ser socios estrat\u00e9gicos de nuestros clientes, haci\u00e9ndonos cargo de sus operaciones log\u00edsticas y acompa\u00f1\u00e1ndolos en su crecimiento.\" \/>\n<meta name=\"robots\" content=\"index, follow, max-snippet:-1, max-image-preview:large, max-video-preview:-1\" \/>\n<link rel=\"canonical\" href=\"https:\/\/unitrade.pe\/operador-logistico\/logistica-integral\/\" \/>\n<meta property=\"og:locale\" content=\"es_ES\" \/>\n<meta property=\"og:type\" content=\"article\" \/>\n<meta property=\"og:title\" content=\"Log\u00edstica Integral - Operador Log\u00edstico\" \/>\n<meta property=\"og:description\" content=\"Integramos los servicios de UNITRADE y UNIADUANAS para ofrecerles un servicio log\u00edstico m\u00e1s completo. Buscamos ser socios estrat\u00e9gicos de nuestros clientes, haci\u00e9ndonos cargo de sus operaciones log\u00edsticas y acompa\u00f1\u00e1ndolos en su crecimiento.\" \/>\n<meta property=\"og:url\" content=\"https:\/\/unitrade.pe\/operador-logistico\/logistica-integral\/\" \/>\n<meta property=\"og:site_name\" content=\"Operador Log\u00edstico\" \/>\n<meta property=\"article:modified_time\" content=\"2022-01-21T17:42:43+00:00\" \/>\n<meta name=\"twitter:card\" content=\"summary_large_image\" \/>\n<meta name=\"twitter:label1\" content=\"Est. reading time\" \/>\n\t<meta name=\"twitter:data1\" content=\"1 minuto\" \/>\n<script type=\"application\/ld+json\" class=\"yoast-schema-graph\">{\"@context\":\"https:\/\/schema.org\",\"@graph\":[{\"@type\":\"WebPage\",\"@id\":\"https:\/\/unitrade.pe\/operador-logistico\/logistica-integral\/\",\"url\":\"https:\/\/unitrade.pe\/operador-logistico\/logistica-integral\/\",\"name\":\"Log\u00edstica Integral - Operador Log\u00edstico\",\"isPartOf\":{\"@id\":\"https:\/\/unitrade.pe\/operador-logistico\/#website\"},\"datePublished\":\"2021-11-11T03:48:56+00:00\",\"dateModified\":\"2022-01-21T17:42:43+00:00\",\"description\":\"Integramos los servicios de UNITRADE y UNIADUANAS para ofrecerles un servicio log\u00edstico m\u00e1s completo. Buscamos ser socios estrat\u00e9gicos de nuestros clientes, haci\u00e9ndonos cargo de sus operaciones log\u00edsticas y acompa\u00f1\u00e1ndolos en su crecimiento.\",\"breadcrumb\":{\"@id\":\"https:\/\/unitrade.pe\/operador-logistico\/logistica-integral\/#breadcrumb\"},\"inLanguage\":\"es-PE\",\"potentialAction\":[{\"@type\":\"ReadAction\",\"target\":[\"https:\/\/unitrade.pe\/operador-logistico\/logistica-integral\/\"]}]},{\"@type\":\"BreadcrumbList\",\"@id\":\"https:\/\/unitrade.pe\/operador-logistico\/logistica-integral\/#breadcrumb\",\"itemListElement\":[{\"@type\":\"ListItem\",\"position\":1,\"name\":\"Portada\",\"item\":\"https:\/\/unitrade.pe\/operador-logistico\/\"},{\"@type\":\"ListItem\",\"position\":2,\"name\":\"Log\u00edstica Integral\"}]},{\"@type\":\"WebSite\",\"@id\":\"https:\/\/unitrade.pe\/operador-logistico\/#website\",\"url\":\"https:\/\/unitrade.pe\/operador-logistico\/\",\"name\":\"Operador Log\u00edstico\",\"description\":\"\",\"publisher\":{\"@id\":\"https:\/\/unitrade.pe\/operador-logistico\/#organization\"},\"potentialAction\":[{\"@type\":\"SearchAction\",\"target\":{\"@type\":\"EntryPoint\",\"urlTemplate\":\"https:\/\/unitrade.pe\/operador-logistico\/?s={search_term_string}\"},\"query-input\":{\"@type\":\"PropertyValueSpecification\",\"valueRequired\":true,\"valueName\":\"search_term_string\"}}],\"inLanguage\":\"es-PE\"},{\"@type\":\"Organization\",\"@id\":\"https:\/\/unitrade.pe\/operador-logistico\/#organization\",\"name\":\"Operador Log\u00edstico\",\"url\":\"https:\/\/unitrade.pe\/operador-logistico\/\",\"logo\":{\"@type\":\"ImageObject\",\"inLanguage\":\"es-PE\",\"@id\":\"https:\/\/unitrade.pe\/operador-logistico\/#\/schema\/logo\/image\/\",\"url\":\"https:\/\/unitrade.pe\/operador-logistico\/wp-content\/uploads\/sites\/2\/2021\/12\/logo-operador-logistico.svg\",\"contentUrl\":\"https:\/\/unitrade.pe\/operador-logistico\/wp-content\/uploads\/sites\/2\/2021\/12\/logo-operador-logistico.svg\",\"caption\":\"Operador Log\u00edstico\"},\"image\":{\"@id\":\"https:\/\/unitrade.pe\/operador-logistico\/#\/schema\/logo\/image\/\"}}]}<\/script>\n<!-- \/ Yoast SEO plugin. -->","yoast_head_json":{"title":"Log\u00edstica Integral - Operador Log\u00edstico","description":"Integramos los servicios de UNITRADE y UNIADUANAS para ofrecerles un servicio log\u00edstico m\u00e1s completo. Buscamos ser socios estrat\u00e9gicos de nuestros clientes, haci\u00e9ndonos cargo de sus operaciones log\u00edsticas y acompa\u00f1\u00e1ndolos en su crecimiento.","robots":{"index":"index","follow":"follow","max-snippet":"max-snippet:-1","max-image-preview":"max-image-preview:large","max-video-preview":"max-video-preview:-1"},"canonical":"https:\/\/unitrade.pe\/operador-logistico\/logistica-integral\/","og_locale":"es_ES","og_type":"article","og_title":"Log\u00edstica Integral - Operador Log\u00edstico","og_description":"Integramos los servicios de UNITRADE y UNIADUANAS para ofrecerles un servicio log\u00edstico m\u00e1s completo. Buscamos ser socios estrat\u00e9gicos de nuestros clientes, haci\u00e9ndonos cargo de sus operaciones log\u00edsticas y acompa\u00f1\u00e1ndolos en su crecimiento.","og_url":"https:\/\/unitrade.pe\/operador-logistico\/logistica-integral\/","og_site_name":"Operador Log\u00edstico","article_modified_time":"2022-01-21T17:42:43+00:00","twitter_card":"summary_large_image","twitter_misc":{"Est. reading time":"1 minuto"},"schema":{"@context":"https:\/\/schema.org","@graph":[{"@type":"WebPage","@id":"https:\/\/unitrade.pe\/operador-logistico\/logistica-integral\/","url":"https:\/\/unitrade.pe\/operador-logistico\/logistica-integral\/","name":"Log\u00edstica Integral - Operador Log\u00edstico","isPartOf":{"@id":"https:\/\/unitrade.pe\/operador-logistico\/#website"},"datePublished":"2021-11-11T03:48:56+00:00","dateModified":"2022-01-21T17:42:43+00:00","description":"Integramos los servicios de UNITRADE y UNIADUANAS para ofrecerles un servicio log\u00edstico m\u00e1s completo. Buscamos ser socios estrat\u00e9gicos de nuestros clientes, haci\u00e9ndonos cargo de sus operaciones log\u00edsticas y acompa\u00f1\u00e1ndolos en su crecimiento.","breadcrumb":{"@id":"https:\/\/unitrade.pe\/operador-logistico\/logistica-integral\/#breadcrumb"},"inLanguage":"es-PE","potentialAction":[{"@type":"ReadAction","target":["https:\/\/unitrade.pe\/operador-logistico\/logistica-integral\/"]}]},{"@type":"BreadcrumbList","@id":"https:\/\/unitrade.pe\/operador-logistico\/logistica-integral\/#breadcrumb","itemListElement":[{"@type":"ListItem","position":1,"name":"Portada","item":"https:\/\/unitrade.pe\/operador-logistico\/"},{"@type":"ListItem","position":2,"name":"Log\u00edstica Integral"}]},{"@type":"WebSite","@id":"https:\/\/unitrade.pe\/operador-logistico\/#website","url":"https:\/\/unitrade.pe\/operador-logistico\/","name":"Operador Log\u00edstico","description":"","publisher":{"@id":"https:\/\/unitrade.pe\/operador-logistico\/#organization"},"potentialAction":[{"@type":"SearchAction","target":{"@type":"EntryPoint","urlTemplate":"https:\/\/unitrade.pe\/operador-logistico\/?s={search_term_string}"},"query-input":{"@type":"PropertyValueSpecification","valueRequired":true,"valueName":"search_term_string"}}],"inLanguage":"es-PE"},{"@type":"Organization","@id":"https:\/\/unitrade.pe\/operador-logistico\/#organization","name":"Operador Log\u00edstico","url":"https:\/\/unitrade.pe\/operador-logistico\/","logo":{"@type":"ImageObject","inLanguage":"es-PE","@id":"https:\/\/unitrade.pe\/operador-logistico\/#\/schema\/logo\/image\/","url":"https:\/\/unitrade.pe\/operador-logistico\/wp-content\/uploads\/sites\/2\/2021\/12\/logo-operador-logistico.svg","contentUrl":"https:\/\/unitrade.pe\/operador-logistico\/wp-content\/uploads\/sites\/2\/2021\/12\/logo-operador-logistico.svg","caption":"Operador Log\u00edstico"},"image":{"@id":"https:\/\/unitrade.pe\/operador-logistico\/#\/schema\/logo\/image\/"}}]}},"_links":{"self":[{"href":"https:\/\/unitrade.pe\/operador-logistico\/wp-json\/wp\/v2\/pages\/52","targetHints":{"allow":["GET"]}}],"collection":[{"href":"https:\/\/unitrade.pe\/operador-logistico\/wp-json\/wp\/v2\/pages"}],"about":[{"href":"https:\/\/unitrade.pe\/operador-logistico\/wp-json\/wp\/v2\/types\/page"}],"author":[{"embeddable":true,"href":"https:\/\/unitrade.pe\/operador-logistico\/wp-json\/wp\/v2\/users\/1"}],"replies":[{"embeddable":true,"href":"https:\/\/unitrade.pe\/operador-logistico\/wp-json\/wp\/v2\/comments?post=52"}],"version-history":[{"count":2,"href":"https:\/\/unitrade.pe\/operador-logistico\/wp-json\/wp\/v2\/pages\/52\/revisions"}],"predecessor-version":[{"id":90,"href":"https:\/\/unitrade.pe\/operador-logistico\/wp-json\/wp\/v2\/pages\/52\/revisions\/90"}],"wp:attachment":[{"href":"https:\/\/unitrade.pe\/operador-logistico\/wp-json\/wp\/v2\/media?parent=52"}],"curies":[{"name":"wp","href":"https:\/\/api.w.org\/{rel}","templated":true}]}}