{"id":50,"date":"2021-11-10T22:48:38","date_gmt":"2021-11-11T03:48:38","guid":{"rendered":"https:\/\/hosting1.dsbmobile.com\/operador-logistico\/?page_id=50"},"modified":"2022-01-21T12:42:30","modified_gmt":"2022-01-21T17:42:30","slug":"transporte-y-distribucion","status":"publish","type":"page","link":"https:\/\/unitrade.pe\/operador-logistico\/transporte-y-distribucion\/","title":{"rendered":"Transporte y Distribuci\u00f3n"},"content":{"rendered":"<div class=\"d-flex align-items-center overflow-hidden\" style=\"max-height: 500px;\">\n<img decoding=\"async\" class=\"w-100\" src=\"\/operador-logistico\/wp-content\/uploads\/sites\/2\/2021\/11\/transporte-y-distribucion-1.jpg\" alt=\"\">\n<\/div><section class=\"container\" id=\"quienes-somos\">\n<div class=\"row no-gutters py-5\">\n<div class=\"col-md-5\">\n<img decoding=\"async\" class=\"w-100\" src=\"\/operador-logistico\/wp-content\/uploads\/sites\/2\/2021\/11\/transporte-y-distribucion-2.jpg\" alt=\"\">\n<\/div>\n<div class=\"col-md-1\"><\/div>\n<div class=\"col-md-6\">\n<h3 class=\"c-primary\">Transporte y Distribuci\u00f3n<\/h3>\n<p>Gestionamos los servicios de transporte y distribuci\u00f3n de sus mercanc\u00edas en unidades adecuadas seg\u00fan el tipo y volumen de las mercanc\u00edas. Todos nuestros aliados de transporte y distribuci\u00f3n cuentan con las medidas de seguridad y las coberturas de seguros necesarios para el \u00e9xito de sus operaciones.<\/p>\n<\/div>\n<\/div>\n<\/section>","protected":false},"excerpt":{"rendered":"<p>Transporte y Distribuci\u00f3n Gestionamos los servicios de transporte y distribuci\u00f3n de sus mercanc\u00edas en unidades adecuadas seg\u00fan el tipo y volumen de las mercanc\u00edas. Todos nuestros aliados de transporte y distribuci\u00f3n cuentan con las medidas de seguridad y las coberturas de seguros necesarios para el \u00e9xito de sus operaciones. [&#8230;]<\/p>\n<p><a class=\"btn btn-secondary understrap-read-more-link\" href=\"https:\/\/unitrade.pe\/operador-logistico\/transporte-y-distribucion\/\">Read More&#8230;<\/a><\/p>\n","protected":false},"author":1,"featured_media":0,"parent":0,"menu_order":0,"comment_status":"closed","ping_status":"closed","template":"","meta":{"footnotes":""},"class_list":["post-50","page","type-page","status-publish","hentry"],"yoast_head":"<!-- This site is optimized with the Yoast SEO plugin v24.3 - https:\/\/yoast.com\/wordpress\/plugins\/seo\/ -->\n<title>Transporte y Distribuci\u00f3n - Operador Log\u00edstico<\/title>\n<meta name=\"description\" content=\"Gestionamos los servicios de transporte y distribuci\u00f3n de sus mercanc\u00edas en unidades adecuadas seg\u00fan el tipo y volumen de las mercanc\u00edas. Todos nuestros aliados de transporte y distribuci\u00f3n cuentan con las medidas de seguridad y las coberturas de seguros necesarios para el \u00e9xito de sus operaciones.\" \/>\n<meta name=\"robots\" content=\"index, follow, max-snippet:-1, max-image-preview:large, max-video-preview:-1\" \/>\n<link rel=\"canonical\" href=\"https:\/\/unitrade.pe\/operador-logistico\/transporte-y-distribucion\/\" \/>\n<meta property=\"og:locale\" content=\"es_ES\" \/>\n<meta property=\"og:type\" content=\"article\" \/>\n<meta property=\"og:title\" content=\"Transporte y Distribuci\u00f3n - Operador Log\u00edstico\" \/>\n<meta property=\"og:description\" content=\"Gestionamos los servicios de transporte y distribuci\u00f3n de sus mercanc\u00edas en unidades adecuadas seg\u00fan el tipo y volumen de las mercanc\u00edas. Todos nuestros aliados de transporte y distribuci\u00f3n cuentan con las medidas de seguridad y las coberturas de seguros necesarios para el \u00e9xito de sus operaciones.\" \/>\n<meta property=\"og:url\" content=\"https:\/\/unitrade.pe\/operador-logistico\/transporte-y-distribucion\/\" \/>\n<meta property=\"og:site_name\" content=\"Operador Log\u00edstico\" \/>\n<meta property=\"article:modified_time\" content=\"2022-01-21T17:42:30+00:00\" \/>\n<meta name=\"twitter:card\" content=\"summary_large_image\" \/>\n<meta name=\"twitter:label1\" content=\"Est. reading time\" \/>\n\t<meta name=\"twitter:data1\" content=\"1 minuto\" \/>\n<script type=\"application\/ld+json\" class=\"yoast-schema-graph\">{\"@context\":\"https:\/\/schema.org\",\"@graph\":[{\"@type\":\"WebPage\",\"@id\":\"https:\/\/unitrade.pe\/operador-logistico\/transporte-y-distribucion\/\",\"url\":\"https:\/\/unitrade.pe\/operador-logistico\/transporte-y-distribucion\/\",\"name\":\"Transporte y Distribuci\u00f3n - Operador Log\u00edstico\",\"isPartOf\":{\"@id\":\"https:\/\/unitrade.pe\/operador-logistico\/#website\"},\"datePublished\":\"2021-11-11T03:48:38+00:00\",\"dateModified\":\"2022-01-21T17:42:30+00:00\",\"description\":\"Gestionamos los servicios de transporte y distribuci\u00f3n de sus mercanc\u00edas en unidades adecuadas seg\u00fan el tipo y volumen de las mercanc\u00edas. Todos nuestros aliados de transporte y distribuci\u00f3n cuentan con las medidas de seguridad y las coberturas de seguros necesarios para el \u00e9xito de sus operaciones.\",\"breadcrumb\":{\"@id\":\"https:\/\/unitrade.pe\/operador-logistico\/transporte-y-distribucion\/#breadcrumb\"},\"inLanguage\":\"es-PE\",\"potentialAction\":[{\"@type\":\"ReadAction\",\"target\":[\"https:\/\/unitrade.pe\/operador-logistico\/transporte-y-distribucion\/\"]}]},{\"@type\":\"BreadcrumbList\",\"@id\":\"https:\/\/unitrade.pe\/operador-logistico\/transporte-y-distribucion\/#breadcrumb\",\"itemListElement\":[{\"@type\":\"ListItem\",\"position\":1,\"name\":\"Portada\",\"item\":\"https:\/\/unitrade.pe\/operador-logistico\/\"},{\"@type\":\"ListItem\",\"position\":2,\"name\":\"Transporte y Distribuci\u00f3n\"}]},{\"@type\":\"WebSite\",\"@id\":\"https:\/\/unitrade.pe\/operador-logistico\/#website\",\"url\":\"https:\/\/unitrade.pe\/operador-logistico\/\",\"name\":\"Operador Log\u00edstico\",\"description\":\"\",\"publisher\":{\"@id\":\"https:\/\/unitrade.pe\/operador-logistico\/#organization\"},\"potentialAction\":[{\"@type\":\"SearchAction\",\"target\":{\"@type\":\"EntryPoint\",\"urlTemplate\":\"https:\/\/unitrade.pe\/operador-logistico\/?s={search_term_string}\"},\"query-input\":{\"@type\":\"PropertyValueSpecification\",\"valueRequired\":true,\"valueName\":\"search_term_string\"}}],\"inLanguage\":\"es-PE\"},{\"@type\":\"Organization\",\"@id\":\"https:\/\/unitrade.pe\/operador-logistico\/#organization\",\"name\":\"Operador Log\u00edstico\",\"url\":\"https:\/\/unitrade.pe\/operador-logistico\/\",\"logo\":{\"@type\":\"ImageObject\",\"inLanguage\":\"es-PE\",\"@id\":\"https:\/\/unitrade.pe\/operador-logistico\/#\/schema\/logo\/image\/\",\"url\":\"https:\/\/unitrade.pe\/operador-logistico\/wp-content\/uploads\/sites\/2\/2021\/12\/logo-operador-logistico.svg\",\"contentUrl\":\"https:\/\/unitrade.pe\/operador-logistico\/wp-content\/uploads\/sites\/2\/2021\/12\/logo-operador-logistico.svg\",\"caption\":\"Operador Log\u00edstico\"},\"image\":{\"@id\":\"https:\/\/unitrade.pe\/operador-logistico\/#\/schema\/logo\/image\/\"}}]}<\/script>\n<!-- \/ Yoast SEO plugin. -->","yoast_head_json":{"title":"Transporte y Distribuci\u00f3n - Operador Log\u00edstico","description":"Gestionamos los servicios de transporte y distribuci\u00f3n de sus mercanc\u00edas en unidades adecuadas seg\u00fan el tipo y volumen de las mercanc\u00edas. Todos nuestros aliados de transporte y distribuci\u00f3n cuentan con las medidas de seguridad y las coberturas de seguros necesarios para el \u00e9xito de sus operaciones.","robots":{"index":"index","follow":"follow","max-snippet":"max-snippet:-1","max-image-preview":"max-image-preview:large","max-video-preview":"max-video-preview:-1"},"canonical":"https:\/\/unitrade.pe\/operador-logistico\/transporte-y-distribucion\/","og_locale":"es_ES","og_type":"article","og_title":"Transporte y Distribuci\u00f3n - Operador Log\u00edstico","og_description":"Gestionamos los servicios de transporte y distribuci\u00f3n de sus mercanc\u00edas en unidades adecuadas seg\u00fan el tipo y volumen de las mercanc\u00edas. Todos nuestros aliados de transporte y distribuci\u00f3n cuentan con las medidas de seguridad y las coberturas de seguros necesarios para el \u00e9xito de sus operaciones.","og_url":"https:\/\/unitrade.pe\/operador-logistico\/transporte-y-distribucion\/","og_site_name":"Operador Log\u00edstico","article_modified_time":"2022-01-21T17:42:30+00:00","twitter_card":"summary_large_image","twitter_misc":{"Est. reading time":"1 minuto"},"schema":{"@context":"https:\/\/schema.org","@graph":[{"@type":"WebPage","@id":"https:\/\/unitrade.pe\/operador-logistico\/transporte-y-distribucion\/","url":"https:\/\/unitrade.pe\/operador-logistico\/transporte-y-distribucion\/","name":"Transporte y Distribuci\u00f3n - Operador Log\u00edstico","isPartOf":{"@id":"https:\/\/unitrade.pe\/operador-logistico\/#website"},"datePublished":"2021-11-11T03:48:38+00:00","dateModified":"2022-01-21T17:42:30+00:00","description":"Gestionamos los servicios de transporte y distribuci\u00f3n de sus mercanc\u00edas en unidades adecuadas seg\u00fan el tipo y volumen de las mercanc\u00edas. Todos nuestros aliados de transporte y distribuci\u00f3n cuentan con las medidas de seguridad y las coberturas de seguros necesarios para el \u00e9xito de sus operaciones.","breadcrumb":{"@id":"https:\/\/unitrade.pe\/operador-logistico\/transporte-y-distribucion\/#breadcrumb"},"inLanguage":"es-PE","potentialAction":[{"@type":"ReadAction","target":["https:\/\/unitrade.pe\/operador-logistico\/transporte-y-distribucion\/"]}]},{"@type":"BreadcrumbList","@id":"https:\/\/unitrade.pe\/operador-logistico\/transporte-y-distribucion\/#breadcrumb","itemListElement":[{"@type":"ListItem","position":1,"name":"Portada","item":"https:\/\/unitrade.pe\/operador-logistico\/"},{"@type":"ListItem","position":2,"name":"Transporte y Distribuci\u00f3n"}]},{"@type":"WebSite","@id":"https:\/\/unitrade.pe\/operador-logistico\/#website","url":"https:\/\/unitrade.pe\/operador-logistico\/","name":"Operador Log\u00edstico","description":"","publisher":{"@id":"https:\/\/unitrade.pe\/operador-logistico\/#organization"},"potentialAction":[{"@type":"SearchAction","target":{"@type":"EntryPoint","urlTemplate":"https:\/\/unitrade.pe\/operador-logistico\/?s={search_term_string}"},"query-input":{"@type":"PropertyValueSpecification","valueRequired":true,"valueName":"search_term_string"}}],"inLanguage":"es-PE"},{"@type":"Organization","@id":"https:\/\/unitrade.pe\/operador-logistico\/#organization","name":"Operador Log\u00edstico","url":"https:\/\/unitrade.pe\/operador-logistico\/","logo":{"@type":"ImageObject","inLanguage":"es-PE","@id":"https:\/\/unitrade.pe\/operador-logistico\/#\/schema\/logo\/image\/","url":"https:\/\/unitrade.pe\/operador-logistico\/wp-content\/uploads\/sites\/2\/2021\/12\/logo-operador-logistico.svg","contentUrl":"https:\/\/unitrade.pe\/operador-logistico\/wp-content\/uploads\/sites\/2\/2021\/12\/logo-operador-logistico.svg","caption":"Operador Log\u00edstico"},"image":{"@id":"https:\/\/unitrade.pe\/operador-logistico\/#\/schema\/logo\/image\/"}}]}},"_links":{"self":[{"href":"https:\/\/unitrade.pe\/operador-logistico\/wp-json\/wp\/v2\/pages\/50","targetHints":{"allow":["GET"]}}],"collection":[{"href":"https:\/\/unitrade.pe\/operador-logistico\/wp-json\/wp\/v2\/pages"}],"about":[{"href":"https:\/\/unitrade.pe\/operador-logistico\/wp-json\/wp\/v2\/types\/page"}],"author":[{"embeddable":true,"href":"https:\/\/unitrade.pe\/operador-logistico\/wp-json\/wp\/v2\/users\/1"}],"replies":[{"embeddable":true,"href":"https:\/\/unitrade.pe\/operador-logistico\/wp-json\/wp\/v2\/comments?post=50"}],"version-history":[{"count":2,"href":"https:\/\/unitrade.pe\/operador-logistico\/wp-json\/wp\/v2\/pages\/50\/revisions"}],"predecessor-version":[{"id":89,"href":"https:\/\/unitrade.pe\/operador-logistico\/wp-json\/wp\/v2\/pages\/50\/revisions\/89"}],"wp:attachment":[{"href":"https:\/\/unitrade.pe\/operador-logistico\/wp-json\/wp\/v2\/media?parent=50"}],"curies":[{"name":"wp","href":"https:\/\/api.w.org\/{rel}","templated":true}]}}