{"id":48,"date":"2021-11-10T22:48:01","date_gmt":"2021-11-11T03:48:01","guid":{"rendered":"https:\/\/hosting1.dsbmobile.com\/operador-logistico\/?page_id=48"},"modified":"2022-01-21T12:42:16","modified_gmt":"2022-01-21T17:42:16","slug":"servicios-de-valor-agregado","status":"publish","type":"page","link":"https:\/\/unitrade.pe\/operador-logistico\/servicios-de-valor-agregado\/","title":{"rendered":"Servicios de Valor Agregado"},"content":{"rendered":"<div class=\"d-flex align-items-center overflow-hidden\" style=\"max-height: 500px;\">\n<img decoding=\"async\" class=\"w-100\" src=\"\/operador-logistico\/wp-content\/uploads\/sites\/2\/2021\/11\/servicios-valor-agregado-1.jpg\" alt=\"\">\n<\/div><section class=\"container\" id=\"quienes-somos\">\n<div class=\"row no-gutters py-5\">\n<div class=\"col-md-5\">\n<img decoding=\"async\" class=\"w-100\" src=\"\/operador-logistico\/wp-content\/uploads\/sites\/2\/2021\/11\/servicios-valor-agregado-2.jpg\" alt=\"\">\n<\/div>\n<div class=\"col-md-1\"><\/div>\n<div class=\"col-md-6\">\n<h3 class=\"c-primary\">Servicios de Valor Agregado<\/h3>\n<p>En UNITRADE nos distinguimos por brindar los mejores Servicios de Valor Agregado a nuestros clientes, tales como los siguientes:<\/p>\n<ul>\n<li>Picking y packing<\/li>\n<li>Preparaci\u00f3n de kits o kitting<\/li>\n<li>Etiquetado y rotulado de productos<\/li>\n<li>Inspecci\u00f3n de productos y generaci\u00f3n de reportes<\/li>\n<li>Reenvase y maquila de productos<\/li>\n<li>Solicitudes de cita y coordinaciones para entregas<\/li>\n<li>Env\u00edo de informaci\u00f3n a clientes para recepci\u00f3n de carga<\/li>\n<li>Seguimiento de cada una de las entregas<\/li>\n<\/ul>\n<\/div>\n<\/div>\n<\/section>","protected":false},"excerpt":{"rendered":"<p>Servicios de Valor Agregado En UNITRADE nos distinguimos por brindar los mejores Servicios de Valor Agregado a nuestros clientes, tales como los siguientes: Picking y packing Preparaci\u00f3n de kits o kitting Etiquetado y rotulado de productos Inspecci\u00f3n de productos y generaci\u00f3n de reportes Reenvase y maquila de productos Solicitudes de cita y coordinaciones para entregas [&#8230;]<\/p>\n<p><a class=\"btn btn-secondary understrap-read-more-link\" href=\"https:\/\/unitrade.pe\/operador-logistico\/servicios-de-valor-agregado\/\">Read More&#8230;<\/a><\/p>\n","protected":false},"author":1,"featured_media":0,"parent":0,"menu_order":0,"comment_status":"closed","ping_status":"closed","template":"","meta":{"footnotes":""},"class_list":["post-48","page","type-page","status-publish","hentry"],"yoast_head":"<!-- This site is optimized with the Yoast SEO plugin v24.3 - https:\/\/yoast.com\/wordpress\/plugins\/seo\/ -->\n<title>Servicios de Valor Agregado - Operador Log\u00edstico<\/title>\n<meta name=\"description\" content=\"En UNITRADE nos distinguimos por brindar los mejores Servicios de Valor Agregado a nuestros clientes.\" \/>\n<meta name=\"robots\" content=\"index, follow, max-snippet:-1, max-image-preview:large, max-video-preview:-1\" \/>\n<link rel=\"canonical\" href=\"https:\/\/unitrade.pe\/operador-logistico\/servicios-de-valor-agregado\/\" \/>\n<meta property=\"og:locale\" content=\"es_ES\" \/>\n<meta property=\"og:type\" content=\"article\" \/>\n<meta property=\"og:title\" content=\"Servicios de Valor Agregado - Operador Log\u00edstico\" \/>\n<meta property=\"og:description\" content=\"En UNITRADE nos distinguimos por brindar los mejores Servicios de Valor Agregado a nuestros clientes.\" \/>\n<meta property=\"og:url\" content=\"https:\/\/unitrade.pe\/operador-logistico\/servicios-de-valor-agregado\/\" \/>\n<meta property=\"og:site_name\" content=\"Operador Log\u00edstico\" \/>\n<meta property=\"article:modified_time\" content=\"2022-01-21T17:42:16+00:00\" \/>\n<meta name=\"twitter:card\" content=\"summary_large_image\" \/>\n<meta name=\"twitter:label1\" content=\"Est. reading time\" \/>\n\t<meta name=\"twitter:data1\" content=\"1 minuto\" \/>\n<script type=\"application\/ld+json\" class=\"yoast-schema-graph\">{\"@context\":\"https:\/\/schema.org\",\"@graph\":[{\"@type\":\"WebPage\",\"@id\":\"https:\/\/unitrade.pe\/operador-logistico\/servicios-de-valor-agregado\/\",\"url\":\"https:\/\/unitrade.pe\/operador-logistico\/servicios-de-valor-agregado\/\",\"name\":\"Servicios de Valor Agregado - Operador Log\u00edstico\",\"isPartOf\":{\"@id\":\"https:\/\/unitrade.pe\/operador-logistico\/#website\"},\"datePublished\":\"2021-11-11T03:48:01+00:00\",\"dateModified\":\"2022-01-21T17:42:16+00:00\",\"description\":\"En UNITRADE nos distinguimos por brindar los mejores Servicios de Valor Agregado a nuestros clientes.\",\"breadcrumb\":{\"@id\":\"https:\/\/unitrade.pe\/operador-logistico\/servicios-de-valor-agregado\/#breadcrumb\"},\"inLanguage\":\"es-PE\",\"potentialAction\":[{\"@type\":\"ReadAction\",\"target\":[\"https:\/\/unitrade.pe\/operador-logistico\/servicios-de-valor-agregado\/\"]}]},{\"@type\":\"BreadcrumbList\",\"@id\":\"https:\/\/unitrade.pe\/operador-logistico\/servicios-de-valor-agregado\/#breadcrumb\",\"itemListElement\":[{\"@type\":\"ListItem\",\"position\":1,\"name\":\"Portada\",\"item\":\"https:\/\/unitrade.pe\/operador-logistico\/\"},{\"@type\":\"ListItem\",\"position\":2,\"name\":\"Servicios de Valor Agregado\"}]},{\"@type\":\"WebSite\",\"@id\":\"https:\/\/unitrade.pe\/operador-logistico\/#website\",\"url\":\"https:\/\/unitrade.pe\/operador-logistico\/\",\"name\":\"Operador Log\u00edstico\",\"description\":\"\",\"publisher\":{\"@id\":\"https:\/\/unitrade.pe\/operador-logistico\/#organization\"},\"potentialAction\":[{\"@type\":\"SearchAction\",\"target\":{\"@type\":\"EntryPoint\",\"urlTemplate\":\"https:\/\/unitrade.pe\/operador-logistico\/?s={search_term_string}\"},\"query-input\":{\"@type\":\"PropertyValueSpecification\",\"valueRequired\":true,\"valueName\":\"search_term_string\"}}],\"inLanguage\":\"es-PE\"},{\"@type\":\"Organization\",\"@id\":\"https:\/\/unitrade.pe\/operador-logistico\/#organization\",\"name\":\"Operador Log\u00edstico\",\"url\":\"https:\/\/unitrade.pe\/operador-logistico\/\",\"logo\":{\"@type\":\"ImageObject\",\"inLanguage\":\"es-PE\",\"@id\":\"https:\/\/unitrade.pe\/operador-logistico\/#\/schema\/logo\/image\/\",\"url\":\"https:\/\/unitrade.pe\/operador-logistico\/wp-content\/uploads\/sites\/2\/2021\/12\/logo-operador-logistico.svg\",\"contentUrl\":\"https:\/\/unitrade.pe\/operador-logistico\/wp-content\/uploads\/sites\/2\/2021\/12\/logo-operador-logistico.svg\",\"caption\":\"Operador Log\u00edstico\"},\"image\":{\"@id\":\"https:\/\/unitrade.pe\/operador-logistico\/#\/schema\/logo\/image\/\"}}]}<\/script>\n<!-- \/ Yoast SEO plugin. -->","yoast_head_json":{"title":"Servicios de Valor Agregado - Operador Log\u00edstico","description":"En UNITRADE nos distinguimos por brindar los mejores Servicios de Valor Agregado a nuestros clientes.","robots":{"index":"index","follow":"follow","max-snippet":"max-snippet:-1","max-image-preview":"max-image-preview:large","max-video-preview":"max-video-preview:-1"},"canonical":"https:\/\/unitrade.pe\/operador-logistico\/servicios-de-valor-agregado\/","og_locale":"es_ES","og_type":"article","og_title":"Servicios de Valor Agregado - Operador Log\u00edstico","og_description":"En UNITRADE nos distinguimos por brindar los mejores Servicios de Valor Agregado a nuestros clientes.","og_url":"https:\/\/unitrade.pe\/operador-logistico\/servicios-de-valor-agregado\/","og_site_name":"Operador Log\u00edstico","article_modified_time":"2022-01-21T17:42:16+00:00","twitter_card":"summary_large_image","twitter_misc":{"Est. reading time":"1 minuto"},"schema":{"@context":"https:\/\/schema.org","@graph":[{"@type":"WebPage","@id":"https:\/\/unitrade.pe\/operador-logistico\/servicios-de-valor-agregado\/","url":"https:\/\/unitrade.pe\/operador-logistico\/servicios-de-valor-agregado\/","name":"Servicios de Valor Agregado - Operador Log\u00edstico","isPartOf":{"@id":"https:\/\/unitrade.pe\/operador-logistico\/#website"},"datePublished":"2021-11-11T03:48:01+00:00","dateModified":"2022-01-21T17:42:16+00:00","description":"En UNITRADE nos distinguimos por brindar los mejores Servicios de Valor Agregado a nuestros clientes.","breadcrumb":{"@id":"https:\/\/unitrade.pe\/operador-logistico\/servicios-de-valor-agregado\/#breadcrumb"},"inLanguage":"es-PE","potentialAction":[{"@type":"ReadAction","target":["https:\/\/unitrade.pe\/operador-logistico\/servicios-de-valor-agregado\/"]}]},{"@type":"BreadcrumbList","@id":"https:\/\/unitrade.pe\/operador-logistico\/servicios-de-valor-agregado\/#breadcrumb","itemListElement":[{"@type":"ListItem","position":1,"name":"Portada","item":"https:\/\/unitrade.pe\/operador-logistico\/"},{"@type":"ListItem","position":2,"name":"Servicios de Valor Agregado"}]},{"@type":"WebSite","@id":"https:\/\/unitrade.pe\/operador-logistico\/#website","url":"https:\/\/unitrade.pe\/operador-logistico\/","name":"Operador Log\u00edstico","description":"","publisher":{"@id":"https:\/\/unitrade.pe\/operador-logistico\/#organization"},"potentialAction":[{"@type":"SearchAction","target":{"@type":"EntryPoint","urlTemplate":"https:\/\/unitrade.pe\/operador-logistico\/?s={search_term_string}"},"query-input":{"@type":"PropertyValueSpecification","valueRequired":true,"valueName":"search_term_string"}}],"inLanguage":"es-PE"},{"@type":"Organization","@id":"https:\/\/unitrade.pe\/operador-logistico\/#organization","name":"Operador Log\u00edstico","url":"https:\/\/unitrade.pe\/operador-logistico\/","logo":{"@type":"ImageObject","inLanguage":"es-PE","@id":"https:\/\/unitrade.pe\/operador-logistico\/#\/schema\/logo\/image\/","url":"https:\/\/unitrade.pe\/operador-logistico\/wp-content\/uploads\/sites\/2\/2021\/12\/logo-operador-logistico.svg","contentUrl":"https:\/\/unitrade.pe\/operador-logistico\/wp-content\/uploads\/sites\/2\/2021\/12\/logo-operador-logistico.svg","caption":"Operador Log\u00edstico"},"image":{"@id":"https:\/\/unitrade.pe\/operador-logistico\/#\/schema\/logo\/image\/"}}]}},"_links":{"self":[{"href":"https:\/\/unitrade.pe\/operador-logistico\/wp-json\/wp\/v2\/pages\/48","targetHints":{"allow":["GET"]}}],"collection":[{"href":"https:\/\/unitrade.pe\/operador-logistico\/wp-json\/wp\/v2\/pages"}],"about":[{"href":"https:\/\/unitrade.pe\/operador-logistico\/wp-json\/wp\/v2\/types\/page"}],"author":[{"embeddable":true,"href":"https:\/\/unitrade.pe\/operador-logistico\/wp-json\/wp\/v2\/users\/1"}],"replies":[{"embeddable":true,"href":"https:\/\/unitrade.pe\/operador-logistico\/wp-json\/wp\/v2\/comments?post=48"}],"version-history":[{"count":2,"href":"https:\/\/unitrade.pe\/operador-logistico\/wp-json\/wp\/v2\/pages\/48\/revisions"}],"predecessor-version":[{"id":88,"href":"https:\/\/unitrade.pe\/operador-logistico\/wp-json\/wp\/v2\/pages\/48\/revisions\/88"}],"wp:attachment":[{"href":"https:\/\/unitrade.pe\/operador-logistico\/wp-json\/wp\/v2\/media?parent=48"}],"curies":[{"name":"wp","href":"https:\/\/api.w.org\/{rel}","templated":true}]}}