{"id":22,"date":"2021-11-10T21:05:38","date_gmt":"2021-11-11T02:05:38","guid":{"rendered":"https:\/\/hosting1.dsbmobile.com\/operador-logistico\/?page_id=22"},"modified":"2023-10-22T11:29:24","modified_gmt":"2023-10-22T16:29:24","slug":"almacenamiento","status":"publish","type":"page","link":"https:\/\/unitrade.pe\/operador-logistico\/","title":{"rendered":"Inicio"},"content":{"rendered":"<div id=\"carouselExampleIndicators\" class=\"carousel slide\" data-ride=\"carousel\">\n  <ol class=\"carousel-indicators\">\n    <li data-target=\"#carouselExampleIndicators\" data-slide-to=\"0\" class=\"active\"><\/li>\n    <li data-target=\"#carouselExampleIndicators\" data-slide-to=\"1\"><\/li>\n    <li data-target=\"#carouselExampleIndicators\" data-slide-to=\"2\"><\/li>\n    <li data-target=\"#carouselExampleIndicators\" data-slide-to=\"3\"><\/li>\n    <li data-target=\"#carouselExampleIndicators\" data-slide-to=\"4\"><\/li>\n  <\/ol>\n  <div class=\"carousel-inner\">\n    <div class=\"carousel-item active\">\n      <img decoding=\"async\" class=\"d-block w-100 carousel-opacity\" src=\"\/operador-logistico\/wp-content\/uploads\/sites\/2\/2021\/11\/home-1.jpg\">\n<div class=\"carousel-caption\">\n        Contamos con la infraestructura adecuada para el almacenamiento de distintos tipos de mercanc\u00edas, ya sea bajo las modalidades de Dep\u00f3sito Simple o Dep\u00f3sito Aduanero. \n      <\/div>\n    <\/div>\n    <div class=\"carousel-item\">\n      <img decoding=\"async\" class=\"d-block w-100 carousel-opacity\" src=\"\/operador-logistico\/wp-content\/uploads\/sites\/2\/2021\/11\/home-2.jpg\">\n<div class=\"carousel-caption\">\n        Nos encontramos estrat\u00e9gicamente ubicados cerca del Aeropuerto Internacional Jorge Ch\u00e1vez, del Puerto del Callao y de las principales carreteras del pa\u00eds. \n      <\/div>\n    <\/div>\n    <div class=\"carousel-item\">\n      <img decoding=\"async\" class=\"d-block w-100 carousel-opacity\" src=\"\/operador-logistico\/wp-content\/uploads\/sites\/2\/2021\/11\/home-3.jpg\">\n<div class=\"carousel-caption\">\n        \u00a1Somos expertos en log\u00edstica, somos UNITRADE \u2013 Operador Log\u00edstico!\n      <\/div>\n    <\/div>\n    <div class=\"carousel-item\">\n      <img decoding=\"async\" class=\"d-block w-100\" src=\"\/operador-logistico\/wp-content\/uploads\/sites\/2\/2021\/11\/home-4.jpg\">\n    <\/div>\n    <div class=\"carousel-item\">\n      <img decoding=\"async\" class=\"d-block w-100\" src=\"\/operador-logistico\/wp-content\/uploads\/sites\/2\/2021\/11\/home-5.jpg\">\n    <\/div>\n  <\/div>\n  <a class=\"carousel-control-prev\" href=\"#carouselExampleIndicators\" role=\"button\" data-slide=\"prev\">\n    <span class=\"carousel-control-prev-icon\" aria-hidden=\"true\"><\/span>\n    <span class=\"sr-only\">Previous<\/span>\n  <\/a>\n  <a class=\"carousel-control-next\" href=\"#carouselExampleIndicators\" role=\"button\" data-slide=\"next\">\n    <span class=\"carousel-control-next-icon\" aria-hidden=\"true\"><\/span>\n    <span class=\"sr-only\">Next<\/span>\n  <\/a>\n<\/div>","protected":false},"excerpt":{"rendered":"<p>Contamos con la infraestructura adecuada para el almacenamiento de distintos tipos de mercanc\u00edas, ya sea bajo las modalidades de Dep\u00f3sito Simple o Dep\u00f3sito Aduanero. Nos encontramos estrat\u00e9gicamente ubicados cerca del Aeropuerto Internacional Jorge Ch\u00e1vez, del Puerto del Callao y de las principales carreteras del pa\u00eds. \u00a1Somos expertos en log\u00edstica, somos UNITRADE \u2013 Operador Log\u00edstico! Previous [&#8230;]<\/p>\n<p><a class=\"btn btn-secondary understrap-read-more-link\" href=\"https:\/\/unitrade.pe\/operador-logistico\/\">Read More&#8230;<\/a><\/p>\n","protected":false},"author":1,"featured_media":0,"parent":0,"menu_order":0,"comment_status":"closed","ping_status":"closed","template":"","meta":{"footnotes":""},"class_list":["post-22","page","type-page","status-publish","hentry"],"yoast_head":"<!-- This site is optimized with the Yoast SEO plugin v24.3 - https:\/\/yoast.com\/wordpress\/plugins\/seo\/ -->\n<title>Inicio - Operador Log\u00edstico<\/title>\n<meta name=\"description\" content=\"Contamos con la infraestructura adecuada para el almacenamiento de distintos tipos de mercanc\u00edas, ya sea bajo las modalidades de Dep\u00f3sito Simple o Dep\u00f3sito Aduanero.\" \/>\n<meta name=\"robots\" content=\"index, follow, max-snippet:-1, max-image-preview:large, max-video-preview:-1\" \/>\n<link rel=\"canonical\" href=\"https:\/\/unitrade.pe\/operador-logistico\/\" \/>\n<meta property=\"og:locale\" content=\"es_ES\" \/>\n<meta property=\"og:type\" content=\"article\" \/>\n<meta property=\"og:title\" content=\"Inicio - Operador Log\u00edstico\" \/>\n<meta property=\"og:description\" content=\"Contamos con la infraestructura adecuada para el almacenamiento de distintos tipos de mercanc\u00edas, ya sea bajo las modalidades de Dep\u00f3sito Simple o Dep\u00f3sito Aduanero.\" \/>\n<meta property=\"og:url\" content=\"https:\/\/unitrade.pe\/operador-logistico\/\" \/>\n<meta property=\"og:site_name\" content=\"Operador Log\u00edstico\" \/>\n<meta property=\"article:modified_time\" content=\"2023-10-22T16:29:24+00:00\" \/>\n<meta name=\"twitter:card\" content=\"summary_large_image\" \/>\n<meta name=\"twitter:label1\" content=\"Est. reading time\" \/>\n\t<meta name=\"twitter:data1\" content=\"2 minutos\" \/>\n<script type=\"application\/ld+json\" class=\"yoast-schema-graph\">{\"@context\":\"https:\/\/schema.org\",\"@graph\":[{\"@type\":\"WebPage\",\"@id\":\"https:\/\/unitrade.pe\/operador-logistico\/\",\"url\":\"https:\/\/unitrade.pe\/operador-logistico\/\",\"name\":\"Inicio - Operador Log\u00edstico\",\"isPartOf\":{\"@id\":\"https:\/\/unitrade.pe\/operador-logistico\/#website\"},\"datePublished\":\"2021-11-11T02:05:38+00:00\",\"dateModified\":\"2023-10-22T16:29:24+00:00\",\"description\":\"Contamos con la infraestructura adecuada para el almacenamiento de distintos tipos de mercanc\u00edas, ya sea bajo las modalidades de Dep\u00f3sito Simple o Dep\u00f3sito Aduanero.\",\"breadcrumb\":{\"@id\":\"https:\/\/unitrade.pe\/operador-logistico\/#breadcrumb\"},\"inLanguage\":\"es-PE\",\"potentialAction\":[{\"@type\":\"ReadAction\",\"target\":[\"https:\/\/unitrade.pe\/operador-logistico\/\"]}]},{\"@type\":\"BreadcrumbList\",\"@id\":\"https:\/\/unitrade.pe\/operador-logistico\/#breadcrumb\",\"itemListElement\":[{\"@type\":\"ListItem\",\"position\":1,\"name\":\"Portada\",\"item\":\"https:\/\/unitrade.pe\/operador-logistico\/\"},{\"@type\":\"ListItem\",\"position\":2,\"name\":\"Inicio\"}]},{\"@type\":\"WebSite\",\"@id\":\"https:\/\/unitrade.pe\/operador-logistico\/#website\",\"url\":\"https:\/\/unitrade.pe\/operador-logistico\/\",\"name\":\"Operador Log\u00edstico\",\"description\":\"\",\"publisher\":{\"@id\":\"https:\/\/unitrade.pe\/operador-logistico\/#organization\"},\"potentialAction\":[{\"@type\":\"SearchAction\",\"target\":{\"@type\":\"EntryPoint\",\"urlTemplate\":\"https:\/\/unitrade.pe\/operador-logistico\/?s={search_term_string}\"},\"query-input\":{\"@type\":\"PropertyValueSpecification\",\"valueRequired\":true,\"valueName\":\"search_term_string\"}}],\"inLanguage\":\"es-PE\"},{\"@type\":\"Organization\",\"@id\":\"https:\/\/unitrade.pe\/operador-logistico\/#organization\",\"name\":\"Operador Log\u00edstico\",\"url\":\"https:\/\/unitrade.pe\/operador-logistico\/\",\"logo\":{\"@type\":\"ImageObject\",\"inLanguage\":\"es-PE\",\"@id\":\"https:\/\/unitrade.pe\/operador-logistico\/#\/schema\/logo\/image\/\",\"url\":\"https:\/\/unitrade.pe\/operador-logistico\/wp-content\/uploads\/sites\/2\/2021\/12\/logo-operador-logistico.svg\",\"contentUrl\":\"https:\/\/unitrade.pe\/operador-logistico\/wp-content\/uploads\/sites\/2\/2021\/12\/logo-operador-logistico.svg\",\"caption\":\"Operador Log\u00edstico\"},\"image\":{\"@id\":\"https:\/\/unitrade.pe\/operador-logistico\/#\/schema\/logo\/image\/\"}}]}<\/script>\n<!-- \/ Yoast SEO plugin. -->","yoast_head_json":{"title":"Inicio - Operador Log\u00edstico","description":"Contamos con la infraestructura adecuada para el almacenamiento de distintos tipos de mercanc\u00edas, ya sea bajo las modalidades de Dep\u00f3sito Simple o Dep\u00f3sito Aduanero.","robots":{"index":"index","follow":"follow","max-snippet":"max-snippet:-1","max-image-preview":"max-image-preview:large","max-video-preview":"max-video-preview:-1"},"canonical":"https:\/\/unitrade.pe\/operador-logistico\/","og_locale":"es_ES","og_type":"article","og_title":"Inicio - Operador Log\u00edstico","og_description":"Contamos con la infraestructura adecuada para el almacenamiento de distintos tipos de mercanc\u00edas, ya sea bajo las modalidades de Dep\u00f3sito Simple o Dep\u00f3sito Aduanero.","og_url":"https:\/\/unitrade.pe\/operador-logistico\/","og_site_name":"Operador Log\u00edstico","article_modified_time":"2023-10-22T16:29:24+00:00","twitter_card":"summary_large_image","twitter_misc":{"Est. reading time":"2 minutos"},"schema":{"@context":"https:\/\/schema.org","@graph":[{"@type":"WebPage","@id":"https:\/\/unitrade.pe\/operador-logistico\/","url":"https:\/\/unitrade.pe\/operador-logistico\/","name":"Inicio - Operador Log\u00edstico","isPartOf":{"@id":"https:\/\/unitrade.pe\/operador-logistico\/#website"},"datePublished":"2021-11-11T02:05:38+00:00","dateModified":"2023-10-22T16:29:24+00:00","description":"Contamos con la infraestructura adecuada para el almacenamiento de distintos tipos de mercanc\u00edas, ya sea bajo las modalidades de Dep\u00f3sito Simple o Dep\u00f3sito Aduanero.","breadcrumb":{"@id":"https:\/\/unitrade.pe\/operador-logistico\/#breadcrumb"},"inLanguage":"es-PE","potentialAction":[{"@type":"ReadAction","target":["https:\/\/unitrade.pe\/operador-logistico\/"]}]},{"@type":"BreadcrumbList","@id":"https:\/\/unitrade.pe\/operador-logistico\/#breadcrumb","itemListElement":[{"@type":"ListItem","position":1,"name":"Portada","item":"https:\/\/unitrade.pe\/operador-logistico\/"},{"@type":"ListItem","position":2,"name":"Inicio"}]},{"@type":"WebSite","@id":"https:\/\/unitrade.pe\/operador-logistico\/#website","url":"https:\/\/unitrade.pe\/operador-logistico\/","name":"Operador Log\u00edstico","description":"","publisher":{"@id":"https:\/\/unitrade.pe\/operador-logistico\/#organization"},"potentialAction":[{"@type":"SearchAction","target":{"@type":"EntryPoint","urlTemplate":"https:\/\/unitrade.pe\/operador-logistico\/?s={search_term_string}"},"query-input":{"@type":"PropertyValueSpecification","valueRequired":true,"valueName":"search_term_string"}}],"inLanguage":"es-PE"},{"@type":"Organization","@id":"https:\/\/unitrade.pe\/operador-logistico\/#organization","name":"Operador Log\u00edstico","url":"https:\/\/unitrade.pe\/operador-logistico\/","logo":{"@type":"ImageObject","inLanguage":"es-PE","@id":"https:\/\/unitrade.pe\/operador-logistico\/#\/schema\/logo\/image\/","url":"https:\/\/unitrade.pe\/operador-logistico\/wp-content\/uploads\/sites\/2\/2021\/12\/logo-operador-logistico.svg","contentUrl":"https:\/\/unitrade.pe\/operador-logistico\/wp-content\/uploads\/sites\/2\/2021\/12\/logo-operador-logistico.svg","caption":"Operador Log\u00edstico"},"image":{"@id":"https:\/\/unitrade.pe\/operador-logistico\/#\/schema\/logo\/image\/"}}]}},"_links":{"self":[{"href":"https:\/\/unitrade.pe\/operador-logistico\/wp-json\/wp\/v2\/pages\/22","targetHints":{"allow":["GET"]}}],"collection":[{"href":"https:\/\/unitrade.pe\/operador-logistico\/wp-json\/wp\/v2\/pages"}],"about":[{"href":"https:\/\/unitrade.pe\/operador-logistico\/wp-json\/wp\/v2\/types\/page"}],"author":[{"embeddable":true,"href":"https:\/\/unitrade.pe\/operador-logistico\/wp-json\/wp\/v2\/users\/1"}],"replies":[{"embeddable":true,"href":"https:\/\/unitrade.pe\/operador-logistico\/wp-json\/wp\/v2\/comments?post=22"}],"version-history":[{"count":5,"href":"https:\/\/unitrade.pe\/operador-logistico\/wp-json\/wp\/v2\/pages\/22\/revisions"}],"predecessor-version":[{"id":34,"href":"https:\/\/unitrade.pe\/operador-logistico\/wp-json\/wp\/v2\/pages\/22\/revisions\/34"}],"wp:attachment":[{"href":"https:\/\/unitrade.pe\/operador-logistico\/wp-json\/wp\/v2\/media?parent=22"}],"curies":[{"name":"wp","href":"https:\/\/api.w.org\/{rel}","templated":true}]}}